{"id":994,"date":"2021-09-17T14:31:55","date_gmt":"2021-09-17T14:31:55","guid":{"rendered":"https:\/\/xn--criar-site-criao-sites-r4b9g.com.br\/provas-wp\/multipat\/?page_id=994"},"modified":"2023-02-16T11:58:40","modified_gmt":"2023-02-16T11:58:40","slug":"equipe-medica-dra-karina-da-silva-araujo","status":"publish","type":"page","link":"https:\/\/www.multipat.com.br\/site\/equipe-do-laboratorio-multipat\/equipe-medica-dra-karina-da-silva-araujo\/","title":{"rendered":"Dra. Karina Da Silva Ara\u00fajo"},"content":{"rendered":"<div id=\"pl-994\"  class=\"panel-layout\" ><div id=\"pg-994-0\"  class=\"panel-grid panel-has-style\" ><div class=\"conteudo-medicos panel-row-style panel-row-style-for-994-0\" ><div id=\"pgc-994-0-0\"  class=\"panel-grid-cell\" ><div id=\"panel-994-0-0-0\" class=\"so-panel widget widget_media_image panel-first-child\" data-index=\"0\" ><img loading=\"lazy\" decoding=\"async\" width=\"300\" height=\"297\" src=\"https:\/\/www.multipat.com.br\/site\/wp-content\/uploads\/2021\/08\/icone-medicos-sem-fundo-300x297.png\" class=\"image wp-image-925  attachment-medium size-medium\" alt=\"\" style=\"max-width: 100%; height: auto;\" srcset=\"https:\/\/www.multipat.com.br\/site\/wp-content\/uploads\/2021\/08\/icone-medicos-sem-fundo-300x297.png 300w, https:\/\/www.multipat.com.br\/site\/wp-content\/uploads\/2021\/08\/icone-medicos-sem-fundo-150x150.png 150w, https:\/\/www.multipat.com.br\/site\/wp-content\/uploads\/2021\/08\/icone-medicos-sem-fundo.png 502w\" sizes=\"(max-width: 300px) 100vw, 300px\" \/><\/div><div id=\"panel-994-0-0-1\" class=\"so-panel widget widget_sow-editor\" data-index=\"1\" ><div\n\t\t\t\n\t\t\tclass=\"so-widget-sow-editor so-widget-sow-editor-base\"\n\t\t\t\n\t\t><h3 class=\"widget-title\">Dra. Karina  Da Silva Ara\u00fajo <\/h3>\n<div class=\"siteorigin-widget-tinymce textwidget\">\n\t<p>Possui gradua\u00e7\u00e3o em Medicina pela Universidade Federal do Esp\u00edrito Santo (Vit\u00f3ria\/ES em 2013) e resid\u00eancia m\u00e9dica em Anatomia Patol\u00f3gica pela Universidade Estadual de Campinas (Unicamp\/ 2018). Obteve o t\u00edtulo de especialista pela Sociedade Brasileira de Patologia\/Associa\u00e7\u00e3o M\u00e9dica Brasileira em 2021. Realizou est\u00e1gios relacionados \u00e0s \u00e1reas de Patologia Geral, Patologia Feto-Placent\u00e1ria, Patologia Pedi\u00e1trica, Citopatologia, Hematopatologia e Dermatopatologia nos seguintes servi\u00e7os: Universidade Federal do Esp\u00edrito Santo \u2013 UFES (Vit\u00f3ria - ES, 2008 a 2013); Universidade Federal de S\u00e3o Paulo \u2013 Unifesp (S\u00e3o Paulo, SP, 2016 e 2017); Universidade Estadual de Campinas (S\u00e3o Paulo, SP, 2017). <code><strong>RQE\/SP: 98257 \/ CRM\/SP: 100899<\/strong><\/code><\/p>\n<\/div>\n<\/div><\/div><div id=\"panel-994-0-0-2\" class=\"so-panel widget widget_sow-editor panel-last-child\" data-index=\"2\" ><div\n\t\t\t\n\t\t\tclass=\"so-widget-sow-editor so-widget-sow-editor-base\"\n\t\t\t\n\t\t>\n<div class=\"siteorigin-widget-tinymce textwidget\">\n\t<p style=\"text-align: center;\">Curriculum Lattes,\u00a0<a href=\"http:\/\/lattes.cnpq.br\/1029225477042014\">clique aqui<\/a><\/p>\n<\/div>\n<\/div><\/div><\/div><\/div><\/div><\/div>","protected":false},"excerpt":{"rendered":"<p>Possui gradua\u00e7\u00e3o em Medicina pela Universidade Federal do Esp\u00edrito Santo (Vit\u00f3ria\/ES em 2013) e resid\u00eancia m\u00e9dica em Anatomia Patol\u00f3gica pela Universidade Estadual de Campinas (Unicamp\/ 2018). Obteve o t\u00edtulo de especialista pela Sociedade Brasileira de Patologia\/Associa\u00e7\u00e3o M\u00e9dica Brasileira em 2021. Realizou est\u00e1gios relacionados \u00e0s \u00e1reas de Patologia Geral, Patologia Feto-Placent\u00e1ria, Patologia Pedi\u00e1trica, Citopatologia, Hematopatologia e [&hellip;]<\/p>\n","protected":false},"author":5,"featured_media":0,"parent":99,"menu_order":0,"comment_status":"closed","ping_status":"closed","template":"","meta":{"footnotes":""},"acf":[],"yoast_head":"<!-- This site is optimized with the Yoast SEO plugin v19.2 - https:\/\/yoast.com\/wordpress\/plugins\/seo\/ -->\r\n<title>Dra. Karina Da Silva Ara\u00fajo - Multipat - Laborat\u00f3rio m\u00e9dico privado que presta diagn\u00f3sticos de Anatomia Patol\u00f3gica, Citopatologia Diagn\u00f3stica e Patologia Molecular em Jardim Guanabara - Campinas.<\/title>\r\n<meta name=\"robots\" content=\"index, follow, max-snippet:-1, max-image-preview:large, max-video-preview:-1\" \/>\r\n<link rel=\"canonical\" href=\"https:\/\/www.multipat.com.br\/site\/equipe-do-laboratorio-multipat\/equipe-medica-dra-karina-da-silva-araujo\/\" \/>\r\n<meta property=\"og:locale\" content=\"pt_BR\" \/>\r\n<meta property=\"og:type\" content=\"article\" \/>\r\n<meta property=\"og:title\" content=\"Dra. Karina Da Silva Ara\u00fajo - Multipat - Laborat\u00f3rio m\u00e9dico privado que presta diagn\u00f3sticos de Anatomia Patol\u00f3gica, Citopatologia Diagn\u00f3stica e Patologia Molecular em Jardim Guanabara - Campinas.\" \/>\r\n<meta property=\"og:description\" content=\"Possui gradua\u00e7\u00e3o em Medicina pela Universidade Federal do Esp\u00edrito Santo (Vit\u00f3ria\/ES em 2013) e resid\u00eancia m\u00e9dica em Anatomia Patol\u00f3gica pela Universidade Estadual de Campinas (Unicamp\/ 2018). Obteve o t\u00edtulo de especialista pela Sociedade Brasileira de Patologia\/Associa\u00e7\u00e3o M\u00e9dica Brasileira em 2021. Realizou est\u00e1gios relacionados \u00e0s \u00e1reas de Patologia Geral, Patologia Feto-Placent\u00e1ria, Patologia Pedi\u00e1trica, Citopatologia, Hematopatologia e [&hellip;]\" \/>\r\n<meta property=\"og:url\" content=\"https:\/\/www.multipat.com.br\/site\/equipe-do-laboratorio-multipat\/equipe-medica-dra-karina-da-silva-araujo\/\" \/>\r\n<meta property=\"og:site_name\" content=\"Multipat - Laborat\u00f3rio m\u00e9dico privado que presta diagn\u00f3sticos de Anatomia Patol\u00f3gica, Citopatologia Diagn\u00f3stica e Patologia Molecular em Jardim Guanabara - Campinas.\" \/>\r\n<meta property=\"article:modified_time\" content=\"2023-02-16T11:58:40+00:00\" \/>\r\n<meta name=\"author\" content=\"Desenvolvedor Projeto Web\" \/>\r\n<meta name=\"twitter:card\" content=\"summary_large_image\" \/>\r\n<meta name=\"twitter:label1\" content=\"Est. tempo de leitura\" \/>\n\t<meta name=\"twitter:data1\" content=\"1 minuto\" \/>\r\n<script type=\"application\/ld+json\" class=\"yoast-schema-graph\">{\"@context\":\"https:\/\/schema.org\",\"@graph\":[{\"@type\":\"WebSite\",\"@id\":\"http:\/\/www.multipat.com.br\/site\/#website\",\"url\":\"http:\/\/www.multipat.com.br\/site\/\",\"name\":\"Multipat - Laborat\u00f3rio m\u00e9dico privado que presta diagn\u00f3sticos de Anatomia Patol\u00f3gica, Citopatologia Diagn\u00f3stica e Patologia Molecular em Jardim Guanabara - Campinas.\",\"description\":\"Multipat - Laborat\u00f3rio m\u00e9dico privado que presta diagn\u00f3sticos de Anatomia Patol\u00f3gica, Citopatologia Diagn\u00f3stica e Patologia Molecular em Jardim Guanabara - Campinas.\",\"potentialAction\":[{\"@type\":\"SearchAction\",\"target\":{\"@type\":\"EntryPoint\",\"urlTemplate\":\"http:\/\/www.multipat.com.br\/site\/?s={search_term_string}\"},\"query-input\":\"required name=search_term_string\"}],\"inLanguage\":\"pt-BR\"},{\"@type\":\"WebPage\",\"@id\":\"https:\/\/www.multipat.com.br\/site\/equipe-do-laboratorio-multipat\/equipe-medica-dra-karina-da-silva-araujo\/#webpage\",\"url\":\"https:\/\/www.multipat.com.br\/site\/equipe-do-laboratorio-multipat\/equipe-medica-dra-karina-da-silva-araujo\/\",\"name\":\"Dra. Karina Da Silva Ara\u00fajo - Multipat - Laborat\u00f3rio m\u00e9dico privado que presta diagn\u00f3sticos de Anatomia Patol\u00f3gica, Citopatologia Diagn\u00f3stica e Patologia Molecular em Jardim Guanabara - Campinas.\",\"isPartOf\":{\"@id\":\"http:\/\/www.multipat.com.br\/site\/#website\"},\"datePublished\":\"2021-09-17T14:31:55+00:00\",\"dateModified\":\"2023-02-16T11:58:40+00:00\",\"breadcrumb\":{\"@id\":\"https:\/\/www.multipat.com.br\/site\/equipe-do-laboratorio-multipat\/equipe-medica-dra-karina-da-silva-araujo\/#breadcrumb\"},\"inLanguage\":\"pt-BR\",\"potentialAction\":[{\"@type\":\"ReadAction\",\"target\":[\"https:\/\/www.multipat.com.br\/site\/equipe-do-laboratorio-multipat\/equipe-medica-dra-karina-da-silva-araujo\/\"]}]},{\"@type\":\"BreadcrumbList\",\"@id\":\"https:\/\/www.multipat.com.br\/site\/equipe-do-laboratorio-multipat\/equipe-medica-dra-karina-da-silva-araujo\/#breadcrumb\",\"itemListElement\":[{\"@type\":\"ListItem\",\"position\":1,\"name\":\"In\u00edcio\",\"item\":\"http:\/\/www.multipat.com.br\/site\/\"},{\"@type\":\"ListItem\",\"position\":2,\"name\":\"Equipe M\u00e9dica\",\"item\":\"https:\/\/www.multipat.com.br\/site\/equipe-do-laboratorio-multipat\/\"},{\"@type\":\"ListItem\",\"position\":3,\"name\":\"Dra. Karina Da Silva Ara\u00fajo\"}]}]}<\/script>\r\n<!-- \/ Yoast SEO plugin. -->","yoast_head_json":{"title":"Dra. Karina Da Silva Ara\u00fajo - Multipat - Laborat\u00f3rio m\u00e9dico privado que presta diagn\u00f3sticos de Anatomia Patol\u00f3gica, Citopatologia Diagn\u00f3stica e Patologia Molecular em Jardim Guanabara - Campinas.","robots":{"index":"index","follow":"follow","max-snippet":"max-snippet:-1","max-image-preview":"max-image-preview:large","max-video-preview":"max-video-preview:-1"},"canonical":"https:\/\/www.multipat.com.br\/site\/equipe-do-laboratorio-multipat\/equipe-medica-dra-karina-da-silva-araujo\/","og_locale":"pt_BR","og_type":"article","og_title":"Dra. Karina Da Silva Ara\u00fajo - Multipat - Laborat\u00f3rio m\u00e9dico privado que presta diagn\u00f3sticos de Anatomia Patol\u00f3gica, Citopatologia Diagn\u00f3stica e Patologia Molecular em Jardim Guanabara - Campinas.","og_description":"Possui gradua\u00e7\u00e3o em Medicina pela Universidade Federal do Esp\u00edrito Santo (Vit\u00f3ria\/ES em 2013) e resid\u00eancia m\u00e9dica em Anatomia Patol\u00f3gica pela Universidade Estadual de Campinas (Unicamp\/ 2018). Obteve o t\u00edtulo de especialista pela Sociedade Brasileira de Patologia\/Associa\u00e7\u00e3o M\u00e9dica Brasileira em 2021. Realizou est\u00e1gios relacionados \u00e0s \u00e1reas de Patologia Geral, Patologia Feto-Placent\u00e1ria, Patologia Pedi\u00e1trica, Citopatologia, Hematopatologia e [&hellip;]","og_url":"https:\/\/www.multipat.com.br\/site\/equipe-do-laboratorio-multipat\/equipe-medica-dra-karina-da-silva-araujo\/","og_site_name":"Multipat - Laborat\u00f3rio m\u00e9dico privado que presta diagn\u00f3sticos de Anatomia Patol\u00f3gica, Citopatologia Diagn\u00f3stica e Patologia Molecular em Jardim Guanabara - Campinas.","article_modified_time":"2023-02-16T11:58:40+00:00","author":"Desenvolvedor Projeto Web","twitter_card":"summary_large_image","twitter_misc":{"Est. tempo de leitura":"1 minuto"},"schema":{"@context":"https:\/\/schema.org","@graph":[{"@type":"WebSite","@id":"http:\/\/www.multipat.com.br\/site\/#website","url":"http:\/\/www.multipat.com.br\/site\/","name":"Multipat - Laborat\u00f3rio m\u00e9dico privado que presta diagn\u00f3sticos de Anatomia Patol\u00f3gica, Citopatologia Diagn\u00f3stica e Patologia Molecular em Jardim Guanabara - Campinas.","description":"Multipat - Laborat\u00f3rio m\u00e9dico privado que presta diagn\u00f3sticos de Anatomia Patol\u00f3gica, Citopatologia Diagn\u00f3stica e Patologia Molecular em Jardim Guanabara - Campinas.","potentialAction":[{"@type":"SearchAction","target":{"@type":"EntryPoint","urlTemplate":"http:\/\/www.multipat.com.br\/site\/?s={search_term_string}"},"query-input":"required name=search_term_string"}],"inLanguage":"pt-BR"},{"@type":"WebPage","@id":"https:\/\/www.multipat.com.br\/site\/equipe-do-laboratorio-multipat\/equipe-medica-dra-karina-da-silva-araujo\/#webpage","url":"https:\/\/www.multipat.com.br\/site\/equipe-do-laboratorio-multipat\/equipe-medica-dra-karina-da-silva-araujo\/","name":"Dra. Karina Da Silva Ara\u00fajo - Multipat - Laborat\u00f3rio m\u00e9dico privado que presta diagn\u00f3sticos de Anatomia Patol\u00f3gica, Citopatologia Diagn\u00f3stica e Patologia Molecular em Jardim Guanabara - Campinas.","isPartOf":{"@id":"http:\/\/www.multipat.com.br\/site\/#website"},"datePublished":"2021-09-17T14:31:55+00:00","dateModified":"2023-02-16T11:58:40+00:00","breadcrumb":{"@id":"https:\/\/www.multipat.com.br\/site\/equipe-do-laboratorio-multipat\/equipe-medica-dra-karina-da-silva-araujo\/#breadcrumb"},"inLanguage":"pt-BR","potentialAction":[{"@type":"ReadAction","target":["https:\/\/www.multipat.com.br\/site\/equipe-do-laboratorio-multipat\/equipe-medica-dra-karina-da-silva-araujo\/"]}]},{"@type":"BreadcrumbList","@id":"https:\/\/www.multipat.com.br\/site\/equipe-do-laboratorio-multipat\/equipe-medica-dra-karina-da-silva-araujo\/#breadcrumb","itemListElement":[{"@type":"ListItem","position":1,"name":"In\u00edcio","item":"http:\/\/www.multipat.com.br\/site\/"},{"@type":"ListItem","position":2,"name":"Equipe M\u00e9dica","item":"https:\/\/www.multipat.com.br\/site\/equipe-do-laboratorio-multipat\/"},{"@type":"ListItem","position":3,"name":"Dra. Karina Da Silva Ara\u00fajo"}]}]}},"_links":{"self":[{"href":"https:\/\/www.multipat.com.br\/site\/wp-json\/wp\/v2\/pages\/994"}],"collection":[{"href":"https:\/\/www.multipat.com.br\/site\/wp-json\/wp\/v2\/pages"}],"about":[{"href":"https:\/\/www.multipat.com.br\/site\/wp-json\/wp\/v2\/types\/page"}],"author":[{"embeddable":true,"href":"https:\/\/www.multipat.com.br\/site\/wp-json\/wp\/v2\/users\/5"}],"replies":[{"embeddable":true,"href":"https:\/\/www.multipat.com.br\/site\/wp-json\/wp\/v2\/comments?post=994"}],"version-history":[{"count":13,"href":"https:\/\/www.multipat.com.br\/site\/wp-json\/wp\/v2\/pages\/994\/revisions"}],"predecessor-version":[{"id":1725,"href":"https:\/\/www.multipat.com.br\/site\/wp-json\/wp\/v2\/pages\/994\/revisions\/1725"}],"up":[{"embeddable":true,"href":"https:\/\/www.multipat.com.br\/site\/wp-json\/wp\/v2\/pages\/99"}],"wp:attachment":[{"href":"https:\/\/www.multipat.com.br\/site\/wp-json\/wp\/v2\/media?parent=994"}],"curies":[{"name":"wp","href":"https:\/\/api.w.org\/{rel}","templated":true}]}}