{"id":935,"date":"2021-09-02T15:13:17","date_gmt":"2021-09-02T15:13:17","guid":{"rendered":"https:\/\/xn--criar-site-criao-sites-r4b9g.com.br\/provas-wp\/multipat\/?page_id=935"},"modified":"2023-02-16T11:41:17","modified_gmt":"2023-02-16T11:41:17","slug":"dr-jose-vassallo","status":"publish","type":"page","link":"https:\/\/www.multipat.com.br\/site\/equipe-do-laboratorio-multipat\/dr-jose-vassallo\/","title":{"rendered":"Dr. Jos\u00e9 Vassallo"},"content":{"rendered":"<div id=\"pl-935\"  class=\"panel-layout\" ><div id=\"pg-935-0\"  class=\"panel-grid panel-has-style\" ><div class=\"conteudo-medicos panel-row-style panel-row-style-for-935-0\" ><div id=\"pgc-935-0-0\"  class=\"panel-grid-cell\" ><div id=\"panel-935-0-0-0\" class=\"so-panel widget widget_media_image panel-first-child\" data-index=\"0\" ><img loading=\"lazy\" decoding=\"async\" width=\"300\" height=\"300\" src=\"https:\/\/www.multipat.com.br\/site\/wp-content\/uploads\/2022\/04\/DR.-JV-SEM-FUNDO--300x300.png\" class=\"image wp-image-1482  attachment-medium size-medium\" alt=\"\" style=\"max-width: 100%; height: auto;\" srcset=\"https:\/\/www.multipat.com.br\/site\/wp-content\/uploads\/2022\/04\/DR.-JV-SEM-FUNDO--300x300.png 300w, https:\/\/www.multipat.com.br\/site\/wp-content\/uploads\/2022\/04\/DR.-JV-SEM-FUNDO--1024x1024.png 1024w, https:\/\/www.multipat.com.br\/site\/wp-content\/uploads\/2022\/04\/DR.-JV-SEM-FUNDO--150x150.png 150w, https:\/\/www.multipat.com.br\/site\/wp-content\/uploads\/2022\/04\/DR.-JV-SEM-FUNDO--768x768.png 768w, https:\/\/www.multipat.com.br\/site\/wp-content\/uploads\/2022\/04\/DR.-JV-SEM-FUNDO-.png 1080w\" sizes=\"(max-width: 300px) 100vw, 300px\" \/><\/div><div id=\"panel-935-0-0-1\" class=\"so-panel widget widget_sow-editor\" data-index=\"1\" ><div\n\t\t\t\n\t\t\tclass=\"so-widget-sow-editor so-widget-sow-editor-base\"\n\t\t\t\n\t\t><h3 class=\"widget-title\">Dr. Jos\u00e9 Vassallo <\/h3>\n<div class=\"siteorigin-widget-tinymce textwidget\">\n\t<p>Possui gradua\u00e7\u00e3o em Medicina pela Universidade de S\u00e3o Paulo (1980) e doutorado em Medicina pela Westf\u00e4lische Wilhelms - Universit\u00e4t M\u00fcnster, Alemanha (1987). Seu t\u00edtulo de especialista em Patologia foi obtido pela Unicamp, onde fez Resid\u00eancia M\u00e9dica entre 1981 e 1983, e pela Sociedade Brasileira de Patologia\/Associa\u00e7\u00e3o M\u00e9dica Brasileira (2001). Obteve o grau de Livre-Docente em Patologia no Departamento de Anatomia Patol\u00f3gica da Faculdade de Ci\u00eancias M\u00e9dicas da Unicamp (2001), onde foi Professor Titular desde abril de 2005 (aposentado em 2017). Sua \u00e1rea de atua\u00e7\u00e3o mais espec\u00edfica \u00e9 Hematopatologia. Realizou est\u00e1gios de aperfei\u00e7oamento na Universidade de Kiel (Alemanha 1986), Deutsches Krebsforschungzentrum, Heidelberg (Centro Alem\u00e3o de Pesquisa do C\u00e2ncer, Heidelberg, Alemanha, 1988) Universidade de Paris (Fran\u00e7a, 1992), Universidade de Toulouse (Fran\u00e7a, 1992 e 2005). Foi consultor em Hematopatologia e professor do programa de p\u00f3s-gradua\u00e7\u00e3o em Oncologia da Funda\u00e7\u00e3o Antonio Prudente, AC Camargo Cancer Center (S\u00e3o Paulo, 2008 \u2013 2018). Presentemente \u00e9 consultor em Hematopatologia no Hospital S\u00e3o Luiz, SP, Rede D\u2019Or. <code><strong>RQE\/SP: 40125\/ CRM\/SP: 19177<\/strong><\/code><\/p>\n<\/div>\n<\/div><\/div><div id=\"panel-935-0-0-2\" class=\"so-panel widget widget_sow-editor panel-last-child\" data-index=\"2\" ><div\n\t\t\t\n\t\t\tclass=\"so-widget-sow-editor so-widget-sow-editor-base\"\n\t\t\t\n\t\t>\n<div class=\"siteorigin-widget-tinymce textwidget\">\n\t<p style=\"text-align: center;\">Curriculum Lattes,\u00a0<a href=\"http:\/\/lattes.cnpq.br\/3244398298772284\" target=\"_blank\" rel=\"noopener\">clique aqui.<\/a><\/p>\n<\/div>\n<\/div><\/div><\/div><\/div><\/div><\/div>","protected":false},"excerpt":{"rendered":"<p>Possui gradua\u00e7\u00e3o em Medicina pela Universidade de S\u00e3o Paulo (1980) e doutorado em Medicina pela Westf\u00e4lische Wilhelms &#8211; Universit\u00e4t M\u00fcnster, Alemanha (1987). Seu t\u00edtulo de especialista em Patologia foi obtido pela Unicamp, onde fez Resid\u00eancia M\u00e9dica entre 1981 e 1983, e pela Sociedade Brasileira de Patologia\/Associa\u00e7\u00e3o M\u00e9dica Brasileira (2001). Obteve o grau de Livre-Docente em [&hellip;]<\/p>\n","protected":false},"author":5,"featured_media":0,"parent":99,"menu_order":0,"comment_status":"closed","ping_status":"closed","template":"","meta":{"footnotes":""},"acf":[],"yoast_head":"<!-- This site is optimized with the Yoast SEO plugin v19.2 - https:\/\/yoast.com\/wordpress\/plugins\/seo\/ -->\r\n<title>Dr. Jos\u00e9 Vassallo - Multipat - Laborat\u00f3rio m\u00e9dico privado que presta diagn\u00f3sticos de Anatomia Patol\u00f3gica, Citopatologia Diagn\u00f3stica e Patologia Molecular em Jardim Guanabara - Campinas.<\/title>\r\n<meta name=\"robots\" content=\"index, follow, max-snippet:-1, max-image-preview:large, max-video-preview:-1\" \/>\r\n<link rel=\"canonical\" href=\"https:\/\/www.multipat.com.br\/site\/equipe-do-laboratorio-multipat\/dr-jose-vassallo\/\" \/>\r\n<meta property=\"og:locale\" content=\"pt_BR\" \/>\r\n<meta property=\"og:type\" content=\"article\" \/>\r\n<meta property=\"og:title\" content=\"Dr. Jos\u00e9 Vassallo - Multipat - Laborat\u00f3rio m\u00e9dico privado que presta diagn\u00f3sticos de Anatomia Patol\u00f3gica, Citopatologia Diagn\u00f3stica e Patologia Molecular em Jardim Guanabara - Campinas.\" \/>\r\n<meta property=\"og:description\" content=\"Possui gradua\u00e7\u00e3o em Medicina pela Universidade de S\u00e3o Paulo (1980) e doutorado em Medicina pela Westf\u00e4lische Wilhelms - Universit\u00e4t M\u00fcnster, Alemanha (1987). Seu t\u00edtulo de especialista em Patologia foi obtido pela Unicamp, onde fez Resid\u00eancia M\u00e9dica entre 1981 e 1983, e pela Sociedade Brasileira de Patologia\/Associa\u00e7\u00e3o M\u00e9dica Brasileira (2001). Obteve o grau de Livre-Docente em [&hellip;]\" \/>\r\n<meta property=\"og:url\" content=\"https:\/\/www.multipat.com.br\/site\/equipe-do-laboratorio-multipat\/dr-jose-vassallo\/\" \/>\r\n<meta property=\"og:site_name\" content=\"Multipat - Laborat\u00f3rio m\u00e9dico privado que presta diagn\u00f3sticos de Anatomia Patol\u00f3gica, Citopatologia Diagn\u00f3stica e Patologia Molecular em Jardim Guanabara - Campinas.\" \/>\r\n<meta property=\"article:modified_time\" content=\"2023-02-16T11:41:17+00:00\" \/>\r\n<meta name=\"author\" content=\"Desenvolvedor Projeto Web\" \/>\r\n<meta name=\"twitter:card\" content=\"summary_large_image\" \/>\r\n<meta name=\"twitter:label1\" content=\"Est. tempo de leitura\" \/>\n\t<meta name=\"twitter:data1\" content=\"1 minuto\" \/>\r\n<script type=\"application\/ld+json\" class=\"yoast-schema-graph\">{\"@context\":\"https:\/\/schema.org\",\"@graph\":[{\"@type\":\"WebSite\",\"@id\":\"http:\/\/www.multipat.com.br\/site\/#website\",\"url\":\"http:\/\/www.multipat.com.br\/site\/\",\"name\":\"Multipat - Laborat\u00f3rio m\u00e9dico privado que presta diagn\u00f3sticos de Anatomia Patol\u00f3gica, Citopatologia Diagn\u00f3stica e Patologia Molecular em Jardim Guanabara - Campinas.\",\"description\":\"Multipat - Laborat\u00f3rio m\u00e9dico privado que presta diagn\u00f3sticos de Anatomia Patol\u00f3gica, Citopatologia Diagn\u00f3stica e Patologia Molecular em Jardim Guanabara - Campinas.\",\"potentialAction\":[{\"@type\":\"SearchAction\",\"target\":{\"@type\":\"EntryPoint\",\"urlTemplate\":\"http:\/\/www.multipat.com.br\/site\/?s={search_term_string}\"},\"query-input\":\"required name=search_term_string\"}],\"inLanguage\":\"pt-BR\"},{\"@type\":\"WebPage\",\"@id\":\"https:\/\/www.multipat.com.br\/site\/equipe-do-laboratorio-multipat\/dr-jose-vassallo\/#webpage\",\"url\":\"https:\/\/www.multipat.com.br\/site\/equipe-do-laboratorio-multipat\/dr-jose-vassallo\/\",\"name\":\"Dr. Jos\u00e9 Vassallo - Multipat - Laborat\u00f3rio m\u00e9dico privado que presta diagn\u00f3sticos de Anatomia Patol\u00f3gica, Citopatologia Diagn\u00f3stica e Patologia Molecular em Jardim Guanabara - Campinas.\",\"isPartOf\":{\"@id\":\"http:\/\/www.multipat.com.br\/site\/#website\"},\"datePublished\":\"2021-09-02T15:13:17+00:00\",\"dateModified\":\"2023-02-16T11:41:17+00:00\",\"breadcrumb\":{\"@id\":\"https:\/\/www.multipat.com.br\/site\/equipe-do-laboratorio-multipat\/dr-jose-vassallo\/#breadcrumb\"},\"inLanguage\":\"pt-BR\",\"potentialAction\":[{\"@type\":\"ReadAction\",\"target\":[\"https:\/\/www.multipat.com.br\/site\/equipe-do-laboratorio-multipat\/dr-jose-vassallo\/\"]}]},{\"@type\":\"BreadcrumbList\",\"@id\":\"https:\/\/www.multipat.com.br\/site\/equipe-do-laboratorio-multipat\/dr-jose-vassallo\/#breadcrumb\",\"itemListElement\":[{\"@type\":\"ListItem\",\"position\":1,\"name\":\"In\u00edcio\",\"item\":\"http:\/\/www.multipat.com.br\/site\/\"},{\"@type\":\"ListItem\",\"position\":2,\"name\":\"Equipe M\u00e9dica\",\"item\":\"https:\/\/www.multipat.com.br\/site\/equipe-do-laboratorio-multipat\/\"},{\"@type\":\"ListItem\",\"position\":3,\"name\":\"Dr. Jos\u00e9 Vassallo\"}]}]}<\/script>\r\n<!-- \/ Yoast SEO plugin. -->","yoast_head_json":{"title":"Dr. Jos\u00e9 Vassallo - Multipat - Laborat\u00f3rio m\u00e9dico privado que presta diagn\u00f3sticos de Anatomia Patol\u00f3gica, Citopatologia Diagn\u00f3stica e Patologia Molecular em Jardim Guanabara - Campinas.","robots":{"index":"index","follow":"follow","max-snippet":"max-snippet:-1","max-image-preview":"max-image-preview:large","max-video-preview":"max-video-preview:-1"},"canonical":"https:\/\/www.multipat.com.br\/site\/equipe-do-laboratorio-multipat\/dr-jose-vassallo\/","og_locale":"pt_BR","og_type":"article","og_title":"Dr. Jos\u00e9 Vassallo - Multipat - Laborat\u00f3rio m\u00e9dico privado que presta diagn\u00f3sticos de Anatomia Patol\u00f3gica, Citopatologia Diagn\u00f3stica e Patologia Molecular em Jardim Guanabara - Campinas.","og_description":"Possui gradua\u00e7\u00e3o em Medicina pela Universidade de S\u00e3o Paulo (1980) e doutorado em Medicina pela Westf\u00e4lische Wilhelms - Universit\u00e4t M\u00fcnster, Alemanha (1987). Seu t\u00edtulo de especialista em Patologia foi obtido pela Unicamp, onde fez Resid\u00eancia M\u00e9dica entre 1981 e 1983, e pela Sociedade Brasileira de Patologia\/Associa\u00e7\u00e3o M\u00e9dica Brasileira (2001). Obteve o grau de Livre-Docente em [&hellip;]","og_url":"https:\/\/www.multipat.com.br\/site\/equipe-do-laboratorio-multipat\/dr-jose-vassallo\/","og_site_name":"Multipat - Laborat\u00f3rio m\u00e9dico privado que presta diagn\u00f3sticos de Anatomia Patol\u00f3gica, Citopatologia Diagn\u00f3stica e Patologia Molecular em Jardim Guanabara - Campinas.","article_modified_time":"2023-02-16T11:41:17+00:00","author":"Desenvolvedor Projeto Web","twitter_card":"summary_large_image","twitter_misc":{"Est. tempo de leitura":"1 minuto"},"schema":{"@context":"https:\/\/schema.org","@graph":[{"@type":"WebSite","@id":"http:\/\/www.multipat.com.br\/site\/#website","url":"http:\/\/www.multipat.com.br\/site\/","name":"Multipat - Laborat\u00f3rio m\u00e9dico privado que presta diagn\u00f3sticos de Anatomia Patol\u00f3gica, Citopatologia Diagn\u00f3stica e Patologia Molecular em Jardim Guanabara - Campinas.","description":"Multipat - Laborat\u00f3rio m\u00e9dico privado que presta diagn\u00f3sticos de Anatomia Patol\u00f3gica, Citopatologia Diagn\u00f3stica e Patologia Molecular em Jardim Guanabara - Campinas.","potentialAction":[{"@type":"SearchAction","target":{"@type":"EntryPoint","urlTemplate":"http:\/\/www.multipat.com.br\/site\/?s={search_term_string}"},"query-input":"required name=search_term_string"}],"inLanguage":"pt-BR"},{"@type":"WebPage","@id":"https:\/\/www.multipat.com.br\/site\/equipe-do-laboratorio-multipat\/dr-jose-vassallo\/#webpage","url":"https:\/\/www.multipat.com.br\/site\/equipe-do-laboratorio-multipat\/dr-jose-vassallo\/","name":"Dr. Jos\u00e9 Vassallo - Multipat - Laborat\u00f3rio m\u00e9dico privado que presta diagn\u00f3sticos de Anatomia Patol\u00f3gica, Citopatologia Diagn\u00f3stica e Patologia Molecular em Jardim Guanabara - Campinas.","isPartOf":{"@id":"http:\/\/www.multipat.com.br\/site\/#website"},"datePublished":"2021-09-02T15:13:17+00:00","dateModified":"2023-02-16T11:41:17+00:00","breadcrumb":{"@id":"https:\/\/www.multipat.com.br\/site\/equipe-do-laboratorio-multipat\/dr-jose-vassallo\/#breadcrumb"},"inLanguage":"pt-BR","potentialAction":[{"@type":"ReadAction","target":["https:\/\/www.multipat.com.br\/site\/equipe-do-laboratorio-multipat\/dr-jose-vassallo\/"]}]},{"@type":"BreadcrumbList","@id":"https:\/\/www.multipat.com.br\/site\/equipe-do-laboratorio-multipat\/dr-jose-vassallo\/#breadcrumb","itemListElement":[{"@type":"ListItem","position":1,"name":"In\u00edcio","item":"http:\/\/www.multipat.com.br\/site\/"},{"@type":"ListItem","position":2,"name":"Equipe M\u00e9dica","item":"https:\/\/www.multipat.com.br\/site\/equipe-do-laboratorio-multipat\/"},{"@type":"ListItem","position":3,"name":"Dr. Jos\u00e9 Vassallo"}]}]}},"_links":{"self":[{"href":"https:\/\/www.multipat.com.br\/site\/wp-json\/wp\/v2\/pages\/935"}],"collection":[{"href":"https:\/\/www.multipat.com.br\/site\/wp-json\/wp\/v2\/pages"}],"about":[{"href":"https:\/\/www.multipat.com.br\/site\/wp-json\/wp\/v2\/types\/page"}],"author":[{"embeddable":true,"href":"https:\/\/www.multipat.com.br\/site\/wp-json\/wp\/v2\/users\/5"}],"replies":[{"embeddable":true,"href":"https:\/\/www.multipat.com.br\/site\/wp-json\/wp\/v2\/comments?post=935"}],"version-history":[{"count":21,"href":"https:\/\/www.multipat.com.br\/site\/wp-json\/wp\/v2\/pages\/935\/revisions"}],"predecessor-version":[{"id":1711,"href":"https:\/\/www.multipat.com.br\/site\/wp-json\/wp\/v2\/pages\/935\/revisions\/1711"}],"up":[{"embeddable":true,"href":"https:\/\/www.multipat.com.br\/site\/wp-json\/wp\/v2\/pages\/99"}],"wp:attachment":[{"href":"https:\/\/www.multipat.com.br\/site\/wp-json\/wp\/v2\/media?parent=935"}],"curies":[{"name":"wp","href":"https:\/\/api.w.org\/{rel}","templated":true}]}}