{"id":932,"date":"2021-09-02T15:10:09","date_gmt":"2021-09-02T15:10:09","guid":{"rendered":"https:\/\/xn--criar-site-criao-sites-r4b9g.com.br\/provas-wp\/multipat\/?page_id=932"},"modified":"2022-07-15T12:19:37","modified_gmt":"2022-07-15T12:19:37","slug":"dr-leandro-luis-lopes-freitas","status":"publish","type":"page","link":"https:\/\/www.multipat.com.br\/site\/equipe-do-laboratorio-multipat\/dr-leandro-luis-lopes-freitas\/","title":{"rendered":"Dr. Leandro Luiz Lopes de Freitas"},"content":{"rendered":"<div id=\"pl-932\"  class=\"panel-layout\" ><div id=\"pg-932-0\"  class=\"panel-grid panel-has-style\" ><div class=\"conteudo-medicos panel-row-style panel-row-style-for-932-0\" ><div id=\"pgc-932-0-0\"  class=\"panel-grid-cell\" ><div id=\"panel-932-0-0-0\" class=\"so-panel widget widget_media_image panel-first-child\" data-index=\"0\" ><img loading=\"lazy\" decoding=\"async\" width=\"300\" height=\"300\" src=\"https:\/\/www.multipat.com.br\/site\/wp-content\/uploads\/2022\/04\/DR.LEANDRO-SEM-FUNDO-300x300.png\" class=\"image wp-image-1484  attachment-medium size-medium\" alt=\"\" style=\"max-width: 100%; height: auto;\" srcset=\"https:\/\/www.multipat.com.br\/site\/wp-content\/uploads\/2022\/04\/DR.LEANDRO-SEM-FUNDO-300x300.png 300w, https:\/\/www.multipat.com.br\/site\/wp-content\/uploads\/2022\/04\/DR.LEANDRO-SEM-FUNDO-1024x1024.png 1024w, https:\/\/www.multipat.com.br\/site\/wp-content\/uploads\/2022\/04\/DR.LEANDRO-SEM-FUNDO-150x150.png 150w, https:\/\/www.multipat.com.br\/site\/wp-content\/uploads\/2022\/04\/DR.LEANDRO-SEM-FUNDO-768x768.png 768w, https:\/\/www.multipat.com.br\/site\/wp-content\/uploads\/2022\/04\/DR.LEANDRO-SEM-FUNDO.png 1080w\" sizes=\"(max-width: 300px) 100vw, 300px\" \/><\/div><div id=\"panel-932-0-0-1\" class=\"so-panel widget widget_sow-editor\" data-index=\"1\" ><div\n\t\t\t\n\t\t\tclass=\"so-widget-sow-editor so-widget-sow-editor-base\"\n\t\t\t\n\t\t><h3 class=\"widget-title\">Dr. Leandro Luiz Lopes de Freitas<\/h3>\n<div class=\"siteorigin-widget-tinymce textwidget\">\n\t<p>Possui gradua\u00e7\u00e3o em Medicina pela Universidade Federal do Tri\u00e2ngulo Mineiro (Uberaba\/MG, em 1998) e resid\u00eancia m\u00e9dica em Anatomia Patol\u00f3gica pela Universidade Estadual de Campinas (Unicamp, 2002). Concluiu o seu doutorado em Anatomia Patol\u00f3gica pela Unicamp (2006) na \u00e1rea de Patologia de Cabe\u00e7a e Pesco\u00e7o, sob orienta\u00e7\u00e3o da Profa. Dra. Albina Altemani. Seu t\u00edtulo de especialista em Patologia foi obtido pela Unicamp e pela Sociedade Brasileira de Patologia\/Associa\u00e7\u00e3o M\u00e9dica Brasileira (2002). Desde 2002, \u00e9 m\u00e9dico assistente do Departamento de Anatomia Patol\u00f3gica, no Hospital das Cl\u00ednicas da Unicamp, com foco de atua\u00e7\u00e3o nas \u00e1reas de Uronefropatologia (trabalhando com o Prof. Dr. Athanase Billis) e Hematopatologia (trabalhando com o Prof. Dr. Jos\u00e9 Vassallo). Realizou est\u00e1gios relacionados a estas \u00e1reas nos seguintes servi\u00e7os: Massachusetts General Hospital (Boston, Estados Unidos, 2008) e Johns Hopkins Hospital (Baltimore, Estados Unidos, 2013). Tem MBA em Gest\u00e3o Empresarial na Funda\u00e7\u00e3o Get\u00falio Vargas (Campinas\/SP), conclu\u00eddo em 2014. <code><strong>RQE\/SP: 62898\/ CRM\/SP: 96594<\/strong><\/code><\/p>\n<\/div>\n<\/div><\/div><div id=\"panel-932-0-0-2\" class=\"so-panel widget widget_sow-editor panel-last-child\" data-index=\"2\" ><div\n\t\t\t\n\t\t\tclass=\"so-widget-sow-editor so-widget-sow-editor-base\"\n\t\t\t\n\t\t>\n<div class=\"siteorigin-widget-tinymce textwidget\">\n\t<p style=\"text-align: center;\">Curriculum Lattes,\u00a0<a href=\"http:\/\/lattes.cnpq.br\/5206309459540844\" target=\"_blank\" rel=\"noopener\">clique aqui<\/a><\/p>\n<\/div>\n<\/div><\/div><\/div><\/div><\/div><\/div>","protected":false},"excerpt":{"rendered":"<p>Possui gradua\u00e7\u00e3o em Medicina pela Universidade Federal do Tri\u00e2ngulo Mineiro (Uberaba\/MG, em 1998) e resid\u00eancia m\u00e9dica em Anatomia Patol\u00f3gica pela Universidade Estadual de Campinas (Unicamp, 2002). Concluiu o seu doutorado em Anatomia Patol\u00f3gica pela Unicamp (2006) na \u00e1rea de Patologia de Cabe\u00e7a e Pesco\u00e7o, sob orienta\u00e7\u00e3o da Profa. Dra. Albina Altemani. Seu t\u00edtulo de especialista [&hellip;]<\/p>\n","protected":false},"author":5,"featured_media":0,"parent":99,"menu_order":0,"comment_status":"closed","ping_status":"closed","template":"","meta":{"footnotes":""},"acf":[],"yoast_head":"<!-- This site is optimized with the Yoast SEO plugin v19.2 - https:\/\/yoast.com\/wordpress\/plugins\/seo\/ -->\r\n<title>Dr. Leandro Luiz Lopes de Freitas - Multipat - Laborat\u00f3rio m\u00e9dico privado que presta diagn\u00f3sticos de Anatomia Patol\u00f3gica, Citopatologia Diagn\u00f3stica e Patologia Molecular em Jardim Guanabara - Campinas.<\/title>\r\n<meta name=\"robots\" content=\"index, follow, max-snippet:-1, max-image-preview:large, max-video-preview:-1\" \/>\r\n<link rel=\"canonical\" href=\"https:\/\/www.multipat.com.br\/site\/equipe-do-laboratorio-multipat\/dr-leandro-luis-lopes-freitas\/\" \/>\r\n<meta property=\"og:locale\" content=\"pt_BR\" \/>\r\n<meta property=\"og:type\" content=\"article\" \/>\r\n<meta property=\"og:title\" content=\"Dr. Leandro Luiz Lopes de Freitas - Multipat - Laborat\u00f3rio m\u00e9dico privado que presta diagn\u00f3sticos de Anatomia Patol\u00f3gica, Citopatologia Diagn\u00f3stica e Patologia Molecular em Jardim Guanabara - Campinas.\" \/>\r\n<meta property=\"og:description\" content=\"Possui gradua\u00e7\u00e3o em Medicina pela Universidade Federal do Tri\u00e2ngulo Mineiro (Uberaba\/MG, em 1998) e resid\u00eancia m\u00e9dica em Anatomia Patol\u00f3gica pela Universidade Estadual de Campinas (Unicamp, 2002). Concluiu o seu doutorado em Anatomia Patol\u00f3gica pela Unicamp (2006) na \u00e1rea de Patologia de Cabe\u00e7a e Pesco\u00e7o, sob orienta\u00e7\u00e3o da Profa. Dra. Albina Altemani. Seu t\u00edtulo de especialista [&hellip;]\" \/>\r\n<meta property=\"og:url\" content=\"https:\/\/www.multipat.com.br\/site\/equipe-do-laboratorio-multipat\/dr-leandro-luis-lopes-freitas\/\" \/>\r\n<meta property=\"og:site_name\" content=\"Multipat - Laborat\u00f3rio m\u00e9dico privado que presta diagn\u00f3sticos de Anatomia Patol\u00f3gica, Citopatologia Diagn\u00f3stica e Patologia Molecular em Jardim Guanabara - Campinas.\" \/>\r\n<meta property=\"article:modified_time\" content=\"2022-07-15T12:19:37+00:00\" \/>\r\n<meta name=\"author\" content=\"Desenvolvedor Projeto Web\" \/>\r\n<meta name=\"twitter:card\" content=\"summary_large_image\" \/>\r\n<meta name=\"twitter:label1\" content=\"Est. tempo de leitura\" \/>\n\t<meta name=\"twitter:data1\" content=\"1 minuto\" \/>\r\n<script type=\"application\/ld+json\" class=\"yoast-schema-graph\">{\"@context\":\"https:\/\/schema.org\",\"@graph\":[{\"@type\":\"WebSite\",\"@id\":\"http:\/\/www.multipat.com.br\/site\/#website\",\"url\":\"http:\/\/www.multipat.com.br\/site\/\",\"name\":\"Multipat - Laborat\u00f3rio m\u00e9dico privado que presta diagn\u00f3sticos de Anatomia Patol\u00f3gica, Citopatologia Diagn\u00f3stica e Patologia Molecular em Jardim Guanabara - Campinas.\",\"description\":\"Multipat - Laborat\u00f3rio m\u00e9dico privado que presta diagn\u00f3sticos de Anatomia Patol\u00f3gica, Citopatologia Diagn\u00f3stica e Patologia Molecular em Jardim Guanabara - Campinas.\",\"potentialAction\":[{\"@type\":\"SearchAction\",\"target\":{\"@type\":\"EntryPoint\",\"urlTemplate\":\"http:\/\/www.multipat.com.br\/site\/?s={search_term_string}\"},\"query-input\":\"required name=search_term_string\"}],\"inLanguage\":\"pt-BR\"},{\"@type\":\"WebPage\",\"@id\":\"https:\/\/www.multipat.com.br\/site\/equipe-do-laboratorio-multipat\/dr-leandro-luis-lopes-freitas\/#webpage\",\"url\":\"https:\/\/www.multipat.com.br\/site\/equipe-do-laboratorio-multipat\/dr-leandro-luis-lopes-freitas\/\",\"name\":\"Dr. Leandro Luiz Lopes de Freitas - Multipat - Laborat\u00f3rio m\u00e9dico privado que presta diagn\u00f3sticos de Anatomia Patol\u00f3gica, Citopatologia Diagn\u00f3stica e Patologia Molecular em Jardim Guanabara - Campinas.\",\"isPartOf\":{\"@id\":\"http:\/\/www.multipat.com.br\/site\/#website\"},\"datePublished\":\"2021-09-02T15:10:09+00:00\",\"dateModified\":\"2022-07-15T12:19:37+00:00\",\"breadcrumb\":{\"@id\":\"https:\/\/www.multipat.com.br\/site\/equipe-do-laboratorio-multipat\/dr-leandro-luis-lopes-freitas\/#breadcrumb\"},\"inLanguage\":\"pt-BR\",\"potentialAction\":[{\"@type\":\"ReadAction\",\"target\":[\"https:\/\/www.multipat.com.br\/site\/equipe-do-laboratorio-multipat\/dr-leandro-luis-lopes-freitas\/\"]}]},{\"@type\":\"BreadcrumbList\",\"@id\":\"https:\/\/www.multipat.com.br\/site\/equipe-do-laboratorio-multipat\/dr-leandro-luis-lopes-freitas\/#breadcrumb\",\"itemListElement\":[{\"@type\":\"ListItem\",\"position\":1,\"name\":\"In\u00edcio\",\"item\":\"http:\/\/www.multipat.com.br\/site\/\"},{\"@type\":\"ListItem\",\"position\":2,\"name\":\"Equipe M\u00e9dica\",\"item\":\"https:\/\/www.multipat.com.br\/site\/equipe-do-laboratorio-multipat\/\"},{\"@type\":\"ListItem\",\"position\":3,\"name\":\"Dr. Leandro Luiz Lopes de Freitas\"}]}]}<\/script>\r\n<!-- \/ Yoast SEO plugin. -->","yoast_head_json":{"title":"Dr. Leandro Luiz Lopes de Freitas - Multipat - Laborat\u00f3rio m\u00e9dico privado que presta diagn\u00f3sticos de Anatomia Patol\u00f3gica, Citopatologia Diagn\u00f3stica e Patologia Molecular em Jardim Guanabara - Campinas.","robots":{"index":"index","follow":"follow","max-snippet":"max-snippet:-1","max-image-preview":"max-image-preview:large","max-video-preview":"max-video-preview:-1"},"canonical":"https:\/\/www.multipat.com.br\/site\/equipe-do-laboratorio-multipat\/dr-leandro-luis-lopes-freitas\/","og_locale":"pt_BR","og_type":"article","og_title":"Dr. Leandro Luiz Lopes de Freitas - Multipat - Laborat\u00f3rio m\u00e9dico privado que presta diagn\u00f3sticos de Anatomia Patol\u00f3gica, Citopatologia Diagn\u00f3stica e Patologia Molecular em Jardim Guanabara - Campinas.","og_description":"Possui gradua\u00e7\u00e3o em Medicina pela Universidade Federal do Tri\u00e2ngulo Mineiro (Uberaba\/MG, em 1998) e resid\u00eancia m\u00e9dica em Anatomia Patol\u00f3gica pela Universidade Estadual de Campinas (Unicamp, 2002). Concluiu o seu doutorado em Anatomia Patol\u00f3gica pela Unicamp (2006) na \u00e1rea de Patologia de Cabe\u00e7a e Pesco\u00e7o, sob orienta\u00e7\u00e3o da Profa. Dra. Albina Altemani. Seu t\u00edtulo de especialista [&hellip;]","og_url":"https:\/\/www.multipat.com.br\/site\/equipe-do-laboratorio-multipat\/dr-leandro-luis-lopes-freitas\/","og_site_name":"Multipat - Laborat\u00f3rio m\u00e9dico privado que presta diagn\u00f3sticos de Anatomia Patol\u00f3gica, Citopatologia Diagn\u00f3stica e Patologia Molecular em Jardim Guanabara - Campinas.","article_modified_time":"2022-07-15T12:19:37+00:00","author":"Desenvolvedor Projeto Web","twitter_card":"summary_large_image","twitter_misc":{"Est. tempo de leitura":"1 minuto"},"schema":{"@context":"https:\/\/schema.org","@graph":[{"@type":"WebSite","@id":"http:\/\/www.multipat.com.br\/site\/#website","url":"http:\/\/www.multipat.com.br\/site\/","name":"Multipat - Laborat\u00f3rio m\u00e9dico privado que presta diagn\u00f3sticos de Anatomia Patol\u00f3gica, Citopatologia Diagn\u00f3stica e Patologia Molecular em Jardim Guanabara - Campinas.","description":"Multipat - Laborat\u00f3rio m\u00e9dico privado que presta diagn\u00f3sticos de Anatomia Patol\u00f3gica, Citopatologia Diagn\u00f3stica e Patologia Molecular em Jardim Guanabara - Campinas.","potentialAction":[{"@type":"SearchAction","target":{"@type":"EntryPoint","urlTemplate":"http:\/\/www.multipat.com.br\/site\/?s={search_term_string}"},"query-input":"required name=search_term_string"}],"inLanguage":"pt-BR"},{"@type":"WebPage","@id":"https:\/\/www.multipat.com.br\/site\/equipe-do-laboratorio-multipat\/dr-leandro-luis-lopes-freitas\/#webpage","url":"https:\/\/www.multipat.com.br\/site\/equipe-do-laboratorio-multipat\/dr-leandro-luis-lopes-freitas\/","name":"Dr. Leandro Luiz Lopes de Freitas - Multipat - Laborat\u00f3rio m\u00e9dico privado que presta diagn\u00f3sticos de Anatomia Patol\u00f3gica, Citopatologia Diagn\u00f3stica e Patologia Molecular em Jardim Guanabara - Campinas.","isPartOf":{"@id":"http:\/\/www.multipat.com.br\/site\/#website"},"datePublished":"2021-09-02T15:10:09+00:00","dateModified":"2022-07-15T12:19:37+00:00","breadcrumb":{"@id":"https:\/\/www.multipat.com.br\/site\/equipe-do-laboratorio-multipat\/dr-leandro-luis-lopes-freitas\/#breadcrumb"},"inLanguage":"pt-BR","potentialAction":[{"@type":"ReadAction","target":["https:\/\/www.multipat.com.br\/site\/equipe-do-laboratorio-multipat\/dr-leandro-luis-lopes-freitas\/"]}]},{"@type":"BreadcrumbList","@id":"https:\/\/www.multipat.com.br\/site\/equipe-do-laboratorio-multipat\/dr-leandro-luis-lopes-freitas\/#breadcrumb","itemListElement":[{"@type":"ListItem","position":1,"name":"In\u00edcio","item":"http:\/\/www.multipat.com.br\/site\/"},{"@type":"ListItem","position":2,"name":"Equipe M\u00e9dica","item":"https:\/\/www.multipat.com.br\/site\/equipe-do-laboratorio-multipat\/"},{"@type":"ListItem","position":3,"name":"Dr. Leandro Luiz Lopes de Freitas"}]}]}},"_links":{"self":[{"href":"https:\/\/www.multipat.com.br\/site\/wp-json\/wp\/v2\/pages\/932"}],"collection":[{"href":"https:\/\/www.multipat.com.br\/site\/wp-json\/wp\/v2\/pages"}],"about":[{"href":"https:\/\/www.multipat.com.br\/site\/wp-json\/wp\/v2\/types\/page"}],"author":[{"embeddable":true,"href":"https:\/\/www.multipat.com.br\/site\/wp-json\/wp\/v2\/users\/5"}],"replies":[{"embeddable":true,"href":"https:\/\/www.multipat.com.br\/site\/wp-json\/wp\/v2\/comments?post=932"}],"version-history":[{"count":16,"href":"https:\/\/www.multipat.com.br\/site\/wp-json\/wp\/v2\/pages\/932\/revisions"}],"predecessor-version":[{"id":1665,"href":"https:\/\/www.multipat.com.br\/site\/wp-json\/wp\/v2\/pages\/932\/revisions\/1665"}],"up":[{"embeddable":true,"href":"https:\/\/www.multipat.com.br\/site\/wp-json\/wp\/v2\/pages\/99"}],"wp:attachment":[{"href":"https:\/\/www.multipat.com.br\/site\/wp-json\/wp\/v2\/media?parent=932"}],"curies":[{"name":"wp","href":"https:\/\/api.w.org\/{rel}","templated":true}]}}