{"id":93,"date":"2021-02-17T11:53:08","date_gmt":"2021-02-17T11:53:08","guid":{"rendered":"https:\/\/xn--criar-site-criao-sites-r4b9g.com.br\/provas-wp\/multipat\/?page_id=93"},"modified":"2024-04-10T14:04:32","modified_gmt":"2024-04-10T14:04:32","slug":"laboratorio-multipat","status":"publish","type":"page","link":"https:\/\/www.multipat.com.br\/site\/laboratorio-multipat\/","title":{"rendered":"Empresa"},"content":{"rendered":"<div id=\"pl-93\"  class=\"panel-layout\" ><div id=\"pg-93-0\"  class=\"panel-grid panel-no-style\" ><div id=\"pgc-93-0-0\"  class=\"panel-grid-cell\" ><div id=\"panel-93-0-0-0\" class=\"so-panel widget widget_sow-editor panel-first-child panel-last-child\" data-index=\"0\" ><div class=\"titulo-empresa panel-widget-style panel-widget-style-for-93-0-0-0\" ><div\n\t\t\t\n\t\t\tclass=\"so-widget-sow-editor so-widget-sow-editor-base\"\n\t\t\t\n\t\t>\n<div class=\"siteorigin-widget-tinymce textwidget\">\n\t<p>A equipe do Laborat\u00f3rio Multipat dispensa todos os esfor\u00e7os para fazer de nossos valores uma realidade e n\u00e3o apenas uma lista de aspira\u00e7\u00f5es. Todo processo do Laborat\u00f3rio, desde o recebimento do exame at\u00e9 a entrega do laudo ao m\u00e9dico e\/ou paciente, \u00e9 cuidadosamente planejado e continuamente avaliado para que o tempo de laudo seja o menor poss\u00edvel, dentro dos padr\u00f5es internacionais preconizados para cada tipo de exame anatomopatol\u00f3gico, com o m\u00e1ximo de seguran\u00e7a para o paciente.<\/p>\n<\/div>\n<\/div><\/div><\/div><\/div><\/div><div id=\"pg-93-1\"  class=\"panel-grid panel-has-style\" ><div class=\"linha1-servicos panel-row-style panel-row-style-for-93-1\" ><div id=\"pgc-93-1-0\"  class=\"panel-grid-cell\" ><div id=\"panel-93-1-0-0\" class=\"so-panel widget widget_siteorigin-panels-builder panel-first-child panel-last-child\" data-index=\"1\" ><div class=\"txtPagina servicos cinza panel-widget-style panel-widget-style-for-93-1-0-0\" ><div id=\"pl-w6584329e943dc\"  class=\"panel-layout\" ><div id=\"pg-w6584329e943dc-0\"  class=\"panel-grid panel-has-style\" ><div class=\"servicos-1 panel-row-style panel-row-style-for-w6584329e943dc-0\" ><div id=\"pgc-w6584329e943dc-0-0\"  class=\"panel-grid-cell\" ><div id=\"panel-w6584329e943dc-0-0-0\" class=\"so-panel widget widget_media_image panel-first-child panel-last-child\" data-index=\"0\" ><img loading=\"lazy\" decoding=\"async\" width=\"150\" height=\"150\" src=\"https:\/\/www.multipat.com.br\/site\/wp-content\/uploads\/2022\/07\/MISSAO-PAGINA-EMPRESA-150x150-1-150x150.png\" class=\"image wp-image-1647  attachment-thumbnail size-thumbnail\" alt=\"\" style=\"max-width: 100%; height: auto;\" \/><\/div><\/div><div id=\"pgc-w6584329e943dc-0-1\"  class=\"panel-grid-cell\" ><div id=\"panel-w6584329e943dc-0-1-0\" class=\"so-panel widget widget_sow-editor panel-first-child panel-last-child\" data-index=\"1\" ><div\n\t\t\t\n\t\t\tclass=\"so-widget-sow-editor so-widget-sow-editor-base\"\n\t\t\t\n\t\t>\n<div class=\"siteorigin-widget-tinymce textwidget\">\n\t<p>Fornecer diagn\u00f3sticos patol\u00f3gicos precisos em tempo oportuno , dentro dos mais atuais padr\u00f5es t\u00e9cnicos e \u00e9ticos e contribuir com a forma\u00e7\u00e3o de profissionais  na \u00e1rea.<\/p>\n<\/div>\n<\/div><\/div><\/div><\/div><\/div><div id=\"pg-w6584329e943dc-1\"  class=\"panel-grid panel-has-style\" ><div class=\"servicos-1 panel-row-style panel-row-style-for-w6584329e943dc-1\" ><div id=\"pgc-w6584329e943dc-1-0\"  class=\"panel-grid-cell\" ><div id=\"panel-w6584329e943dc-1-0-0\" class=\"so-panel widget widget_media_image panel-first-child panel-last-child\" data-index=\"2\" ><img loading=\"lazy\" decoding=\"async\" width=\"150\" height=\"150\" src=\"https:\/\/www.multipat.com.br\/site\/wp-content\/uploads\/2022\/07\/4-150x150-1-150x150.png\" class=\"image wp-image-1648  attachment-thumbnail size-thumbnail\" alt=\"\" style=\"max-width: 100%; height: auto;\" \/><\/div><\/div><div id=\"pgc-w6584329e943dc-1-1\"  class=\"panel-grid-cell\" ><div id=\"panel-w6584329e943dc-1-1-0\" class=\"so-panel widget widget_sow-editor panel-first-child panel-last-child\" data-index=\"3\" ><div\n\t\t\t\n\t\t\tclass=\"so-widget-sow-editor so-widget-sow-editor-base\"\n\t\t\t\n\t\t>\n<div class=\"siteorigin-widget-tinymce textwidget\">\n\t<p>Ser um laborat\u00f3rio de Patologia de refer\u00eancia para a regi\u00e3o de Campinas, destacado em qualidade e resolutividade, incorporando as mais recentes tecnologias diagn\u00f3sticas a fim de atender os clientes externos e internos com excel\u00eancia e de forma individualizada.<\/p>\n<\/div>\n<\/div><\/div><\/div><\/div><\/div><div id=\"pg-w6584329e943dc-2\"  class=\"panel-grid panel-has-style\" ><div class=\"servicos-1 panel-row-style panel-row-style-for-w6584329e943dc-2\" ><div id=\"pgc-w6584329e943dc-2-0\"  class=\"panel-grid-cell\" ><div id=\"panel-w6584329e943dc-2-0-0\" class=\"so-panel widget widget_media_image panel-first-child panel-last-child\" data-index=\"4\" ><img loading=\"lazy\" decoding=\"async\" width=\"150\" height=\"150\" src=\"https:\/\/www.multipat.com.br\/site\/wp-content\/uploads\/2022\/07\/1-150x150-1-150x150.png\" class=\"image wp-image-1649  attachment-thumbnail size-thumbnail\" alt=\"\" style=\"max-width: 100%; height: auto;\" \/><\/div><\/div><div id=\"pgc-w6584329e943dc-2-1\"  class=\"panel-grid-cell\" ><div id=\"panel-w6584329e943dc-2-1-0\" class=\"so-panel widget widget_sow-editor panel-first-child panel-last-child\" data-index=\"5\" ><div\n\t\t\t\n\t\t\tclass=\"so-widget-sow-editor so-widget-sow-editor-base\"\n\t\t\t\n\t\t>\n<div class=\"siteorigin-widget-tinymce textwidget\">\n\t<p>- Valor para o paciente<br \/>\n- Qualidade<br \/>\n- Credibilidade<br \/>\n- \u00c9tica<br \/>\n- Resolutividade<br \/>\n- Seguran\u00e7a<br \/>\n- Sustentabilidade<br \/>\n- Atualiza\u00e7\u00e3o<br \/>\n- Forma\u00e7\u00e3o<\/p>\n<\/div>\n<\/div><\/div><\/div><\/div><\/div><\/div><\/div><\/div><\/div><div id=\"pgc-93-1-1\"  class=\"panel-grid-cell\" ><div id=\"panel-93-1-1-0\" class=\"so-panel widget widget_media_image panel-first-child panel-last-child\" data-index=\"2\" ><div class=\"imagem-Selo panel-widget-style panel-widget-style-for-93-1-1-0\" ><img loading=\"lazy\" decoding=\"async\" width=\"1147\" height=\"761\" src=\"https:\/\/www.multipat.com.br\/site\/wp-content\/uploads\/2021\/06\/IMAGEM-ABA-EMPRESA.png\" class=\"image wp-image-452  attachment-full size-full\" alt=\"\" style=\"max-width: 100%; height: auto;\" srcset=\"https:\/\/www.multipat.com.br\/site\/wp-content\/uploads\/2021\/06\/IMAGEM-ABA-EMPRESA.png 1147w, https:\/\/www.multipat.com.br\/site\/wp-content\/uploads\/2021\/06\/IMAGEM-ABA-EMPRESA-300x199.png 300w, https:\/\/www.multipat.com.br\/site\/wp-content\/uploads\/2021\/06\/IMAGEM-ABA-EMPRESA-1024x679.png 1024w, https:\/\/www.multipat.com.br\/site\/wp-content\/uploads\/2021\/06\/IMAGEM-ABA-EMPRESA-768x510.png 768w\" sizes=\"(max-width: 1147px) 100vw, 1147px\" \/><\/div><\/div><\/div><\/div><\/div><div id=\"pg-93-2\"  class=\"panel-grid panel-has-style\" ><div class=\"siteorigin-panels-stretch panel-row-style panel-row-style-for-93-2\" data-stretch-type=\"full\" ><div id=\"pgc-93-2-0\"  class=\"panel-grid-cell\" ><div id=\"panel-93-2-0-0\" class=\"so-panel widget widget_siteorigin-panels-builder panel-first-child panel-last-child\" data-index=\"3\" ><div class=\"txtPagina servicos cinza panel-widget-style panel-widget-style-for-93-2-0-0\" ><div id=\"pl-w65d771307137e\"  class=\"panel-layout\" ><div id=\"pg-w65d771307137e-0\"  class=\"panel-grid panel-has-style\" ><div class=\"servicos-qualidade panel-row-style panel-row-style-for-w65d771307137e-0\" ><div id=\"pgc-w65d771307137e-0-0\"  class=\"panel-grid-cell\" ><div id=\"panel-w65d771307137e-0-0-0\" class=\"so-panel widget widget_media_image panel-first-child panel-last-child\" data-index=\"0\" ><img loading=\"lazy\" decoding=\"async\" width=\"150\" height=\"150\" src=\"https:\/\/www.multipat.com.br\/site\/wp-content\/uploads\/2022\/07\/5-150x150-1-150x150.png\" class=\"image wp-image-1650  attachment-thumbnail size-thumbnail\" alt=\"\" style=\"max-width: 100%; height: auto;\" \/><\/div><\/div><div id=\"pgc-w65d771307137e-0-1\"  class=\"panel-grid-cell\" ><div id=\"panel-w65d771307137e-0-1-0\" class=\"so-panel widget widget_sow-editor panel-first-child panel-last-child\" data-index=\"1\" ><div class=\"titulo-empresa panel-widget-style panel-widget-style-for-w65d771307137e-0-1-0\" ><div\n\t\t\t\n\t\t\tclass=\"so-widget-sow-editor so-widget-sow-editor-base\"\n\t\t\t\n\t\t>\n<div class=\"siteorigin-widget-tinymce textwidget\">\n\t<h2>QUALIDADE<\/h2>\n<\/div>\n<\/div><\/div><\/div><\/div><\/div><\/div><div id=\"pg-w65d771307137e-1\"  class=\"panel-grid panel-has-style\" ><div class=\"servicos panel-row-style panel-row-style-for-w65d771307137e-1\" ><div id=\"pgc-w65d771307137e-1-0\"  class=\"panel-grid-cell\" ><div id=\"panel-w65d771307137e-1-0-0\" class=\"so-panel widget widget_sow-editor panel-first-child panel-last-child\" data-index=\"2\" ><div\n\t\t\t\n\t\t\tclass=\"so-widget-sow-editor so-widget-sow-editor-base\"\n\t\t\t\n\t\t>\n<div class=\"siteorigin-widget-tinymce textwidget\">\n\t<p style=\"text-align: justify;\">A equipe de Patologistas do Laborat\u00f3rio Multipat busca constante atualiza\u00e7\u00e3o atrav\u00e9s da participa\u00e7\u00e3o em eventos m\u00e9dicos de educa\u00e7\u00e3o continuada, no ensino, assist\u00eancia e pesquisa. Parte desta equipe exerce atividades em outros centros de excel\u00eancia, como a Unicamp. Com isto, os Patologistas tornam-se refer\u00eancia em Patologia Cir\u00fargica, recebendo consultas e solicita\u00e7\u00f5es de segundas opini\u00f5es em v\u00e1rios campos espec\u00edficos, tanto da regi\u00e3o de Campinas quanto de outros s\u00edtios de todo pa\u00eds.<\/p>\n<p>Qualidade \u00e9 obriga\u00e7\u00e3o intr\u00ednseca aos servi\u00e7os, principalmente \u00e0queles que lidam com a sa\u00fade da popula\u00e7\u00e3o. Por isto, queremos que nossos clientes se sintam seguros de que toda nossa atividade est\u00e1 sendo cuidadosamente controlada<\/p>\n<\/div>\n<\/div><\/div><\/div><\/div><\/div><\/div><\/div><\/div><\/div><\/div><\/div><div id=\"pg-93-3\"  class=\"panel-grid panel-no-style\" ><div id=\"pgc-93-3-0\"  class=\"panel-grid-cell\" ><div id=\"panel-93-3-0-0\" class=\"so-panel widget widget_siteorigin-panels-builder panel-first-child\" data-index=\"4\" ><div class=\"txtPagina servicos cinza panel-widget-style panel-widget-style-for-93-3-0-0\" ><div id=\"pl-w641369848564d\"  class=\"panel-layout\" ><div id=\"pg-w641369848564d-0\"  class=\"panel-grid panel-has-style\" ><div class=\"servicos-qualidade panel-row-style panel-row-style-for-w641369848564d-0\" ><div id=\"pgc-w641369848564d-0-0\"  class=\"panel-grid-cell\" ><div id=\"panel-w641369848564d-0-0-0\" class=\"so-panel widget widget_media_image panel-first-child panel-last-child\" data-index=\"0\" ><img loading=\"lazy\" decoding=\"async\" width=\"150\" height=\"150\" src=\"https:\/\/www.multipat.com.br\/site\/wp-content\/uploads\/2022\/07\/3-150x150-1-150x150.png\" class=\"image wp-image-1651  attachment-thumbnail size-thumbnail\" alt=\"\" style=\"max-width: 100%; height: auto;\" \/><\/div><\/div><div id=\"pgc-w641369848564d-0-1\"  class=\"panel-grid-cell\" ><div id=\"panel-w641369848564d-0-1-0\" class=\"so-panel widget widget_sow-editor panel-first-child panel-last-child\" data-index=\"1\" ><div class=\"titulo-empresa panel-widget-style panel-widget-style-for-w641369848564d-0-1-0\" ><div\n\t\t\t\n\t\t\tclass=\"so-widget-sow-editor so-widget-sow-editor-base\"\n\t\t\t\n\t\t>\n<div class=\"siteorigin-widget-tinymce textwidget\">\n\t<h2>CERTIFICA\u00c7\u00c3O<\/h2>\n<\/div>\n<\/div><\/div><\/div><\/div><\/div><\/div><div id=\"pg-w641369848564d-1\"  class=\"panel-grid panel-has-style\" ><div class=\"servicos panel-row-style panel-row-style-for-w641369848564d-1\" ><div id=\"pgc-w641369848564d-1-0\"  class=\"panel-grid-cell\" ><div id=\"panel-w641369848564d-1-0-0\" class=\"so-panel widget widget_sow-editor panel-first-child panel-last-child\" data-index=\"2\" ><div\n\t\t\t\n\t\t\tclass=\"so-widget-sow-editor so-widget-sow-editor-base\"\n\t\t\t\n\t\t>\n<div class=\"siteorigin-widget-tinymce textwidget\">\n\t<p>A recente recertifica\u00e7\u00e3o do Multipat pela Organiza\u00e7\u00e3o Nacional de Acredita\u00e7\u00e3o (ONA) no n\u00edvel 3 de excel\u00eancia (grau m\u00e1ximo obtido inicialmente em 2013 e renovada em 2016, 2019 e 2022) atesta nossa preocupa\u00e7\u00e3o com a qualidade de nossos servi\u00e7os e seguran\u00e7a em nossos procedimentos. Este tipo de credenciamento foi o primeiro de um Laborat\u00f3rio independente, exclusivamente de Anatomia Patol\u00f3gica na regi\u00e3o de Campinas e um dos poucos do pa\u00eds na ocasi\u00e3o (maio de 2013).<\/p>\n<p>A ONA \u00e9 uma empresa n\u00e3o governamental, de direito privado e sem fins lucrativos, com abrang\u00eancia de atua\u00e7\u00e3o nacional. Tem por objetivo promover a implanta\u00e7\u00e3o e manuten\u00e7\u00e3o de um processo permanente de avalia\u00e7\u00e3o e de certifica\u00e7\u00e3o da qualidade dos servi\u00e7os de sa\u00fade. Com isto, permite o aprimoramento cont\u00ednuo da aten\u00e7\u00e3o, de forma a melhorar a qualidade da assist\u00eancia em todas as organiza\u00e7\u00f5es prestadoras de servi\u00e7os de sa\u00fade do Pa\u00eds. Em 2013, a ONA tornou-se membro da ISQua - International Society for Quality in Health Care (leia mais em\u00a0www.ona.org.br).<\/p>\n<\/div>\n<\/div><\/div><\/div><\/div><\/div><\/div><\/div><\/div><div id=\"panel-93-3-0-1\" class=\"so-panel widget widget_media_image panel-last-child\" data-index=\"5\" ><div class=\"imagem-Selo panel-widget-style panel-widget-style-for-93-3-0-1\" ><img loading=\"lazy\" decoding=\"async\" width=\"400\" height=\"221\" src=\"https:\/\/www.multipat.com.br\/site\/wp-content\/uploads\/2023\/03\/SELO-ONA-COMPLETO-1-768x424.png\" class=\"image wp-image-1884  attachment-400x221 size-400x221\" alt=\"\" style=\"max-width: 100%; height: auto;\" srcset=\"https:\/\/www.multipat.com.br\/site\/wp-content\/uploads\/2023\/03\/SELO-ONA-COMPLETO-1-768x424.png 768w, https:\/\/www.multipat.com.br\/site\/wp-content\/uploads\/2023\/03\/SELO-ONA-COMPLETO-1-300x166.png 300w, https:\/\/www.multipat.com.br\/site\/wp-content\/uploads\/2023\/03\/SELO-ONA-COMPLETO-1-1024x566.png 1024w, https:\/\/www.multipat.com.br\/site\/wp-content\/uploads\/2023\/03\/SELO-ONA-COMPLETO-1-1536x849.png 1536w, https:\/\/www.multipat.com.br\/site\/wp-content\/uploads\/2023\/03\/SELO-ONA-COMPLETO-1-2048x1132.png 2048w\" sizes=\"(max-width: 400px) 100vw, 400px\" \/><\/div><\/div><\/div><\/div><\/div>","protected":false},"excerpt":{"rendered":"<p>A equipe do Laborat\u00f3rio Multipat dispensa todos os esfor\u00e7os para fazer de nossos valores uma realidade e n\u00e3o apenas uma lista de aspira\u00e7\u00f5es. Todo processo do Laborat\u00f3rio, desde o recebimento do exame at\u00e9 a entrega do laudo ao m\u00e9dico e\/ou paciente, \u00e9 cuidadosamente planejado e continuamente avaliado para que o tempo de laudo seja o [&hellip;]<\/p>\n","protected":false},"author":5,"featured_media":0,"parent":0,"menu_order":0,"comment_status":"closed","ping_status":"closed","template":"","meta":{"footnotes":""},"acf":[],"yoast_head":"<!-- This site is optimized with the Yoast SEO plugin v19.2 - https:\/\/yoast.com\/wordpress\/plugins\/seo\/ -->\r\n<title>Laborat\u00f3rio Multipat<\/title>\r\n<meta name=\"description\" content=\"Todo processo do Laborat\u00f3rio, desde o recebimento do exame at\u00e9 a entrega do laudo ao m\u00e9dico e\/ou paciente\" \/>\r\n<meta name=\"robots\" content=\"index, follow, max-snippet:-1, max-image-preview:large, max-video-preview:-1\" \/>\r\n<link rel=\"canonical\" href=\"https:\/\/www.multipat.com.br\/site\/laboratorio-multipat\/\" \/>\r\n<meta property=\"og:locale\" content=\"pt_BR\" \/>\r\n<meta property=\"og:type\" content=\"article\" \/>\r\n<meta property=\"og:title\" content=\"Laborat\u00f3rio Multipat\" \/>\r\n<meta property=\"og:description\" content=\"Todo processo do Laborat\u00f3rio, desde o recebimento do exame at\u00e9 a entrega do laudo ao m\u00e9dico e\/ou paciente\" \/>\r\n<meta property=\"og:url\" content=\"https:\/\/www.multipat.com.br\/site\/laboratorio-multipat\/\" \/>\r\n<meta property=\"og:site_name\" content=\"Multipat - Laborat\u00f3rio m\u00e9dico privado que presta diagn\u00f3sticos de Anatomia Patol\u00f3gica, Citopatologia Diagn\u00f3stica e Patologia Molecular em Jardim Guanabara - Campinas.\" \/>\r\n<meta property=\"article:modified_time\" content=\"2024-04-10T14:04:32+00:00\" \/>\r\n<meta name=\"author\" content=\"Desenvolvedor Projeto Web\" \/>\r\n<meta name=\"twitter:card\" content=\"summary_large_image\" \/>\r\n<meta name=\"twitter:label1\" content=\"Est. tempo de leitura\" \/>\n\t<meta name=\"twitter:data1\" content=\"3 minutos\" \/>\r\n<script type=\"application\/ld+json\" class=\"yoast-schema-graph\">{\"@context\":\"https:\/\/schema.org\",\"@graph\":[{\"@type\":\"WebSite\",\"@id\":\"http:\/\/www.multipat.com.br\/site\/#website\",\"url\":\"http:\/\/www.multipat.com.br\/site\/\",\"name\":\"Multipat - Laborat\u00f3rio m\u00e9dico privado que presta diagn\u00f3sticos de Anatomia Patol\u00f3gica, Citopatologia Diagn\u00f3stica e Patologia Molecular em Jardim Guanabara - Campinas.\",\"description\":\"Multipat - Laborat\u00f3rio m\u00e9dico privado que presta diagn\u00f3sticos de Anatomia Patol\u00f3gica, Citopatologia Diagn\u00f3stica e Patologia Molecular em Jardim Guanabara - Campinas.\",\"potentialAction\":[{\"@type\":\"SearchAction\",\"target\":{\"@type\":\"EntryPoint\",\"urlTemplate\":\"http:\/\/www.multipat.com.br\/site\/?s={search_term_string}\"},\"query-input\":\"required name=search_term_string\"}],\"inLanguage\":\"pt-BR\"},{\"@type\":\"WebPage\",\"@id\":\"https:\/\/www.multipat.com.br\/site\/laboratorio-multipat\/#webpage\",\"url\":\"https:\/\/www.multipat.com.br\/site\/laboratorio-multipat\/\",\"name\":\"Laborat\u00f3rio Multipat\",\"isPartOf\":{\"@id\":\"http:\/\/www.multipat.com.br\/site\/#website\"},\"datePublished\":\"2021-02-17T11:53:08+00:00\",\"dateModified\":\"2024-04-10T14:04:32+00:00\",\"description\":\"Todo processo do Laborat\u00f3rio, desde o recebimento do exame at\u00e9 a entrega do laudo ao m\u00e9dico e\/ou paciente\",\"breadcrumb\":{\"@id\":\"https:\/\/www.multipat.com.br\/site\/laboratorio-multipat\/#breadcrumb\"},\"inLanguage\":\"pt-BR\",\"potentialAction\":[{\"@type\":\"ReadAction\",\"target\":[\"https:\/\/www.multipat.com.br\/site\/laboratorio-multipat\/\"]}]},{\"@type\":\"BreadcrumbList\",\"@id\":\"https:\/\/www.multipat.com.br\/site\/laboratorio-multipat\/#breadcrumb\",\"itemListElement\":[{\"@type\":\"ListItem\",\"position\":1,\"name\":\"In\u00edcio\",\"item\":\"http:\/\/www.multipat.com.br\/site\/\"},{\"@type\":\"ListItem\",\"position\":2,\"name\":\"Empresa\"}]}]}<\/script>\r\n<!-- \/ Yoast SEO plugin. -->","yoast_head_json":{"title":"Laborat\u00f3rio Multipat","description":"Todo processo do Laborat\u00f3rio, desde o recebimento do exame at\u00e9 a entrega do laudo ao m\u00e9dico e\/ou paciente","robots":{"index":"index","follow":"follow","max-snippet":"max-snippet:-1","max-image-preview":"max-image-preview:large","max-video-preview":"max-video-preview:-1"},"canonical":"https:\/\/www.multipat.com.br\/site\/laboratorio-multipat\/","og_locale":"pt_BR","og_type":"article","og_title":"Laborat\u00f3rio Multipat","og_description":"Todo processo do Laborat\u00f3rio, desde o recebimento do exame at\u00e9 a entrega do laudo ao m\u00e9dico e\/ou paciente","og_url":"https:\/\/www.multipat.com.br\/site\/laboratorio-multipat\/","og_site_name":"Multipat - Laborat\u00f3rio m\u00e9dico privado que presta diagn\u00f3sticos de Anatomia Patol\u00f3gica, Citopatologia Diagn\u00f3stica e Patologia Molecular em Jardim Guanabara - Campinas.","article_modified_time":"2024-04-10T14:04:32+00:00","author":"Desenvolvedor Projeto Web","twitter_card":"summary_large_image","twitter_misc":{"Est. tempo de leitura":"3 minutos"},"schema":{"@context":"https:\/\/schema.org","@graph":[{"@type":"WebSite","@id":"http:\/\/www.multipat.com.br\/site\/#website","url":"http:\/\/www.multipat.com.br\/site\/","name":"Multipat - Laborat\u00f3rio m\u00e9dico privado que presta diagn\u00f3sticos de Anatomia Patol\u00f3gica, Citopatologia Diagn\u00f3stica e Patologia Molecular em Jardim Guanabara - Campinas.","description":"Multipat - Laborat\u00f3rio m\u00e9dico privado que presta diagn\u00f3sticos de Anatomia Patol\u00f3gica, Citopatologia Diagn\u00f3stica e Patologia Molecular em Jardim Guanabara - Campinas.","potentialAction":[{"@type":"SearchAction","target":{"@type":"EntryPoint","urlTemplate":"http:\/\/www.multipat.com.br\/site\/?s={search_term_string}"},"query-input":"required name=search_term_string"}],"inLanguage":"pt-BR"},{"@type":"WebPage","@id":"https:\/\/www.multipat.com.br\/site\/laboratorio-multipat\/#webpage","url":"https:\/\/www.multipat.com.br\/site\/laboratorio-multipat\/","name":"Laborat\u00f3rio Multipat","isPartOf":{"@id":"http:\/\/www.multipat.com.br\/site\/#website"},"datePublished":"2021-02-17T11:53:08+00:00","dateModified":"2024-04-10T14:04:32+00:00","description":"Todo processo do Laborat\u00f3rio, desde o recebimento do exame at\u00e9 a entrega do laudo ao m\u00e9dico e\/ou paciente","breadcrumb":{"@id":"https:\/\/www.multipat.com.br\/site\/laboratorio-multipat\/#breadcrumb"},"inLanguage":"pt-BR","potentialAction":[{"@type":"ReadAction","target":["https:\/\/www.multipat.com.br\/site\/laboratorio-multipat\/"]}]},{"@type":"BreadcrumbList","@id":"https:\/\/www.multipat.com.br\/site\/laboratorio-multipat\/#breadcrumb","itemListElement":[{"@type":"ListItem","position":1,"name":"In\u00edcio","item":"http:\/\/www.multipat.com.br\/site\/"},{"@type":"ListItem","position":2,"name":"Empresa"}]}]}},"_links":{"self":[{"href":"https:\/\/www.multipat.com.br\/site\/wp-json\/wp\/v2\/pages\/93"}],"collection":[{"href":"https:\/\/www.multipat.com.br\/site\/wp-json\/wp\/v2\/pages"}],"about":[{"href":"https:\/\/www.multipat.com.br\/site\/wp-json\/wp\/v2\/types\/page"}],"author":[{"embeddable":true,"href":"https:\/\/www.multipat.com.br\/site\/wp-json\/wp\/v2\/users\/5"}],"replies":[{"embeddable":true,"href":"https:\/\/www.multipat.com.br\/site\/wp-json\/wp\/v2\/comments?post=93"}],"version-history":[{"count":251,"href":"https:\/\/www.multipat.com.br\/site\/wp-json\/wp\/v2\/pages\/93\/revisions"}],"predecessor-version":[{"id":2083,"href":"https:\/\/www.multipat.com.br\/site\/wp-json\/wp\/v2\/pages\/93\/revisions\/2083"}],"wp:attachment":[{"href":"https:\/\/www.multipat.com.br\/site\/wp-json\/wp\/v2\/media?parent=93"}],"curies":[{"name":"wp","href":"https:\/\/api.w.org\/{rel}","templated":true}]}}