{"id":645,"date":"2021-06-25T13:13:05","date_gmt":"2021-06-25T13:13:05","guid":{"rendered":"https:\/\/xn--criar-site-criao-sites-r4b9g.com.br\/provas-wp\/multipat\/?page_id=645"},"modified":"2024-04-10T16:51:54","modified_gmt":"2024-04-10T16:51:54","slug":"hibridizacao-in-situ","status":"publish","type":"page","link":"https:\/\/www.multipat.com.br\/site\/servicos-de-anatomopatologia-e-biologia-molecular\/hibridizacao-in-situ\/","title":{"rendered":"HIBRIDIZA\u00c7\u00c3O IN SITU COM FLUORESC\u00caNCIA (FISH)"},"content":{"rendered":"<div id=\"pl-645\"  class=\"panel-layout\" ><div id=\"pg-645-0\"  class=\"panel-grid panel-no-style\" ><div id=\"pgc-645-0-0\"  class=\"panel-grid-cell\" ><div id=\"panel-645-0-0-0\" class=\"so-panel widget widget_sow-image panel-first-child panel-last-child\" data-index=\"0\" ><div class=\"imgTitleBottom panel-widget-style panel-widget-style-for-645-0-0-0\" ><div\n\t\t\t\n\t\t\tclass=\"so-widget-sow-image so-widget-sow-image-default-6b88c04c1f9b-645\"\n\t\t\t\n\t\t>\n\n<div class=\"sow-image-container\">\n\t\t<img decoding=\"async\" src=\"https:\/\/www.multipat.com.br\/site\/wp-content\/uploads\/2022\/02\/hibridizacao-erbb2-300x300.png\" width=\"300\" height=\"300\" srcset=\"https:\/\/www.multipat.com.br\/site\/wp-content\/uploads\/2022\/02\/hibridizacao-erbb2-300x300.png 300w, https:\/\/www.multipat.com.br\/site\/wp-content\/uploads\/2022\/02\/hibridizacao-erbb2-150x150.png 150w, https:\/\/www.multipat.com.br\/site\/wp-content\/uploads\/2022\/02\/hibridizacao-erbb2-768x766.png 768w, https:\/\/www.multipat.com.br\/site\/wp-content\/uploads\/2022\/02\/hibridizacao-erbb2.png 945w\" sizes=\"(max-width: 300px) 100vw, 300px\" alt=\"\" loading=\"lazy\" \t\tclass=\"so-widget-image\"\/>\n\t<\/div>\n\n<h3 class=\"widget-title\"><\/h3><\/div><\/div><\/div><\/div><div id=\"pgc-645-0-1\"  class=\"panel-grid-cell\" ><div id=\"panel-645-0-1-0\" class=\"so-panel widget widget_sow-image panel-first-child panel-last-child\" data-index=\"1\" ><div class=\"imgTitleBottom panel-widget-style panel-widget-style-for-645-0-1-0\" ><div\n\t\t\t\n\t\t\tclass=\"so-widget-sow-image so-widget-sow-image-default-6b88c04c1f9b-645\"\n\t\t\t\n\t\t>\n\n<div class=\"sow-image-container\">\n\t\t<img decoding=\"async\" src=\"https:\/\/www.multipat.com.br\/site\/wp-content\/uploads\/2022\/02\/regiao-centromerica-300x300.png\" width=\"300\" height=\"300\" srcset=\"https:\/\/www.multipat.com.br\/site\/wp-content\/uploads\/2022\/02\/regiao-centromerica-300x300.png 300w, https:\/\/www.multipat.com.br\/site\/wp-content\/uploads\/2022\/02\/regiao-centromerica-150x150.png 150w, https:\/\/www.multipat.com.br\/site\/wp-content\/uploads\/2022\/02\/regiao-centromerica-768x769.png 768w, https:\/\/www.multipat.com.br\/site\/wp-content\/uploads\/2022\/02\/regiao-centromerica.png 940w\" sizes=\"(max-width: 300px) 100vw, 300px\" alt=\"\" loading=\"lazy\" \t\tclass=\"so-widget-image\"\/>\n\t<\/div>\n\n<h3 class=\"widget-title\"><\/h3><\/div><\/div><\/div><\/div><\/div><div id=\"pg-645-1\"  class=\"panel-grid panel-no-style\" ><div id=\"pgc-645-1-0\"  class=\"panel-grid-cell\" ><div id=\"panel-645-1-0-0\" class=\"so-panel widget widget_sow-editor panel-first-child panel-last-child\" data-index=\"2\" ><div class=\"texto-imuno-list panel-widget-style panel-widget-style-for-645-1-0-0\" ><div\n\t\t\t\n\t\t\tclass=\"so-widget-sow-editor so-widget-sow-editor-base\"\n\t\t\t\n\t\t>\n<div class=\"siteorigin-widget-tinymce textwidget\">\n\t<p style=\"text-align: center;\">Sonda para detec\u00e7\u00e3o do gene HER2 em carcinoma mam\u00e1rio. No mesmo tecido, foi aplicada simultaneamente a sonda para a detec\u00e7\u00e3o do cromossomo 17, onde o gene HER2 est\u00e1 localizado. O resultado da rea\u00e7\u00e3o \u00e9 dado dividindo-se o n\u00famero de sinais do gene HER2 pelo n\u00famero de sinais do cromossomo 17.<\/p>\n<\/div>\n<\/div><\/div><\/div><\/div><\/div><div id=\"pg-645-2\"  class=\"panel-grid panel-no-style\" ><div id=\"pgc-645-2-0\"  class=\"panel-grid-cell\" ><div id=\"panel-645-2-0-0\" class=\"so-panel widget widget_sow-editor panel-first-child panel-last-child\" data-index=\"3\" ><div class=\"texto-imuno-list panel-widget-style panel-widget-style-for-645-2-0-0\" ><div\n\t\t\t\n\t\t\tclass=\"so-widget-sow-editor so-widget-sow-editor-base\"\n\t\t\t\n\t\t>\n<div class=\"siteorigin-widget-tinymce textwidget\">\n\t<p>Hibridiza\u00e7\u00e3o \u201cin situ\u201d \u00e9 uma t\u00e9cnica laboratorial que utiliza uma sonda (DNA ou RNA complementar ou ainda uma sonda sintetizada em laborat\u00f3rio) para identificar uma sequ\u00eancia espec\u00edfica de \u00e1cido nucleico. Diferente da imunoistoqu\u00edmica, que geralmente identifica a express\u00e3o proteica, a hibridiza\u00e7\u00e3o \u201cin situ\u201d localiza uma altera\u00e7\u00e3o diretamente na fita de DNA ou RNA.<\/p>\n<p>\u00c9 uma ferramenta indispens\u00e1vel \u00e0 medida que os diagn\u00f3sticos, sobretudo oncol\u00f3gicos, cada vez mais requerem marcadores moleculares para diagn\u00f3stico integrado, identifica\u00e7\u00e3o de subgrupos moleculares e alvos terap\u00eauticos espec\u00edficos em medicina personalizada.<\/p>\n<p>Caso o exame anatomopatol\u00f3gico tenha sido realizado em outro laborat\u00f3rio, o paciente ou respons\u00e1vel deve encaminhar o bloco parafinado com o tecido a ser estudado e entreg\u00e1-lo ao Multipat (ou envi\u00e1-lo pelo correio ou outro meio de transporte).<\/p>\n<p>A Hibridiza\u00e7\u00e3o \u201cin situ\u201d ou \u201cISH\u201d (do ingl\u00eas \u201cin situ hybrization) pode ser aplicada atrav\u00e9s de diferentes m\u00e9todos. Um dos m\u00e9todos mais comuns utiliza um marcador fluorescente para a sonda estudada. Esta t\u00e9cnica, chamada de FISH (ou \u201cfluorescence in situ \u201chybridization\u201d) requer um microsc\u00f3pio especial, de campo escuro, para a leitura da l\u00e2mina. O FISH pode ser multiplex\u00edvel, quando duas ou mais sondas com fluorocromos diferentes s\u00e3o aplicados ao mesmo tempo em uma amostra. Esta t\u00e9cnica permite avaliar presen\u00e7a e n\u00famero de c\u00f3pias de um gene, an\u00e1lise de muta\u00e7\u00e3o, rearranjo e amplifica\u00e7\u00e3o.<\/p>\n<p>&nbsp;<\/p>\n<h2 style=\"text-align: left;\"><span style=\"color: #003366;\"><strong>APLICA\u00c7\u00d5ES DA HIBRIDIZA\u00c7\u00c3O IN SITU<\/strong><\/span><\/h2>\n<ul>\n<li>Verificar a presen\u00e7a de amplifica\u00e7\u00e3o do gene HER2 em c\u00e2ncer nos casos de imunoistoqu\u00edmica duvidosa (+2) ou positiva (+3). A amplifica\u00e7\u00e3o de HER2 \u00e9 observada em at\u00e9 20% dos c\u00e2nceres de mama, por exemplo, e est\u00e1 associada a um fen\u00f3tipo agressivo. Trastuzumab, um anticorpo monoclonal para HER2, acumula benef\u00edcio cl\u00ednico significativo no tratamento.<\/li>\n<li>Detectar amplifica\u00e7\u00e3o N-MYC em certos tumores, o que caracteriza formas mais agressivas de neuroblastomas e ependimomas medulares por exemplo.<\/li>\n<li>Diagn\u00f3stico integrado em v\u00e1rios casos de neuropatologia. Atualmente v\u00e1rias neoplasias de sistema nervoso central requerem a identifica\u00e7\u00e3o de uma assinatura molecular para o seu diagn\u00f3stico definitivo. Por exemplo, Oligodendrogliomas necessitam da avalia\u00e7\u00e3o de co-dele\u00e7\u00e3o 1p19q e Tumores embrion\u00e1rios com rosetas em multicamadas (ETMR) requerem verifica\u00e7\u00e3o de amplifica\u00e7\u00e3o do cluster de microRNA do cromossomo 19 (C19MC) para diagn\u00f3stico.<\/li>\n<li>Identifica\u00e7\u00e3o de rearranjos para auxiliar o diagn\u00f3stico em casos de dif\u00edcil interpreta\u00e7\u00e3o morfol\u00f3gica, como fus\u00e3o KIAA1549-Braf em astrocitomas piloc\u00edticos, e EWSR1 em Sarcomas de Ewing, Tumor desmopl\u00e1sico de c\u00e9lulas redondas, Sarcoma de c\u00e9lulas claras e Condrossarcomas mixoides extra-esquel\u00e9ticos, ou variantes mais agressivas como nos linfomas de c\u00e9lulas B <em>triple-hit<\/em>, com rearranjos BCL2, BCL6 e c-MYC.<\/li>\n<\/ul>\n<\/div>\n<\/div><\/div><\/div><\/div><\/div><\/div>","protected":false},"excerpt":{"rendered":"<p>Sonda para detec\u00e7\u00e3o do gene HER2 em carcinoma mam\u00e1rio. No mesmo tecido, foi aplicada simultaneamente a sonda para a detec\u00e7\u00e3o do cromossomo 17, onde o gene HER2 est\u00e1 localizado. O resultado da rea\u00e7\u00e3o \u00e9 dado dividindo-se o n\u00famero de sinais do gene HER2 pelo n\u00famero de sinais do cromossomo 17.<\/p>\n","protected":false},"author":5,"featured_media":0,"parent":507,"menu_order":0,"comment_status":"closed","ping_status":"closed","template":"","meta":{"footnotes":""},"acf":[],"yoast_head":"<!-- This site is optimized with the Yoast SEO plugin v19.2 - https:\/\/yoast.com\/wordpress\/plugins\/seo\/ -->\r\n<title>HIBRIDIZA\u00c7\u00c3O IN SITU COM FLUORESC\u00caNCIA (FISH)<\/title>\r\n<meta name=\"description\" content=\"Hibridiza\u00e7\u00e3o \u201cin situ\u201d \u00e9 uma t\u00e9cnica laboratorial que utiliza uma sonda (DNA ou RNA complementar ou ainda uma sonda sintetizada em laborat\u00f3rio)\" \/>\r\n<meta name=\"robots\" content=\"index, follow, max-snippet:-1, max-image-preview:large, max-video-preview:-1\" \/>\r\n<link rel=\"canonical\" href=\"https:\/\/www.multipat.com.br\/site\/servicos-de-anatomopatologia-e-biologia-molecular\/hibridizacao-in-situ\/\" \/>\r\n<meta property=\"og:locale\" content=\"pt_BR\" \/>\r\n<meta property=\"og:type\" content=\"article\" \/>\r\n<meta property=\"og:title\" content=\"HIBRIDIZA\u00c7\u00c3O IN SITU COM FLUORESC\u00caNCIA (FISH)\" \/>\r\n<meta property=\"og:description\" content=\"Hibridiza\u00e7\u00e3o \u201cin situ\u201d \u00e9 uma t\u00e9cnica laboratorial que utiliza uma sonda (DNA ou RNA complementar ou ainda uma sonda sintetizada em laborat\u00f3rio)\" \/>\r\n<meta property=\"og:url\" content=\"https:\/\/www.multipat.com.br\/site\/servicos-de-anatomopatologia-e-biologia-molecular\/hibridizacao-in-situ\/\" \/>\r\n<meta property=\"og:site_name\" content=\"Multipat - Laborat\u00f3rio m\u00e9dico privado que presta diagn\u00f3sticos de Anatomia Patol\u00f3gica, Citopatologia Diagn\u00f3stica e Patologia Molecular em Jardim Guanabara - Campinas.\" \/>\r\n<meta property=\"article:modified_time\" content=\"2024-04-10T16:51:54+00:00\" \/>\r\n<meta name=\"author\" content=\"Desenvolvedor Projeto Web\" \/>\r\n<meta name=\"twitter:card\" content=\"summary_large_image\" \/>\r\n<meta name=\"twitter:label1\" content=\"Est. tempo de leitura\" \/>\n\t<meta name=\"twitter:data1\" content=\"3 minutos\" \/>\r\n<script type=\"application\/ld+json\" class=\"yoast-schema-graph\">{\"@context\":\"https:\/\/schema.org\",\"@graph\":[{\"@type\":\"WebSite\",\"@id\":\"http:\/\/www.multipat.com.br\/site\/#website\",\"url\":\"http:\/\/www.multipat.com.br\/site\/\",\"name\":\"Multipat - Laborat\u00f3rio m\u00e9dico privado que presta diagn\u00f3sticos de Anatomia Patol\u00f3gica, Citopatologia Diagn\u00f3stica e Patologia Molecular em Jardim Guanabara - Campinas.\",\"description\":\"Multipat - Laborat\u00f3rio m\u00e9dico privado que presta diagn\u00f3sticos de Anatomia Patol\u00f3gica, Citopatologia Diagn\u00f3stica e Patologia Molecular em Jardim Guanabara - Campinas.\",\"potentialAction\":[{\"@type\":\"SearchAction\",\"target\":{\"@type\":\"EntryPoint\",\"urlTemplate\":\"http:\/\/www.multipat.com.br\/site\/?s={search_term_string}\"},\"query-input\":\"required name=search_term_string\"}],\"inLanguage\":\"pt-BR\"},{\"@type\":\"WebPage\",\"@id\":\"https:\/\/www.multipat.com.br\/site\/servicos-de-anatomopatologia-e-biologia-molecular\/hibridizacao-in-situ\/#webpage\",\"url\":\"https:\/\/www.multipat.com.br\/site\/servicos-de-anatomopatologia-e-biologia-molecular\/hibridizacao-in-situ\/\",\"name\":\"HIBRIDIZA\u00c7\u00c3O IN SITU COM FLUORESC\u00caNCIA (FISH)\",\"isPartOf\":{\"@id\":\"http:\/\/www.multipat.com.br\/site\/#website\"},\"datePublished\":\"2021-06-25T13:13:05+00:00\",\"dateModified\":\"2024-04-10T16:51:54+00:00\",\"description\":\"Hibridiza\u00e7\u00e3o \u201cin situ\u201d \u00e9 uma t\u00e9cnica laboratorial que utiliza uma sonda (DNA ou RNA complementar ou ainda uma sonda sintetizada em laborat\u00f3rio)\",\"breadcrumb\":{\"@id\":\"https:\/\/www.multipat.com.br\/site\/servicos-de-anatomopatologia-e-biologia-molecular\/hibridizacao-in-situ\/#breadcrumb\"},\"inLanguage\":\"pt-BR\",\"potentialAction\":[{\"@type\":\"ReadAction\",\"target\":[\"https:\/\/www.multipat.com.br\/site\/servicos-de-anatomopatologia-e-biologia-molecular\/hibridizacao-in-situ\/\"]}]},{\"@type\":\"BreadcrumbList\",\"@id\":\"https:\/\/www.multipat.com.br\/site\/servicos-de-anatomopatologia-e-biologia-molecular\/hibridizacao-in-situ\/#breadcrumb\",\"itemListElement\":[{\"@type\":\"ListItem\",\"position\":1,\"name\":\"In\u00edcio\",\"item\":\"http:\/\/www.multipat.com.br\/site\/\"},{\"@type\":\"ListItem\",\"position\":2,\"name\":\"Exames\",\"item\":\"https:\/\/www.multipat.com.br\/site\/servicos-de-anatomopatologia-e-biologia-molecular\/\"},{\"@type\":\"ListItem\",\"position\":3,\"name\":\"HIBRIDIZA\u00c7\u00c3O IN SITU COM FLUORESC\u00caNCIA (FISH)\"}]}]}<\/script>\r\n<!-- \/ Yoast SEO plugin. -->","yoast_head_json":{"title":"HIBRIDIZA\u00c7\u00c3O IN SITU COM FLUORESC\u00caNCIA (FISH)","description":"Hibridiza\u00e7\u00e3o \u201cin situ\u201d \u00e9 uma t\u00e9cnica laboratorial que utiliza uma sonda (DNA ou RNA complementar ou ainda uma sonda sintetizada em laborat\u00f3rio)","robots":{"index":"index","follow":"follow","max-snippet":"max-snippet:-1","max-image-preview":"max-image-preview:large","max-video-preview":"max-video-preview:-1"},"canonical":"https:\/\/www.multipat.com.br\/site\/servicos-de-anatomopatologia-e-biologia-molecular\/hibridizacao-in-situ\/","og_locale":"pt_BR","og_type":"article","og_title":"HIBRIDIZA\u00c7\u00c3O IN SITU COM FLUORESC\u00caNCIA (FISH)","og_description":"Hibridiza\u00e7\u00e3o \u201cin situ\u201d \u00e9 uma t\u00e9cnica laboratorial que utiliza uma sonda (DNA ou RNA complementar ou ainda uma sonda sintetizada em laborat\u00f3rio)","og_url":"https:\/\/www.multipat.com.br\/site\/servicos-de-anatomopatologia-e-biologia-molecular\/hibridizacao-in-situ\/","og_site_name":"Multipat - Laborat\u00f3rio m\u00e9dico privado que presta diagn\u00f3sticos de Anatomia Patol\u00f3gica, Citopatologia Diagn\u00f3stica e Patologia Molecular em Jardim Guanabara - Campinas.","article_modified_time":"2024-04-10T16:51:54+00:00","author":"Desenvolvedor Projeto Web","twitter_card":"summary_large_image","twitter_misc":{"Est. tempo de leitura":"3 minutos"},"schema":{"@context":"https:\/\/schema.org","@graph":[{"@type":"WebSite","@id":"http:\/\/www.multipat.com.br\/site\/#website","url":"http:\/\/www.multipat.com.br\/site\/","name":"Multipat - Laborat\u00f3rio m\u00e9dico privado que presta diagn\u00f3sticos de Anatomia Patol\u00f3gica, Citopatologia Diagn\u00f3stica e Patologia Molecular em Jardim Guanabara - Campinas.","description":"Multipat - Laborat\u00f3rio m\u00e9dico privado que presta diagn\u00f3sticos de Anatomia Patol\u00f3gica, Citopatologia Diagn\u00f3stica e Patologia Molecular em Jardim Guanabara - Campinas.","potentialAction":[{"@type":"SearchAction","target":{"@type":"EntryPoint","urlTemplate":"http:\/\/www.multipat.com.br\/site\/?s={search_term_string}"},"query-input":"required name=search_term_string"}],"inLanguage":"pt-BR"},{"@type":"WebPage","@id":"https:\/\/www.multipat.com.br\/site\/servicos-de-anatomopatologia-e-biologia-molecular\/hibridizacao-in-situ\/#webpage","url":"https:\/\/www.multipat.com.br\/site\/servicos-de-anatomopatologia-e-biologia-molecular\/hibridizacao-in-situ\/","name":"HIBRIDIZA\u00c7\u00c3O IN SITU COM FLUORESC\u00caNCIA (FISH)","isPartOf":{"@id":"http:\/\/www.multipat.com.br\/site\/#website"},"datePublished":"2021-06-25T13:13:05+00:00","dateModified":"2024-04-10T16:51:54+00:00","description":"Hibridiza\u00e7\u00e3o \u201cin situ\u201d \u00e9 uma t\u00e9cnica laboratorial que utiliza uma sonda (DNA ou RNA complementar ou ainda uma sonda sintetizada em laborat\u00f3rio)","breadcrumb":{"@id":"https:\/\/www.multipat.com.br\/site\/servicos-de-anatomopatologia-e-biologia-molecular\/hibridizacao-in-situ\/#breadcrumb"},"inLanguage":"pt-BR","potentialAction":[{"@type":"ReadAction","target":["https:\/\/www.multipat.com.br\/site\/servicos-de-anatomopatologia-e-biologia-molecular\/hibridizacao-in-situ\/"]}]},{"@type":"BreadcrumbList","@id":"https:\/\/www.multipat.com.br\/site\/servicos-de-anatomopatologia-e-biologia-molecular\/hibridizacao-in-situ\/#breadcrumb","itemListElement":[{"@type":"ListItem","position":1,"name":"In\u00edcio","item":"http:\/\/www.multipat.com.br\/site\/"},{"@type":"ListItem","position":2,"name":"Exames","item":"https:\/\/www.multipat.com.br\/site\/servicos-de-anatomopatologia-e-biologia-molecular\/"},{"@type":"ListItem","position":3,"name":"HIBRIDIZA\u00c7\u00c3O IN SITU COM FLUORESC\u00caNCIA (FISH)"}]}]}},"_links":{"self":[{"href":"https:\/\/www.multipat.com.br\/site\/wp-json\/wp\/v2\/pages\/645"}],"collection":[{"href":"https:\/\/www.multipat.com.br\/site\/wp-json\/wp\/v2\/pages"}],"about":[{"href":"https:\/\/www.multipat.com.br\/site\/wp-json\/wp\/v2\/types\/page"}],"author":[{"embeddable":true,"href":"https:\/\/www.multipat.com.br\/site\/wp-json\/wp\/v2\/users\/5"}],"replies":[{"embeddable":true,"href":"https:\/\/www.multipat.com.br\/site\/wp-json\/wp\/v2\/comments?post=645"}],"version-history":[{"count":68,"href":"https:\/\/www.multipat.com.br\/site\/wp-json\/wp\/v2\/pages\/645\/revisions"}],"predecessor-version":[{"id":2060,"href":"https:\/\/www.multipat.com.br\/site\/wp-json\/wp\/v2\/pages\/645\/revisions\/2060"}],"up":[{"embeddable":true,"href":"https:\/\/www.multipat.com.br\/site\/wp-json\/wp\/v2\/pages\/507"}],"wp:attachment":[{"href":"https:\/\/www.multipat.com.br\/site\/wp-json\/wp\/v2\/media?parent=645"}],"curies":[{"name":"wp","href":"https:\/\/api.w.org\/{rel}","templated":true}]}}