{"id":641,"date":"2021-06-25T13:05:24","date_gmt":"2021-06-25T13:05:24","guid":{"rendered":"https:\/\/xn--criar-site-criao-sites-r4b9g.com.br\/provas-wp\/multipat\/?page_id=641"},"modified":"2024-04-10T16:54:19","modified_gmt":"2024-04-10T16:54:19","slug":"exames-peroperatorios-por-congelamento","status":"publish","type":"page","link":"https:\/\/www.multipat.com.br\/site\/servicos-de-anatomopatologia-e-biologia-molecular\/exames-peroperatorios-por-congelamento\/","title":{"rendered":"PEROPERAT\u00d3RIO POR CONGELAMENTO"},"content":{"rendered":"<div id=\"pl-641\"  class=\"panel-layout\" ><div id=\"pg-641-0\"  class=\"panel-grid panel-no-style\" ><div id=\"pgc-641-0-0\"  class=\"panel-grid-cell panel-grid-cell-empty\" ><\/div><div id=\"pgc-641-0-1\"  class=\"panel-grid-cell panel-grid-cell-mobile-last\" ><div id=\"panel-641-0-1-0\" class=\"so-panel widget widget_sow-image panel-first-child panel-last-child\" data-index=\"0\" ><div\n\t\t\t\n\t\t\tclass=\"so-widget-sow-image so-widget-sow-image-default-17bc2272b535-641\"\n\t\t\t\n\t\t>\n\n<div class=\"sow-image-container\">\n\t\t<img decoding=\"async\" src=\"https:\/\/www.multipat.com.br\/site\/wp-content\/uploads\/2021\/06\/FOTO-MAQUINA-DE-CONGELA-.jpg\" width=\"1049\" height=\"717\" srcset=\"https:\/\/www.multipat.com.br\/site\/wp-content\/uploads\/2021\/06\/FOTO-MAQUINA-DE-CONGELA-.jpg 1049w, https:\/\/www.multipat.com.br\/site\/wp-content\/uploads\/2021\/06\/FOTO-MAQUINA-DE-CONGELA--300x205.jpg 300w, https:\/\/www.multipat.com.br\/site\/wp-content\/uploads\/2021\/06\/FOTO-MAQUINA-DE-CONGELA--1024x700.jpg 1024w, https:\/\/www.multipat.com.br\/site\/wp-content\/uploads\/2021\/06\/FOTO-MAQUINA-DE-CONGELA--768x525.jpg 768w\" sizes=\"(max-width: 1049px) 100vw, 1049px\" title=\"FOTO M\u00c1QUINA DE CONGELA\" alt=\"\" loading=\"lazy\" \t\tclass=\"so-widget-image\"\/>\n\t<\/div>\n\n<\/div><\/div><\/div><div id=\"pgc-641-0-2\"  class=\"panel-grid-cell panel-grid-cell-empty\" ><\/div><\/div><div id=\"pg-641-1\"  class=\"panel-grid panel-no-style\" ><div id=\"pgc-641-1-0\"  class=\"panel-grid-cell\" ><div id=\"panel-641-1-0-0\" class=\"so-panel widget widget_sow-editor panel-first-child panel-last-child\" data-index=\"1\" ><div\n\t\t\t\n\t\t\tclass=\"so-widget-sow-editor so-widget-sow-editor-base\"\n\t\t\t\n\t\t>\n<div class=\"siteorigin-widget-tinymce textwidget\">\n\t<p>Exames peroperat\u00f3rios por congelamento ou, simplesmente, \u201cexame de congela\u00e7\u00e3o\u201d s\u00e3o procedimentos nos quais o diagn\u00f3stico histopatol\u00f3gico \u00e9 feito pela equipe Multipat (m\u00e9dico Patologista e t\u00e9cnico) junto ao centro cir\u00fargico hospitalar. Por se tratar de procedimento em que o a equipe do Laborat\u00f3rio deve se locomover para o Hospital onde ocorre a cirurgia, \u00e9 necess\u00e1rio seu agendamento com pelo menos 24 horas de anteced\u00eancia. O Multipat n\u00e3o realiza o exame peroperat\u00f3rio por congelamento transportando as pe\u00e7as cir\u00fargicas a fresco do Hospital para o Laborat\u00f3rio, seguindo as regras da Vigil\u00e2ncia Sanit\u00e1ria. Em quest\u00e3o de minutos, o m\u00e9dico Patologista informa \u00e0 equipe cir\u00fargica, por exemplo, sobre malignidade ou benignidade de um tumor e sobre a adequa\u00e7\u00e3o das margens cir\u00fargicas na retirada de neoplasias.<\/p>\n<\/div>\n<\/div><\/div><\/div><\/div><\/div>","protected":false},"excerpt":{"rendered":"<p>Exames peroperat\u00f3rios por congelamento ou, simplesmente, \u201cexame de congela\u00e7\u00e3o\u201d s\u00e3o procedimentos nos quais o diagn\u00f3stico histopatol\u00f3gico \u00e9 feito pela equipe Multipat (m\u00e9dico Patologista e t\u00e9cnico) junto ao centro cir\u00fargico hospitalar. Por se tratar de procedimento em que o a equipe do Laborat\u00f3rio deve se locomover para o Hospital onde ocorre a cirurgia, \u00e9 necess\u00e1rio seu [&hellip;]<\/p>\n","protected":false},"author":5,"featured_media":0,"parent":507,"menu_order":0,"comment_status":"closed","ping_status":"closed","template":"","meta":{"footnotes":""},"acf":[],"yoast_head":"<!-- This site is optimized with the Yoast SEO plugin v19.2 - https:\/\/yoast.com\/wordpress\/plugins\/seo\/ -->\r\n<title>Exames Peroperat\u00f3rios por Congelamento<\/title>\r\n<meta name=\"description\" content=\"Descubra como os exames de congela\u00e7\u00e3o garantem diagn\u00f3sticos precisos em tempo real durante procedimentos cir\u00fargicos no Multipat.\" \/>\r\n<meta name=\"robots\" content=\"index, follow, max-snippet:-1, max-image-preview:large, max-video-preview:-1\" \/>\r\n<link rel=\"canonical\" href=\"https:\/\/www.multipat.com.br\/site\/servicos-de-anatomopatologia-e-biologia-molecular\/exames-peroperatorios-por-congelamento\/\" \/>\r\n<meta property=\"og:locale\" content=\"pt_BR\" \/>\r\n<meta property=\"og:type\" content=\"article\" \/>\r\n<meta property=\"og:title\" content=\"Exames Peroperat\u00f3rios por Congelamento\" \/>\r\n<meta property=\"og:description\" content=\"Descubra como os exames de congela\u00e7\u00e3o garantem diagn\u00f3sticos precisos em tempo real durante procedimentos cir\u00fargicos no Multipat.\" \/>\r\n<meta property=\"og:url\" content=\"https:\/\/www.multipat.com.br\/site\/servicos-de-anatomopatologia-e-biologia-molecular\/exames-peroperatorios-por-congelamento\/\" \/>\r\n<meta property=\"og:site_name\" content=\"Multipat - Laborat\u00f3rio m\u00e9dico privado que presta diagn\u00f3sticos de Anatomia Patol\u00f3gica, Citopatologia Diagn\u00f3stica e Patologia Molecular em Jardim Guanabara - Campinas.\" \/>\r\n<meta property=\"article:modified_time\" content=\"2024-04-10T16:54:19+00:00\" \/>\r\n<meta name=\"author\" content=\"Desenvolvedor Projeto Web\" \/>\r\n<meta name=\"twitter:card\" content=\"summary_large_image\" \/>\r\n<meta name=\"twitter:label1\" content=\"Est. tempo de leitura\" \/>\n\t<meta name=\"twitter:data1\" content=\"1 minuto\" \/>\r\n<script type=\"application\/ld+json\" class=\"yoast-schema-graph\">{\"@context\":\"https:\/\/schema.org\",\"@graph\":[{\"@type\":\"WebSite\",\"@id\":\"http:\/\/www.multipat.com.br\/site\/#website\",\"url\":\"http:\/\/www.multipat.com.br\/site\/\",\"name\":\"Multipat - Laborat\u00f3rio m\u00e9dico privado que presta diagn\u00f3sticos de Anatomia Patol\u00f3gica, Citopatologia Diagn\u00f3stica e Patologia Molecular em Jardim Guanabara - Campinas.\",\"description\":\"Multipat - Laborat\u00f3rio m\u00e9dico privado que presta diagn\u00f3sticos de Anatomia Patol\u00f3gica, Citopatologia Diagn\u00f3stica e Patologia Molecular em Jardim Guanabara - Campinas.\",\"potentialAction\":[{\"@type\":\"SearchAction\",\"target\":{\"@type\":\"EntryPoint\",\"urlTemplate\":\"http:\/\/www.multipat.com.br\/site\/?s={search_term_string}\"},\"query-input\":\"required name=search_term_string\"}],\"inLanguage\":\"pt-BR\"},{\"@type\":\"WebPage\",\"@id\":\"https:\/\/www.multipat.com.br\/site\/servicos-de-anatomopatologia-e-biologia-molecular\/exames-peroperatorios-por-congelamento\/#webpage\",\"url\":\"https:\/\/www.multipat.com.br\/site\/servicos-de-anatomopatologia-e-biologia-molecular\/exames-peroperatorios-por-congelamento\/\",\"name\":\"Exames Peroperat\u00f3rios por Congelamento\",\"isPartOf\":{\"@id\":\"http:\/\/www.multipat.com.br\/site\/#website\"},\"datePublished\":\"2021-06-25T13:05:24+00:00\",\"dateModified\":\"2024-04-10T16:54:19+00:00\",\"description\":\"Descubra como os exames de congela\u00e7\u00e3o garantem diagn\u00f3sticos precisos em tempo real durante procedimentos cir\u00fargicos no Multipat.\",\"breadcrumb\":{\"@id\":\"https:\/\/www.multipat.com.br\/site\/servicos-de-anatomopatologia-e-biologia-molecular\/exames-peroperatorios-por-congelamento\/#breadcrumb\"},\"inLanguage\":\"pt-BR\",\"potentialAction\":[{\"@type\":\"ReadAction\",\"target\":[\"https:\/\/www.multipat.com.br\/site\/servicos-de-anatomopatologia-e-biologia-molecular\/exames-peroperatorios-por-congelamento\/\"]}]},{\"@type\":\"BreadcrumbList\",\"@id\":\"https:\/\/www.multipat.com.br\/site\/servicos-de-anatomopatologia-e-biologia-molecular\/exames-peroperatorios-por-congelamento\/#breadcrumb\",\"itemListElement\":[{\"@type\":\"ListItem\",\"position\":1,\"name\":\"In\u00edcio\",\"item\":\"http:\/\/www.multipat.com.br\/site\/\"},{\"@type\":\"ListItem\",\"position\":2,\"name\":\"Exames\",\"item\":\"https:\/\/www.multipat.com.br\/site\/servicos-de-anatomopatologia-e-biologia-molecular\/\"},{\"@type\":\"ListItem\",\"position\":3,\"name\":\"PEROPERAT\u00d3RIO POR CONGELAMENTO\"}]}]}<\/script>\r\n<!-- \/ Yoast SEO plugin. -->","yoast_head_json":{"title":"Exames Peroperat\u00f3rios por Congelamento","description":"Descubra como os exames de congela\u00e7\u00e3o garantem diagn\u00f3sticos precisos em tempo real durante procedimentos cir\u00fargicos no Multipat.","robots":{"index":"index","follow":"follow","max-snippet":"max-snippet:-1","max-image-preview":"max-image-preview:large","max-video-preview":"max-video-preview:-1"},"canonical":"https:\/\/www.multipat.com.br\/site\/servicos-de-anatomopatologia-e-biologia-molecular\/exames-peroperatorios-por-congelamento\/","og_locale":"pt_BR","og_type":"article","og_title":"Exames Peroperat\u00f3rios por Congelamento","og_description":"Descubra como os exames de congela\u00e7\u00e3o garantem diagn\u00f3sticos precisos em tempo real durante procedimentos cir\u00fargicos no Multipat.","og_url":"https:\/\/www.multipat.com.br\/site\/servicos-de-anatomopatologia-e-biologia-molecular\/exames-peroperatorios-por-congelamento\/","og_site_name":"Multipat - Laborat\u00f3rio m\u00e9dico privado que presta diagn\u00f3sticos de Anatomia Patol\u00f3gica, Citopatologia Diagn\u00f3stica e Patologia Molecular em Jardim Guanabara - Campinas.","article_modified_time":"2024-04-10T16:54:19+00:00","author":"Desenvolvedor Projeto Web","twitter_card":"summary_large_image","twitter_misc":{"Est. tempo de leitura":"1 minuto"},"schema":{"@context":"https:\/\/schema.org","@graph":[{"@type":"WebSite","@id":"http:\/\/www.multipat.com.br\/site\/#website","url":"http:\/\/www.multipat.com.br\/site\/","name":"Multipat - Laborat\u00f3rio m\u00e9dico privado que presta diagn\u00f3sticos de Anatomia Patol\u00f3gica, Citopatologia Diagn\u00f3stica e Patologia Molecular em Jardim Guanabara - Campinas.","description":"Multipat - Laborat\u00f3rio m\u00e9dico privado que presta diagn\u00f3sticos de Anatomia Patol\u00f3gica, Citopatologia Diagn\u00f3stica e Patologia Molecular em Jardim Guanabara - Campinas.","potentialAction":[{"@type":"SearchAction","target":{"@type":"EntryPoint","urlTemplate":"http:\/\/www.multipat.com.br\/site\/?s={search_term_string}"},"query-input":"required name=search_term_string"}],"inLanguage":"pt-BR"},{"@type":"WebPage","@id":"https:\/\/www.multipat.com.br\/site\/servicos-de-anatomopatologia-e-biologia-molecular\/exames-peroperatorios-por-congelamento\/#webpage","url":"https:\/\/www.multipat.com.br\/site\/servicos-de-anatomopatologia-e-biologia-molecular\/exames-peroperatorios-por-congelamento\/","name":"Exames Peroperat\u00f3rios por Congelamento","isPartOf":{"@id":"http:\/\/www.multipat.com.br\/site\/#website"},"datePublished":"2021-06-25T13:05:24+00:00","dateModified":"2024-04-10T16:54:19+00:00","description":"Descubra como os exames de congela\u00e7\u00e3o garantem diagn\u00f3sticos precisos em tempo real durante procedimentos cir\u00fargicos no Multipat.","breadcrumb":{"@id":"https:\/\/www.multipat.com.br\/site\/servicos-de-anatomopatologia-e-biologia-molecular\/exames-peroperatorios-por-congelamento\/#breadcrumb"},"inLanguage":"pt-BR","potentialAction":[{"@type":"ReadAction","target":["https:\/\/www.multipat.com.br\/site\/servicos-de-anatomopatologia-e-biologia-molecular\/exames-peroperatorios-por-congelamento\/"]}]},{"@type":"BreadcrumbList","@id":"https:\/\/www.multipat.com.br\/site\/servicos-de-anatomopatologia-e-biologia-molecular\/exames-peroperatorios-por-congelamento\/#breadcrumb","itemListElement":[{"@type":"ListItem","position":1,"name":"In\u00edcio","item":"http:\/\/www.multipat.com.br\/site\/"},{"@type":"ListItem","position":2,"name":"Exames","item":"https:\/\/www.multipat.com.br\/site\/servicos-de-anatomopatologia-e-biologia-molecular\/"},{"@type":"ListItem","position":3,"name":"PEROPERAT\u00d3RIO POR CONGELAMENTO"}]}]}},"_links":{"self":[{"href":"https:\/\/www.multipat.com.br\/site\/wp-json\/wp\/v2\/pages\/641"}],"collection":[{"href":"https:\/\/www.multipat.com.br\/site\/wp-json\/wp\/v2\/pages"}],"about":[{"href":"https:\/\/www.multipat.com.br\/site\/wp-json\/wp\/v2\/types\/page"}],"author":[{"embeddable":true,"href":"https:\/\/www.multipat.com.br\/site\/wp-json\/wp\/v2\/users\/5"}],"replies":[{"embeddable":true,"href":"https:\/\/www.multipat.com.br\/site\/wp-json\/wp\/v2\/comments?post=641"}],"version-history":[{"count":20,"href":"https:\/\/www.multipat.com.br\/site\/wp-json\/wp\/v2\/pages\/641\/revisions"}],"predecessor-version":[{"id":1786,"href":"https:\/\/www.multipat.com.br\/site\/wp-json\/wp\/v2\/pages\/641\/revisions\/1786"}],"up":[{"embeddable":true,"href":"https:\/\/www.multipat.com.br\/site\/wp-json\/wp\/v2\/pages\/507"}],"wp:attachment":[{"href":"https:\/\/www.multipat.com.br\/site\/wp-json\/wp\/v2\/media?parent=641"}],"curies":[{"name":"wp","href":"https:\/\/api.w.org\/{rel}","templated":true}]}}