{"id":636,"date":"2021-06-25T13:03:52","date_gmt":"2021-06-25T13:03:52","guid":{"rendered":"https:\/\/xn--criar-site-criao-sites-r4b9g.com.br\/provas-wp\/multipat\/?page_id=636"},"modified":"2024-04-10T14:28:18","modified_gmt":"2024-04-10T14:28:18","slug":"citopatologia-multipat-laboratorio-medico","status":"publish","type":"page","link":"https:\/\/www.multipat.com.br\/site\/servicos-de-anatomopatologia-e-biologia-molecular\/citopatologia-multipat-laboratorio-medico\/","title":{"rendered":"CITOLOGIA"},"content":{"rendered":"<div id=\"pl-636\"  class=\"panel-layout\" ><div id=\"pg-636-0\"  class=\"panel-grid panel-has-style\" ><div class=\"texto-quebr-preto panel-row-style panel-row-style-for-636-0\" ><div id=\"pgc-636-0-0\"  class=\"panel-grid-cell\" ><div id=\"panel-636-0-0-0\" class=\"so-panel widget widget_sow-image panel-first-child panel-last-child\" data-index=\"0\" ><div class=\"imgTitleBottom panel-widget-style panel-widget-style-for-636-0-0-0\" ><div\n\t\t\t\n\t\t\tclass=\"so-widget-sow-image so-widget-sow-image-default-6b88c04c1f9b-636\"\n\t\t\t\n\t\t>\n\n<div class=\"sow-image-container\">\n\t\t<img decoding=\"async\" src=\"https:\/\/www.multipat.com.br\/site\/wp-content\/uploads\/2022\/02\/cell-block-300x300.png\" width=\"300\" height=\"300\" srcset=\"https:\/\/www.multipat.com.br\/site\/wp-content\/uploads\/2022\/02\/cell-block-300x300.png 300w, https:\/\/www.multipat.com.br\/site\/wp-content\/uploads\/2022\/02\/cell-block-150x150.png 150w, https:\/\/www.multipat.com.br\/site\/wp-content\/uploads\/2022\/02\/cell-block-768x769.png 768w, https:\/\/www.multipat.com.br\/site\/wp-content\/uploads\/2022\/02\/cell-block.png 938w\" sizes=\"(max-width: 300px) 100vw, 300px\" title=\" \u201cCell-block\u201d de pun\u00e7\u00e3o de tiroide (colora\u00e7\u00e3o de hematoxilina-eosina)\" alt=\"\" loading=\"lazy\" \t\tclass=\"so-widget-image\"\/>\n\t<\/div>\n\n<h3 class=\"widget-title\"> \u201cCell-block\u201d de pun\u00e7\u00e3o de tiroide (colora\u00e7\u00e3o de hematoxilina-eosina)<\/h3><\/div><\/div><\/div><\/div><div id=\"pgc-636-0-1\"  class=\"panel-grid-cell\" ><div id=\"panel-636-0-1-0\" class=\"so-panel widget widget_sow-image panel-first-child panel-last-child\" data-index=\"1\" ><div class=\"imgTitleBottom panel-widget-style panel-widget-style-for-636-0-1-0\" ><div\n\t\t\t\n\t\t\tclass=\"so-widget-sow-image so-widget-sow-image-default-6b88c04c1f9b-636\"\n\t\t\t\n\t\t>\n\n<div class=\"sow-image-container\">\n\t\t<img decoding=\"async\" src=\"https:\/\/www.multipat.com.br\/site\/wp-content\/uploads\/2022\/02\/coloracao-giemsa-298x300.png\" width=\"298\" height=\"300\" srcset=\"https:\/\/www.multipat.com.br\/site\/wp-content\/uploads\/2022\/02\/coloracao-giemsa-298x300.png 298w, https:\/\/www.multipat.com.br\/site\/wp-content\/uploads\/2022\/02\/coloracao-giemsa-150x150.png 150w, https:\/\/www.multipat.com.br\/site\/wp-content\/uploads\/2022\/02\/coloracao-giemsa-768x773.png 768w, https:\/\/www.multipat.com.br\/site\/wp-content\/uploads\/2022\/02\/coloracao-giemsa.png 939w\" sizes=\"(max-width: 298px) 100vw, 298px\" title=\"Esfrega\u00e7o de pun\u00e7\u00e3o de tiroide (colora\u00e7\u00e3o de Giemsa)\" alt=\"\" loading=\"lazy\" \t\tclass=\"so-widget-image\"\/>\n\t<\/div>\n\n<h3 class=\"widget-title\">Esfrega\u00e7o de pun\u00e7\u00e3o de tiroide (colora\u00e7\u00e3o de Giemsa)<\/h3><\/div><\/div><\/div><\/div><\/div><\/div><div id=\"pg-636-1\"  class=\"panel-grid panel-has-style\" ><div class=\"texto-quebr-preto panel-row-style panel-row-style-for-636-1\" ><div id=\"pgc-636-1-0\"  class=\"panel-grid-cell\" ><div id=\"panel-636-1-0-0\" class=\"so-panel widget widget_sow-image panel-first-child panel-last-child\" data-index=\"2\" ><div class=\"imgTitleBottom panel-widget-style panel-widget-style-for-636-1-0-0\" ><div\n\t\t\t\n\t\t\tclass=\"so-widget-sow-image so-widget-sow-image-default-6b88c04c1f9b-636\"\n\t\t\t\n\t\t>\n\n<div class=\"sow-image-container\">\n\t\t<img decoding=\"async\" src=\"https:\/\/www.multipat.com.br\/site\/wp-content\/uploads\/2022\/02\/derrame-pericardico-300x296.png\" width=\"300\" height=\"296\" srcset=\"https:\/\/www.multipat.com.br\/site\/wp-content\/uploads\/2022\/02\/derrame-pericardico-300x296.png 300w, https:\/\/www.multipat.com.br\/site\/wp-content\/uploads\/2022\/02\/derrame-pericardico-768x757.png 768w, https:\/\/www.multipat.com.br\/site\/wp-content\/uploads\/2022\/02\/derrame-pericardico.png 946w\" sizes=\"(max-width: 300px) 100vw, 300px\" title=\"\u201cCell-block\u201d de derrame peric\u00e1rdico (imunocitoqu\u00edmica com anticorpo AE1\/AE3)\" alt=\"\" loading=\"lazy\" \t\tclass=\"so-widget-image\"\/>\n\t<\/div>\n\n<h3 class=\"widget-title\">\u201cCell-block\u201d de derrame peric\u00e1rdico (imunocitoqu\u00edmica com anticorpo AE1\/AE3)<\/h3><\/div><\/div><\/div><\/div><div id=\"pgc-636-1-1\"  class=\"panel-grid-cell\" ><div id=\"panel-636-1-1-0\" class=\"so-panel widget widget_sow-image panel-first-child panel-last-child\" data-index=\"3\" ><div class=\"imgTitleBottom panel-widget-style panel-widget-style-for-636-1-1-0\" ><div\n\t\t\t\n\t\t\tclass=\"so-widget-sow-image so-widget-sow-image-default-6b88c04c1f9b-636\"\n\t\t\t\n\t\t>\n\n<div class=\"sow-image-container\">\n\t\t<img decoding=\"async\" src=\"https:\/\/www.multipat.com.br\/site\/wp-content\/uploads\/2022\/02\/puncao-tiroide-300x300.png\" width=\"300\" height=\"300\" srcset=\"https:\/\/www.multipat.com.br\/site\/wp-content\/uploads\/2022\/02\/puncao-tiroide-300x300.png 300w, https:\/\/www.multipat.com.br\/site\/wp-content\/uploads\/2022\/02\/puncao-tiroide-150x150.png 150w, https:\/\/www.multipat.com.br\/site\/wp-content\/uploads\/2022\/02\/puncao-tiroide-768x770.png 768w, https:\/\/www.multipat.com.br\/site\/wp-content\/uploads\/2022\/02\/puncao-tiroide.png 935w\" sizes=\"(max-width: 300px) 100vw, 300px\" title=\"Esfrega\u00e7o de pun\u00e7\u00e3o de tiroide (colora\u00e7\u00e3o de hematoxilina-eosina)\" alt=\"\" loading=\"lazy\" \t\tclass=\"so-widget-image\"\/>\n\t<\/div>\n\n<h3 class=\"widget-title\">Esfrega\u00e7o de pun\u00e7\u00e3o de tiroide (colora\u00e7\u00e3o de hematoxilina-eosina)<\/h3><\/div><\/div><\/div><\/div><\/div><\/div><div id=\"pg-636-2\"  class=\"panel-grid panel-no-style\" ><div id=\"pgc-636-2-0\"  class=\"panel-grid-cell\" ><div id=\"panel-636-2-0-0\" class=\"so-panel widget widget_sow-editor panel-first-child panel-last-child\" data-index=\"4\" ><div\n\t\t\t\n\t\t\tclass=\"so-widget-sow-editor so-widget-sow-editor-base\"\n\t\t\t\n\t\t>\n<div class=\"siteorigin-widget-tinymce textwidget\">\n\t<p>Exames preventivos do colo uterino - Papanicolaou, pun\u00e7\u00f5es aspirativas de tireoide, mama e outros \u00f3rg\u00e3os, pesquisa de c\u00e9lulas neopl\u00e1sicas em l\u00edquidos, como derrame pleural, ascite, urina.<\/p>\n<p>A Citopatologia \u00e9 o estudo da doen\u00e7a atrav\u00e9s da identifica\u00e7\u00e3o de altera\u00e7\u00f5es nas c\u00e9lulas destacadas de um \u00f3rg\u00e3o ou les\u00e3o.\u00a0 S\u00e3o analisados as caracter\u00edsticas individuais das c\u00e9lulas, os arranjos que elas formam entre si e sua rela\u00e7\u00e3o com outras c\u00e9lulas n\u00e3o alteradas e com componentes n\u00e3o celulares presentes nas amostras. O m\u00e9todo tamb\u00e9m permite a identifica\u00e7\u00e3o de microorganismos patog\u00eanicos.<\/p>\n<p>O diagn\u00f3stico citopatol\u00f3gico traz vantagens para o paciente, possibilitando maiores agilidade e assertividade na conduta terap\u00eautica.<\/p>\n<p>O material citol\u00f3gico tem m\u00faltiplas aplicabilidades possibilitando a realiza\u00e7\u00e3o da an\u00e1lise morfol\u00f3gica e de m\u00e9todos laboratoriais complementares como a citoqu\u00edmica, a imunocitoqu\u00edmica e t\u00e9cnicas moleculares diversas.<\/p>\n<p>O MultiPat fornece diagn\u00f3sticos citol\u00f3gicos de materiais provenientes de pun\u00e7\u00e3o aspirativa, como n\u00f3dulos e cistos de gl\u00e2ndula salivar, tireoidianos, mam\u00e1rios e cervicais, al\u00e9m de amostras l\u00edquidas como urina, lavado vesical, escovado br\u00f4nquico, lavado br\u00f4nquico, l\u00edquidos cavit\u00e1rios (pleural, asc\u00edtico e peric\u00e1rdico), assim como de amostras ginecol\u00f3gicas (citologia c\u00e9rvico-vaginal para rastreamento de les\u00f5es de colo uterino).<\/p>\n<p>A partir desses materiais, constitu\u00eddos por esfrega\u00e7os, sedimentos dos l\u00edquidos centrifugados e emblocados celulares ou \u201ccell-blocks\u201d (fragmentos s\u00f3lidos ou sedimentos da amostra citol\u00f3gica, processados, inclu\u00eddos em parafina e submetidos a cortes ultrafinos, de forma semelhante ao material histopatol\u00f3gico), s\u00e3o realizadas as an\u00e1lises morfol\u00f3gica, citoqu\u00edmica e imunocitoqu\u00edmica, para a pesquisa de c\u00e9lulas neopl\u00e1sicas e de agentes infecciosos (Poliomavirus, fungos e bacilos \u00e1lcool-\u00e1cido resistentes), assim como para a detec\u00e7\u00e3o de les\u00f5es n\u00e3o neopl\u00e1sicas.<\/p>\n<p>&nbsp;<\/p>\n<\/div>\n<\/div><\/div><\/div><\/div><\/div>","protected":false},"excerpt":{"rendered":"<p>\u201cCell-block\u201d de pun\u00e7\u00e3o de tiroide (colora\u00e7\u00e3o de hematoxilina-eosina) Esfrega\u00e7o de pun\u00e7\u00e3o de tiroide (colora\u00e7\u00e3o de Giemsa) \u201cCell-block\u201d de derrame peric\u00e1rdico (imunocitoqu\u00edmica com anticorpo AE1\/AE3) Esfrega\u00e7o de pun\u00e7\u00e3o de tiroide (colora\u00e7\u00e3o de hematoxilina-eosina) Exames preventivos do colo uterino &#8211; Papanicolaou, pun\u00e7\u00f5es aspirativas de tireoide, mama e outros \u00f3rg\u00e3os, pesquisa de c\u00e9lulas neopl\u00e1sicas em l\u00edquidos, como derrame [&hellip;]<\/p>\n","protected":false},"author":5,"featured_media":0,"parent":507,"menu_order":0,"comment_status":"closed","ping_status":"closed","template":"","meta":{"footnotes":""},"acf":[],"yoast_head":"<!-- This site is optimized with the Yoast SEO plugin v19.2 - https:\/\/yoast.com\/wordpress\/plugins\/seo\/ -->\r\n<title>Citopatologia - Multipat Laborat\u00f3rio m\u00e9dico<\/title>\r\n<meta name=\"description\" content=\"Citopatologia: an\u00e1lise das c\u00e9lulas, seus arranjos e rela\u00e7\u00e3o com microorganismos patog\u00eanicos, essencial para diagn\u00f3stico preciso de doen\u00e7as.\" \/>\r\n<meta name=\"robots\" content=\"index, follow, max-snippet:-1, max-image-preview:large, max-video-preview:-1\" \/>\r\n<link rel=\"canonical\" href=\"https:\/\/www.multipat.com.br\/site\/servicos-de-anatomopatologia-e-biologia-molecular\/citopatologia-multipat-laboratorio-medico\/\" \/>\r\n<meta property=\"og:locale\" content=\"pt_BR\" \/>\r\n<meta property=\"og:type\" content=\"article\" \/>\r\n<meta property=\"og:title\" content=\"Citopatologia - Multipat Laborat\u00f3rio m\u00e9dico\" \/>\r\n<meta property=\"og:description\" content=\"Citopatologia: an\u00e1lise das c\u00e9lulas, seus arranjos e rela\u00e7\u00e3o com microorganismos patog\u00eanicos, essencial para diagn\u00f3stico preciso de doen\u00e7as.\" \/>\r\n<meta property=\"og:url\" content=\"https:\/\/www.multipat.com.br\/site\/servicos-de-anatomopatologia-e-biologia-molecular\/citopatologia-multipat-laboratorio-medico\/\" \/>\r\n<meta property=\"og:site_name\" content=\"Multipat - Laborat\u00f3rio m\u00e9dico privado que presta diagn\u00f3sticos de Anatomia Patol\u00f3gica, Citopatologia Diagn\u00f3stica e Patologia Molecular em Jardim Guanabara - Campinas.\" \/>\r\n<meta property=\"article:modified_time\" content=\"2024-04-10T14:28:18+00:00\" \/>\r\n<meta name=\"author\" content=\"Desenvolvedor Projeto Web\" \/>\r\n<meta name=\"twitter:card\" content=\"summary_large_image\" \/>\r\n<meta name=\"twitter:label1\" content=\"Est. tempo de leitura\" \/>\n\t<meta name=\"twitter:data1\" content=\"2 minutos\" \/>\r\n<script type=\"application\/ld+json\" class=\"yoast-schema-graph\">{\"@context\":\"https:\/\/schema.org\",\"@graph\":[{\"@type\":\"WebSite\",\"@id\":\"http:\/\/www.multipat.com.br\/site\/#website\",\"url\":\"http:\/\/www.multipat.com.br\/site\/\",\"name\":\"Multipat - Laborat\u00f3rio m\u00e9dico privado que presta diagn\u00f3sticos de Anatomia Patol\u00f3gica, Citopatologia Diagn\u00f3stica e Patologia Molecular em Jardim Guanabara - Campinas.\",\"description\":\"Multipat - Laborat\u00f3rio m\u00e9dico privado que presta diagn\u00f3sticos de Anatomia Patol\u00f3gica, Citopatologia Diagn\u00f3stica e Patologia Molecular em Jardim Guanabara - Campinas.\",\"potentialAction\":[{\"@type\":\"SearchAction\",\"target\":{\"@type\":\"EntryPoint\",\"urlTemplate\":\"http:\/\/www.multipat.com.br\/site\/?s={search_term_string}\"},\"query-input\":\"required name=search_term_string\"}],\"inLanguage\":\"pt-BR\"},{\"@type\":\"WebPage\",\"@id\":\"https:\/\/www.multipat.com.br\/site\/servicos-de-anatomopatologia-e-biologia-molecular\/citopatologia-multipat-laboratorio-medico\/#webpage\",\"url\":\"https:\/\/www.multipat.com.br\/site\/servicos-de-anatomopatologia-e-biologia-molecular\/citopatologia-multipat-laboratorio-medico\/\",\"name\":\"Citopatologia - Multipat Laborat\u00f3rio m\u00e9dico\",\"isPartOf\":{\"@id\":\"http:\/\/www.multipat.com.br\/site\/#website\"},\"datePublished\":\"2021-06-25T13:03:52+00:00\",\"dateModified\":\"2024-04-10T14:28:18+00:00\",\"description\":\"Citopatologia: an\u00e1lise das c\u00e9lulas, seus arranjos e rela\u00e7\u00e3o com microorganismos patog\u00eanicos, essencial para diagn\u00f3stico preciso de doen\u00e7as.\",\"breadcrumb\":{\"@id\":\"https:\/\/www.multipat.com.br\/site\/servicos-de-anatomopatologia-e-biologia-molecular\/citopatologia-multipat-laboratorio-medico\/#breadcrumb\"},\"inLanguage\":\"pt-BR\",\"potentialAction\":[{\"@type\":\"ReadAction\",\"target\":[\"https:\/\/www.multipat.com.br\/site\/servicos-de-anatomopatologia-e-biologia-molecular\/citopatologia-multipat-laboratorio-medico\/\"]}]},{\"@type\":\"BreadcrumbList\",\"@id\":\"https:\/\/www.multipat.com.br\/site\/servicos-de-anatomopatologia-e-biologia-molecular\/citopatologia-multipat-laboratorio-medico\/#breadcrumb\",\"itemListElement\":[{\"@type\":\"ListItem\",\"position\":1,\"name\":\"In\u00edcio\",\"item\":\"http:\/\/www.multipat.com.br\/site\/\"},{\"@type\":\"ListItem\",\"position\":2,\"name\":\"Exames\",\"item\":\"https:\/\/www.multipat.com.br\/site\/servicos-de-anatomopatologia-e-biologia-molecular\/\"},{\"@type\":\"ListItem\",\"position\":3,\"name\":\"CITOLOGIA\"}]}]}<\/script>\r\n<!-- \/ Yoast SEO plugin. -->","yoast_head_json":{"title":"Citopatologia - Multipat Laborat\u00f3rio m\u00e9dico","description":"Citopatologia: an\u00e1lise das c\u00e9lulas, seus arranjos e rela\u00e7\u00e3o com microorganismos patog\u00eanicos, essencial para diagn\u00f3stico preciso de doen\u00e7as.","robots":{"index":"index","follow":"follow","max-snippet":"max-snippet:-1","max-image-preview":"max-image-preview:large","max-video-preview":"max-video-preview:-1"},"canonical":"https:\/\/www.multipat.com.br\/site\/servicos-de-anatomopatologia-e-biologia-molecular\/citopatologia-multipat-laboratorio-medico\/","og_locale":"pt_BR","og_type":"article","og_title":"Citopatologia - Multipat Laborat\u00f3rio m\u00e9dico","og_description":"Citopatologia: an\u00e1lise das c\u00e9lulas, seus arranjos e rela\u00e7\u00e3o com microorganismos patog\u00eanicos, essencial para diagn\u00f3stico preciso de doen\u00e7as.","og_url":"https:\/\/www.multipat.com.br\/site\/servicos-de-anatomopatologia-e-biologia-molecular\/citopatologia-multipat-laboratorio-medico\/","og_site_name":"Multipat - Laborat\u00f3rio m\u00e9dico privado que presta diagn\u00f3sticos de Anatomia Patol\u00f3gica, Citopatologia Diagn\u00f3stica e Patologia Molecular em Jardim Guanabara - Campinas.","article_modified_time":"2024-04-10T14:28:18+00:00","author":"Desenvolvedor Projeto Web","twitter_card":"summary_large_image","twitter_misc":{"Est. tempo de leitura":"2 minutos"},"schema":{"@context":"https:\/\/schema.org","@graph":[{"@type":"WebSite","@id":"http:\/\/www.multipat.com.br\/site\/#website","url":"http:\/\/www.multipat.com.br\/site\/","name":"Multipat - Laborat\u00f3rio m\u00e9dico privado que presta diagn\u00f3sticos de Anatomia Patol\u00f3gica, Citopatologia Diagn\u00f3stica e Patologia Molecular em Jardim Guanabara - Campinas.","description":"Multipat - Laborat\u00f3rio m\u00e9dico privado que presta diagn\u00f3sticos de Anatomia Patol\u00f3gica, Citopatologia Diagn\u00f3stica e Patologia Molecular em Jardim Guanabara - Campinas.","potentialAction":[{"@type":"SearchAction","target":{"@type":"EntryPoint","urlTemplate":"http:\/\/www.multipat.com.br\/site\/?s={search_term_string}"},"query-input":"required name=search_term_string"}],"inLanguage":"pt-BR"},{"@type":"WebPage","@id":"https:\/\/www.multipat.com.br\/site\/servicos-de-anatomopatologia-e-biologia-molecular\/citopatologia-multipat-laboratorio-medico\/#webpage","url":"https:\/\/www.multipat.com.br\/site\/servicos-de-anatomopatologia-e-biologia-molecular\/citopatologia-multipat-laboratorio-medico\/","name":"Citopatologia - Multipat Laborat\u00f3rio m\u00e9dico","isPartOf":{"@id":"http:\/\/www.multipat.com.br\/site\/#website"},"datePublished":"2021-06-25T13:03:52+00:00","dateModified":"2024-04-10T14:28:18+00:00","description":"Citopatologia: an\u00e1lise das c\u00e9lulas, seus arranjos e rela\u00e7\u00e3o com microorganismos patog\u00eanicos, essencial para diagn\u00f3stico preciso de doen\u00e7as.","breadcrumb":{"@id":"https:\/\/www.multipat.com.br\/site\/servicos-de-anatomopatologia-e-biologia-molecular\/citopatologia-multipat-laboratorio-medico\/#breadcrumb"},"inLanguage":"pt-BR","potentialAction":[{"@type":"ReadAction","target":["https:\/\/www.multipat.com.br\/site\/servicos-de-anatomopatologia-e-biologia-molecular\/citopatologia-multipat-laboratorio-medico\/"]}]},{"@type":"BreadcrumbList","@id":"https:\/\/www.multipat.com.br\/site\/servicos-de-anatomopatologia-e-biologia-molecular\/citopatologia-multipat-laboratorio-medico\/#breadcrumb","itemListElement":[{"@type":"ListItem","position":1,"name":"In\u00edcio","item":"http:\/\/www.multipat.com.br\/site\/"},{"@type":"ListItem","position":2,"name":"Exames","item":"https:\/\/www.multipat.com.br\/site\/servicos-de-anatomopatologia-e-biologia-molecular\/"},{"@type":"ListItem","position":3,"name":"CITOLOGIA"}]}]}},"_links":{"self":[{"href":"https:\/\/www.multipat.com.br\/site\/wp-json\/wp\/v2\/pages\/636"}],"collection":[{"href":"https:\/\/www.multipat.com.br\/site\/wp-json\/wp\/v2\/pages"}],"about":[{"href":"https:\/\/www.multipat.com.br\/site\/wp-json\/wp\/v2\/types\/page"}],"author":[{"embeddable":true,"href":"https:\/\/www.multipat.com.br\/site\/wp-json\/wp\/v2\/users\/5"}],"replies":[{"embeddable":true,"href":"https:\/\/www.multipat.com.br\/site\/wp-json\/wp\/v2\/comments?post=636"}],"version-history":[{"count":28,"href":"https:\/\/www.multipat.com.br\/site\/wp-json\/wp\/v2\/pages\/636\/revisions"}],"predecessor-version":[{"id":2057,"href":"https:\/\/www.multipat.com.br\/site\/wp-json\/wp\/v2\/pages\/636\/revisions\/2057"}],"up":[{"embeddable":true,"href":"https:\/\/www.multipat.com.br\/site\/wp-json\/wp\/v2\/pages\/507"}],"wp:attachment":[{"href":"https:\/\/www.multipat.com.br\/site\/wp-json\/wp\/v2\/media?parent=636"}],"curies":[{"name":"wp","href":"https:\/\/api.w.org\/{rel}","templated":true}]}}