{"id":628,"date":"2021-06-25T13:00:02","date_gmt":"2021-06-25T13:00:02","guid":{"rendered":"https:\/\/xn--criar-site-criao-sites-r4b9g.com.br\/provas-wp\/multipat\/?page_id=628"},"modified":"2024-04-10T14:26:08","modified_gmt":"2024-04-10T14:26:08","slug":"anatomopatologico","status":"publish","type":"page","link":"https:\/\/www.multipat.com.br\/site\/servicos-de-anatomopatologia-e-biologia-molecular\/anatomopatologico\/","title":{"rendered":"ANATOMOPATOL\u00d3GICO"},"content":{"rendered":"<div id=\"pl-628\"  class=\"panel-layout\" ><div id=\"pg-628-0\"  class=\"panel-grid panel-no-style\" ><div id=\"pgc-628-0-0\"  class=\"panel-grid-cell panel-grid-cell-empty\" ><\/div><div id=\"pgc-628-0-1\"  class=\"panel-grid-cell panel-grid-cell-mobile-last\" ><div id=\"panel-628-0-1-0\" class=\"so-panel widget widget_sow-image panel-first-child panel-last-child\" data-index=\"0\" ><div\n\t\t\t\n\t\t\tclass=\"so-widget-sow-image so-widget-sow-image-default-d6014b76747a-628\"\n\t\t\t\n\t\t>\n\n<div class=\"sow-image-container\">\n\t\t<img decoding=\"async\" src=\"https:\/\/www.multipat.com.br\/site\/wp-content\/uploads\/2023\/04\/ANATOMOPATOLOGICO.png\" width=\"1080\" height=\"1080\" srcset=\"https:\/\/www.multipat.com.br\/site\/wp-content\/uploads\/2023\/04\/ANATOMOPATOLOGICO.png 1080w, https:\/\/www.multipat.com.br\/site\/wp-content\/uploads\/2023\/04\/ANATOMOPATOLOGICO-300x300.png 300w, https:\/\/www.multipat.com.br\/site\/wp-content\/uploads\/2023\/04\/ANATOMOPATOLOGICO-1024x1024.png 1024w, https:\/\/www.multipat.com.br\/site\/wp-content\/uploads\/2023\/04\/ANATOMOPATOLOGICO-150x150.png 150w, https:\/\/www.multipat.com.br\/site\/wp-content\/uploads\/2023\/04\/ANATOMOPATOLOGICO-768x768.png 768w\" sizes=\"(max-width: 1080px) 100vw, 1080px\" title=\"ANATOMOPATOL\u00d3GICO\" alt=\"\" loading=\"lazy\" \t\tclass=\"so-widget-image\"\/>\n\t<\/div>\n\n<\/div><\/div><\/div><div id=\"pgc-628-0-2\"  class=\"panel-grid-cell panel-grid-cell-empty\" ><\/div><\/div><div id=\"pg-628-1\"  class=\"panel-grid panel-no-style\" ><div id=\"pgc-628-1-0\"  class=\"panel-grid-cell\" ><div id=\"panel-628-1-0-0\" class=\"so-panel widget widget_sow-editor panel-first-child panel-last-child\" data-index=\"1\" ><div\n\t\t\t\n\t\t\tclass=\"so-widget-sow-editor so-widget-sow-editor-base\"\n\t\t\t\n\t\t>\n<div class=\"siteorigin-widget-tinymce textwidget\">\n\t<p>An\u00e1lise histopatol\u00f3gica de material obtido por bi\u00f3psia ou retirados atrav\u00e9s de procedimentos cir\u00fargicos (desde as interven\u00e7\u00f5es mais simples, como retirada de pequenas les\u00f5es de pele, ves\u00edcula biliar ou ap\u00eandice cecal, at\u00e9 as mais complexas, como as retiradas de \u00f3rg\u00e3os acometidos por neoplasias). Nos casos oncol\u00f3gicos, a an\u00e1lise histopatol\u00f3gica \u00e9 fundamental n\u00e3o s\u00f3 para se definir o tipo de tumor, mas tamb\u00e9m para avalia\u00e7\u00e3o de crit\u00e9rios que implicam na decis\u00e3o terap\u00eautica a ser tomada pelo oncologista, como o estadiamento patol\u00f3gico (tamanho da les\u00e3o, extens\u00e3o de acometimento, presen\u00e7a ou n\u00e3o de met\u00e1stases linfonodais, entre outros) e fatores progn\u00f3sticos (como avalia\u00e7\u00e3o do status de margens cir\u00fargicas, presen\u00e7a de invas\u00e3o neopl\u00e1sica ao redor de nervos ou infiltra\u00e7\u00e3o de vasos, presen\u00e7a e contagem de mitoses etc).<\/p>\n<\/div>\n<\/div><\/div><\/div><\/div><\/div>","protected":false},"excerpt":{"rendered":"<p>An\u00e1lise histopatol\u00f3gica de material obtido por bi\u00f3psia ou retirados atrav\u00e9s de procedimentos cir\u00fargicos (desde as interven\u00e7\u00f5es mais simples, como retirada de pequenas les\u00f5es de pele, ves\u00edcula biliar ou ap\u00eandice cecal, at\u00e9 as mais complexas, como as retiradas de \u00f3rg\u00e3os acometidos por neoplasias). Nos casos oncol\u00f3gicos, a an\u00e1lise histopatol\u00f3gica \u00e9 fundamental n\u00e3o s\u00f3 para se definir [&hellip;]<\/p>\n","protected":false},"author":5,"featured_media":0,"parent":507,"menu_order":0,"comment_status":"closed","ping_status":"closed","template":"","meta":{"footnotes":""},"acf":[],"yoast_head":"<!-- This site is optimized with the Yoast SEO plugin v19.2 - https:\/\/yoast.com\/wordpress\/plugins\/seo\/ -->\r\n<title>ANATOMOPATOL\u00d3GICO - An\u00e1lise Histopatol\u00f3gica: Bi\u00f3psias e Cirurgias<\/title>\r\n<meta name=\"description\" content=\"An\u00e1lise histopatol\u00f3gica de material obtido por bi\u00f3psias e cirurgias, essencial para diagn\u00f3stico e tratamento de neoplasias e outras condi\u00e7\u00f5es\" \/>\r\n<meta name=\"robots\" content=\"index, follow, max-snippet:-1, max-image-preview:large, max-video-preview:-1\" \/>\r\n<link rel=\"canonical\" href=\"https:\/\/www.multipat.com.br\/site\/servicos-de-anatomopatologia-e-biologia-molecular\/anatomopatologico\/\" \/>\r\n<meta property=\"og:locale\" content=\"pt_BR\" \/>\r\n<meta property=\"og:type\" content=\"article\" \/>\r\n<meta property=\"og:title\" content=\"ANATOMOPATOL\u00d3GICO - An\u00e1lise Histopatol\u00f3gica: Bi\u00f3psias e Cirurgias\" \/>\r\n<meta property=\"og:description\" content=\"An\u00e1lise histopatol\u00f3gica de material obtido por bi\u00f3psias e cirurgias, essencial para diagn\u00f3stico e tratamento de neoplasias e outras condi\u00e7\u00f5es\" \/>\r\n<meta property=\"og:url\" content=\"https:\/\/www.multipat.com.br\/site\/servicos-de-anatomopatologia-e-biologia-molecular\/anatomopatologico\/\" \/>\r\n<meta property=\"og:site_name\" content=\"Multipat - Laborat\u00f3rio m\u00e9dico privado que presta diagn\u00f3sticos de Anatomia Patol\u00f3gica, Citopatologia Diagn\u00f3stica e Patologia Molecular em Jardim Guanabara - Campinas.\" \/>\r\n<meta property=\"article:modified_time\" content=\"2024-04-10T14:26:08+00:00\" \/>\r\n<meta name=\"author\" content=\"Desenvolvedor Projeto Web\" \/>\r\n<meta name=\"twitter:card\" content=\"summary_large_image\" \/>\r\n<meta name=\"twitter:label1\" content=\"Est. tempo de leitura\" \/>\n\t<meta name=\"twitter:data1\" content=\"1 minuto\" \/>\r\n<script type=\"application\/ld+json\" class=\"yoast-schema-graph\">{\"@context\":\"https:\/\/schema.org\",\"@graph\":[{\"@type\":\"WebSite\",\"@id\":\"http:\/\/www.multipat.com.br\/site\/#website\",\"url\":\"http:\/\/www.multipat.com.br\/site\/\",\"name\":\"Multipat - Laborat\u00f3rio m\u00e9dico privado que presta diagn\u00f3sticos de Anatomia Patol\u00f3gica, Citopatologia Diagn\u00f3stica e Patologia Molecular em Jardim Guanabara - Campinas.\",\"description\":\"Multipat - Laborat\u00f3rio m\u00e9dico privado que presta diagn\u00f3sticos de Anatomia Patol\u00f3gica, Citopatologia Diagn\u00f3stica e Patologia Molecular em Jardim Guanabara - Campinas.\",\"potentialAction\":[{\"@type\":\"SearchAction\",\"target\":{\"@type\":\"EntryPoint\",\"urlTemplate\":\"http:\/\/www.multipat.com.br\/site\/?s={search_term_string}\"},\"query-input\":\"required name=search_term_string\"}],\"inLanguage\":\"pt-BR\"},{\"@type\":\"WebPage\",\"@id\":\"https:\/\/www.multipat.com.br\/site\/servicos-de-anatomopatologia-e-biologia-molecular\/anatomopatologico\/#webpage\",\"url\":\"https:\/\/www.multipat.com.br\/site\/servicos-de-anatomopatologia-e-biologia-molecular\/anatomopatologico\/\",\"name\":\"ANATOMOPATOL\u00d3GICO - An\u00e1lise Histopatol\u00f3gica: Bi\u00f3psias e Cirurgias\",\"isPartOf\":{\"@id\":\"http:\/\/www.multipat.com.br\/site\/#website\"},\"datePublished\":\"2021-06-25T13:00:02+00:00\",\"dateModified\":\"2024-04-10T14:26:08+00:00\",\"description\":\"An\u00e1lise histopatol\u00f3gica de material obtido por bi\u00f3psias e cirurgias, essencial para diagn\u00f3stico e tratamento de neoplasias e outras condi\u00e7\u00f5es\",\"breadcrumb\":{\"@id\":\"https:\/\/www.multipat.com.br\/site\/servicos-de-anatomopatologia-e-biologia-molecular\/anatomopatologico\/#breadcrumb\"},\"inLanguage\":\"pt-BR\",\"potentialAction\":[{\"@type\":\"ReadAction\",\"target\":[\"https:\/\/www.multipat.com.br\/site\/servicos-de-anatomopatologia-e-biologia-molecular\/anatomopatologico\/\"]}]},{\"@type\":\"BreadcrumbList\",\"@id\":\"https:\/\/www.multipat.com.br\/site\/servicos-de-anatomopatologia-e-biologia-molecular\/anatomopatologico\/#breadcrumb\",\"itemListElement\":[{\"@type\":\"ListItem\",\"position\":1,\"name\":\"In\u00edcio\",\"item\":\"http:\/\/www.multipat.com.br\/site\/\"},{\"@type\":\"ListItem\",\"position\":2,\"name\":\"Exames\",\"item\":\"https:\/\/www.multipat.com.br\/site\/servicos-de-anatomopatologia-e-biologia-molecular\/\"},{\"@type\":\"ListItem\",\"position\":3,\"name\":\"ANATOMOPATOL\u00d3GICO\"}]}]}<\/script>\r\n<!-- \/ Yoast SEO plugin. -->","yoast_head_json":{"title":"ANATOMOPATOL\u00d3GICO - An\u00e1lise Histopatol\u00f3gica: Bi\u00f3psias e Cirurgias","description":"An\u00e1lise histopatol\u00f3gica de material obtido por bi\u00f3psias e cirurgias, essencial para diagn\u00f3stico e tratamento de neoplasias e outras condi\u00e7\u00f5es","robots":{"index":"index","follow":"follow","max-snippet":"max-snippet:-1","max-image-preview":"max-image-preview:large","max-video-preview":"max-video-preview:-1"},"canonical":"https:\/\/www.multipat.com.br\/site\/servicos-de-anatomopatologia-e-biologia-molecular\/anatomopatologico\/","og_locale":"pt_BR","og_type":"article","og_title":"ANATOMOPATOL\u00d3GICO - An\u00e1lise Histopatol\u00f3gica: Bi\u00f3psias e Cirurgias","og_description":"An\u00e1lise histopatol\u00f3gica de material obtido por bi\u00f3psias e cirurgias, essencial para diagn\u00f3stico e tratamento de neoplasias e outras condi\u00e7\u00f5es","og_url":"https:\/\/www.multipat.com.br\/site\/servicos-de-anatomopatologia-e-biologia-molecular\/anatomopatologico\/","og_site_name":"Multipat - Laborat\u00f3rio m\u00e9dico privado que presta diagn\u00f3sticos de Anatomia Patol\u00f3gica, Citopatologia Diagn\u00f3stica e Patologia Molecular em Jardim Guanabara - Campinas.","article_modified_time":"2024-04-10T14:26:08+00:00","author":"Desenvolvedor Projeto Web","twitter_card":"summary_large_image","twitter_misc":{"Est. tempo de leitura":"1 minuto"},"schema":{"@context":"https:\/\/schema.org","@graph":[{"@type":"WebSite","@id":"http:\/\/www.multipat.com.br\/site\/#website","url":"http:\/\/www.multipat.com.br\/site\/","name":"Multipat - Laborat\u00f3rio m\u00e9dico privado que presta diagn\u00f3sticos de Anatomia Patol\u00f3gica, Citopatologia Diagn\u00f3stica e Patologia Molecular em Jardim Guanabara - Campinas.","description":"Multipat - Laborat\u00f3rio m\u00e9dico privado que presta diagn\u00f3sticos de Anatomia Patol\u00f3gica, Citopatologia Diagn\u00f3stica e Patologia Molecular em Jardim Guanabara - Campinas.","potentialAction":[{"@type":"SearchAction","target":{"@type":"EntryPoint","urlTemplate":"http:\/\/www.multipat.com.br\/site\/?s={search_term_string}"},"query-input":"required name=search_term_string"}],"inLanguage":"pt-BR"},{"@type":"WebPage","@id":"https:\/\/www.multipat.com.br\/site\/servicos-de-anatomopatologia-e-biologia-molecular\/anatomopatologico\/#webpage","url":"https:\/\/www.multipat.com.br\/site\/servicos-de-anatomopatologia-e-biologia-molecular\/anatomopatologico\/","name":"ANATOMOPATOL\u00d3GICO - An\u00e1lise Histopatol\u00f3gica: Bi\u00f3psias e Cirurgias","isPartOf":{"@id":"http:\/\/www.multipat.com.br\/site\/#website"},"datePublished":"2021-06-25T13:00:02+00:00","dateModified":"2024-04-10T14:26:08+00:00","description":"An\u00e1lise histopatol\u00f3gica de material obtido por bi\u00f3psias e cirurgias, essencial para diagn\u00f3stico e tratamento de neoplasias e outras condi\u00e7\u00f5es","breadcrumb":{"@id":"https:\/\/www.multipat.com.br\/site\/servicos-de-anatomopatologia-e-biologia-molecular\/anatomopatologico\/#breadcrumb"},"inLanguage":"pt-BR","potentialAction":[{"@type":"ReadAction","target":["https:\/\/www.multipat.com.br\/site\/servicos-de-anatomopatologia-e-biologia-molecular\/anatomopatologico\/"]}]},{"@type":"BreadcrumbList","@id":"https:\/\/www.multipat.com.br\/site\/servicos-de-anatomopatologia-e-biologia-molecular\/anatomopatologico\/#breadcrumb","itemListElement":[{"@type":"ListItem","position":1,"name":"In\u00edcio","item":"http:\/\/www.multipat.com.br\/site\/"},{"@type":"ListItem","position":2,"name":"Exames","item":"https:\/\/www.multipat.com.br\/site\/servicos-de-anatomopatologia-e-biologia-molecular\/"},{"@type":"ListItem","position":3,"name":"ANATOMOPATOL\u00d3GICO"}]}]}},"_links":{"self":[{"href":"https:\/\/www.multipat.com.br\/site\/wp-json\/wp\/v2\/pages\/628"}],"collection":[{"href":"https:\/\/www.multipat.com.br\/site\/wp-json\/wp\/v2\/pages"}],"about":[{"href":"https:\/\/www.multipat.com.br\/site\/wp-json\/wp\/v2\/types\/page"}],"author":[{"embeddable":true,"href":"https:\/\/www.multipat.com.br\/site\/wp-json\/wp\/v2\/users\/5"}],"replies":[{"embeddable":true,"href":"https:\/\/www.multipat.com.br\/site\/wp-json\/wp\/v2\/comments?post=628"}],"version-history":[{"count":9,"href":"https:\/\/www.multipat.com.br\/site\/wp-json\/wp\/v2\/pages\/628\/revisions"}],"predecessor-version":[{"id":1948,"href":"https:\/\/www.multipat.com.br\/site\/wp-json\/wp\/v2\/pages\/628\/revisions\/1948"}],"up":[{"embeddable":true,"href":"https:\/\/www.multipat.com.br\/site\/wp-json\/wp\/v2\/pages\/507"}],"wp:attachment":[{"href":"https:\/\/www.multipat.com.br\/site\/wp-json\/wp\/v2\/media?parent=628"}],"curies":[{"name":"wp","href":"https:\/\/api.w.org\/{rel}","templated":true}]}}