{"id":619,"date":"2021-06-25T12:55:52","date_gmt":"2021-06-25T12:55:52","guid":{"rendered":"https:\/\/xn--criar-site-criao-sites-r4b9g.com.br\/provas-wp\/multipat\/?page_id=619"},"modified":"2024-04-10T16:40:34","modified_gmt":"2024-04-10T16:40:34","slug":"imunoistoquimica-em-patologia","status":"publish","type":"page","link":"https:\/\/www.multipat.com.br\/site\/servicos-de-anatomopatologia-e-biologia-molecular\/imunoistoquimica-em-patologia\/","title":{"rendered":"IMUNOISTOQU\u00cdMICA"},"content":{"rendered":"<div id=\"pl-619\"  class=\"panel-layout\" ><div id=\"pg-619-0\"  class=\"panel-grid panel-has-style\" ><div class=\"texto-fluo imuno panel-row-style panel-row-style-for-619-0\" ><div id=\"pgc-619-0-0\"  class=\"panel-grid-cell\" ><div id=\"panel-619-0-0-0\" class=\"so-panel widget widget_sow-image panel-first-child panel-last-child\" data-index=\"0\" ><div class=\"imgTitleBottom panel-widget-style panel-widget-style-for-619-0-0-0\" ><div\n\t\t\t\n\t\t\tclass=\"so-widget-sow-image so-widget-sow-image-default-6b88c04c1f9b-619\"\n\t\t\t\n\t\t>\n\n<div class=\"sow-image-container\">\n\t\t<img decoding=\"async\" src=\"https:\/\/www.multipat.com.br\/site\/wp-content\/uploads\/2022\/02\/coloracao-eosina-300x300.png\" width=\"300\" height=\"300\" srcset=\"https:\/\/www.multipat.com.br\/site\/wp-content\/uploads\/2022\/02\/coloracao-eosina-300x300.png 300w, https:\/\/www.multipat.com.br\/site\/wp-content\/uploads\/2022\/02\/coloracao-eosina-150x150.png 150w, https:\/\/www.multipat.com.br\/site\/wp-content\/uploads\/2022\/02\/coloracao-eosina-768x766.png 768w, https:\/\/www.multipat.com.br\/site\/wp-content\/uploads\/2022\/02\/coloracao-eosina.png 945w\" sizes=\"(max-width: 300px) 100vw, 300px\" title=\"Colora\u00e7\u00e3o de hematoxilina e eosina - mostra c\u00e9lulas at\u00edpicas, por\u00e9m n\u00e3o \u00e9 poss\u00edvel identificar o tipo de tumor\" alt=\"\" loading=\"lazy\" \t\tclass=\"so-widget-image\"\/>\n\t<\/div>\n\n<h3 class=\"widget-title\">Colora\u00e7\u00e3o de hematoxilina e eosina - mostra c\u00e9lulas at\u00edpicas, por\u00e9m n\u00e3o \u00e9 poss\u00edvel identificar o tipo de tumor<\/h3><\/div><\/div><\/div><\/div><div id=\"pgc-619-0-1\"  class=\"panel-grid-cell\" ><div id=\"panel-619-0-1-0\" class=\"so-panel widget widget_sow-image panel-first-child panel-last-child\" data-index=\"1\" ><div class=\"imgTitleBottom panel-widget-style panel-widget-style-for-619-0-1-0\" ><div\n\t\t\t\n\t\t\tclass=\"so-widget-sow-image so-widget-sow-image-default-6b88c04c1f9b-619\"\n\t\t\t\n\t\t>\n\n<div class=\"sow-image-container\">\n\t\t<img decoding=\"async\" src=\"https:\/\/www.multipat.com.br\/site\/wp-content\/uploads\/2023\/04\/IMUNOISTOQUIMICA-FOTO-DA-DIREITA-1-300x300.png\" width=\"300\" height=\"300\" srcset=\"https:\/\/www.multipat.com.br\/site\/wp-content\/uploads\/2023\/04\/IMUNOISTOQUIMICA-FOTO-DA-DIREITA-1-300x300.png 300w, https:\/\/www.multipat.com.br\/site\/wp-content\/uploads\/2023\/04\/IMUNOISTOQUIMICA-FOTO-DA-DIREITA-1-150x150.png 150w, https:\/\/www.multipat.com.br\/site\/wp-content\/uploads\/2023\/04\/IMUNOISTOQUIMICA-FOTO-DA-DIREITA-1.png 821w\" sizes=\"(max-width: 300px) 100vw, 300px\" title=\"C\u00e9lulas tumorais positivas (cor marrom) para CD20, indicativo de linfoma de c\u00e9lulas B.\" alt=\"\" loading=\"lazy\" \t\tclass=\"so-widget-image\"\/>\n\t<\/div>\n\n<h3 class=\"widget-title\">C\u00e9lulas tumorais positivas (cor marrom) para CD20, indicativo de linfoma de c\u00e9lulas B.<\/h3><\/div><\/div><\/div><\/div><\/div><\/div><div id=\"pg-619-1\"  class=\"panel-grid panel-no-style\" ><div id=\"pgc-619-1-0\"  class=\"panel-grid-cell\" ><div id=\"panel-619-1-0-0\" class=\"so-panel widget widget_sow-editor panel-first-child panel-last-child\" data-index=\"2\" ><div class=\"texto-imuno-list panel-widget-style panel-widget-style-for-619-1-0-0\" ><div\n\t\t\t\n\t\t\tclass=\"so-widget-sow-editor so-widget-sow-editor-base\"\n\t\t\t\n\t\t>\n<div class=\"siteorigin-widget-tinymce textwidget\">\n\t<p>A IMUNOISTOQU\u00cdMICA \u00e9 uma t\u00e9cnica imunol\u00f3gica baseada na rea\u00e7\u00e3o\u00a0<strong>ant\u00edgeno-anticorpo<\/strong>, \u00a0que permite ao Patologista visualizar prote\u00ednas existentes\u00a0<strong>nas c\u00e9lulas dos fragmentos de tecidos<\/strong>.<\/p>\n<p>Esta t\u00e9cnica foi introduzida nos anos 1980 no Brasil e hoje \u00e9 praticamente imposs\u00edvel pensar na Patologia sem sua ajuda. Em Campinas, o laborat\u00f3rio que depois seria chamado Multipat iniciou o uso dessa t\u00e9cnica em 1993.<\/p>\n<p>Temos mais de 150 anticorpos em nosso rol. Contamos com uma equipe de patologistas altamente qualificada para interpretar os resultados deste exame.<\/p>\n<p>&nbsp;<\/p>\n<p>O Patologista indica a IMUNOISTOQU\u00cdMICA em v\u00e1rias quest\u00f5es diagn\u00f3sticas:<\/p>\n<ul>\n<li>Para classificar as neoplasias de acordo com sua c\u00e9lula de origem (por exemplo, carcinoma, melanoma ou linfoma): isto \u00e9 importante para o Oncologista indicar o tratamento correto;<\/li>\n<li>Para avaliar fatores que possam indicar se um medicamento ir\u00e1 ser bem-sucedido ou n\u00e3o no tratamento do c\u00e2ncer (por exemplo, pesquisa de receptores hormonais e da prote\u00edna HER2 no c\u00e2ncer da mama);<\/li>\n<li>Para sugerir se um tumor dever\u00e1 ser mais investigado para muta\u00e7\u00f5es g\u00eanicas, com repercuss\u00e3o no tratamento individualizado (por exemplo, pesquisa de express\u00e3o de enzimas de reparo do DNA no c\u00e2ncer colorretal e em outros tipos de c\u00e2ncer);<\/li>\n<li>Para pesquisar a presen\u00e7a de alguns v\u00edrus em les\u00f5es benignas ou em tumores, como o v\u00edrus de Epstein-Barr, citomegalov\u00edrus e os herpesv\u00edrus humanos tipos 1, 2 e 8.<\/li>\n<\/ul>\n<\/div>\n<\/div><\/div><\/div><\/div><\/div><\/div>","protected":false},"excerpt":{"rendered":"<p>A IMUNOISTOQU\u00cdMICA \u00e9 uma t\u00e9cnica imunol\u00f3gica baseada na rea\u00e7\u00e3o\u00a0ant\u00edgeno-anticorpo, \u00a0que permite ao Patologista visualizar prote\u00ednas existentes\u00a0nas c\u00e9lulas dos fragmentos de tecidos. Esta t\u00e9cnica foi introduzida nos anos 1980 no Brasil e hoje \u00e9 praticamente imposs\u00edvel pensar na Patologia sem sua ajuda. Em Campinas, o laborat\u00f3rio que depois seria chamado Multipat iniciou o uso dessa t\u00e9cnica [&hellip;]<\/p>\n","protected":false},"author":5,"featured_media":0,"parent":507,"menu_order":0,"comment_status":"closed","ping_status":"closed","template":"","meta":{"footnotes":""},"acf":[],"yoast_head":"<!-- This site is optimized with the Yoast SEO plugin v19.2 - https:\/\/yoast.com\/wordpress\/plugins\/seo\/ -->\r\n<title>Imunoistoqu\u00edmica em Patologia<\/title>\r\n<meta name=\"description\" content=\"A imunoistoqu\u00edmica identifica prote\u00ednas celulares em tecidos, fundamental para diagn\u00f3sticos precisos em Patologia.\" \/>\r\n<meta name=\"robots\" content=\"index, follow, max-snippet:-1, max-image-preview:large, max-video-preview:-1\" \/>\r\n<link rel=\"canonical\" href=\"https:\/\/www.multipat.com.br\/site\/servicos-de-anatomopatologia-e-biologia-molecular\/imunoistoquimica-em-patologia\/\" \/>\r\n<meta property=\"og:locale\" content=\"pt_BR\" \/>\r\n<meta property=\"og:type\" content=\"article\" \/>\r\n<meta property=\"og:title\" content=\"Imunoistoqu\u00edmica em Patologia\" \/>\r\n<meta property=\"og:description\" content=\"A imunoistoqu\u00edmica identifica prote\u00ednas celulares em tecidos, fundamental para diagn\u00f3sticos precisos em Patologia.\" \/>\r\n<meta property=\"og:url\" content=\"https:\/\/www.multipat.com.br\/site\/servicos-de-anatomopatologia-e-biologia-molecular\/imunoistoquimica-em-patologia\/\" \/>\r\n<meta property=\"og:site_name\" content=\"Multipat - Laborat\u00f3rio m\u00e9dico privado que presta diagn\u00f3sticos de Anatomia Patol\u00f3gica, Citopatologia Diagn\u00f3stica e Patologia Molecular em Jardim Guanabara - Campinas.\" \/>\r\n<meta property=\"article:modified_time\" content=\"2024-04-10T16:40:34+00:00\" \/>\r\n<meta name=\"author\" content=\"Desenvolvedor Projeto Web\" \/>\r\n<meta name=\"twitter:card\" content=\"summary_large_image\" \/>\r\n<meta name=\"twitter:label1\" content=\"Est. tempo de leitura\" \/>\n\t<meta name=\"twitter:data1\" content=\"2 minutos\" \/>\r\n<script type=\"application\/ld+json\" class=\"yoast-schema-graph\">{\"@context\":\"https:\/\/schema.org\",\"@graph\":[{\"@type\":\"WebSite\",\"@id\":\"http:\/\/www.multipat.com.br\/site\/#website\",\"url\":\"http:\/\/www.multipat.com.br\/site\/\",\"name\":\"Multipat - Laborat\u00f3rio m\u00e9dico privado que presta diagn\u00f3sticos de Anatomia Patol\u00f3gica, Citopatologia Diagn\u00f3stica e Patologia Molecular em Jardim Guanabara - Campinas.\",\"description\":\"Multipat - Laborat\u00f3rio m\u00e9dico privado que presta diagn\u00f3sticos de Anatomia Patol\u00f3gica, Citopatologia Diagn\u00f3stica e Patologia Molecular em Jardim Guanabara - Campinas.\",\"potentialAction\":[{\"@type\":\"SearchAction\",\"target\":{\"@type\":\"EntryPoint\",\"urlTemplate\":\"http:\/\/www.multipat.com.br\/site\/?s={search_term_string}\"},\"query-input\":\"required name=search_term_string\"}],\"inLanguage\":\"pt-BR\"},{\"@type\":\"WebPage\",\"@id\":\"https:\/\/www.multipat.com.br\/site\/servicos-de-anatomopatologia-e-biologia-molecular\/imunoistoquimica-em-patologia\/#webpage\",\"url\":\"https:\/\/www.multipat.com.br\/site\/servicos-de-anatomopatologia-e-biologia-molecular\/imunoistoquimica-em-patologia\/\",\"name\":\"Imunoistoqu\u00edmica em Patologia\",\"isPartOf\":{\"@id\":\"http:\/\/www.multipat.com.br\/site\/#website\"},\"datePublished\":\"2021-06-25T12:55:52+00:00\",\"dateModified\":\"2024-04-10T16:40:34+00:00\",\"description\":\"A imunoistoqu\u00edmica identifica prote\u00ednas celulares em tecidos, fundamental para diagn\u00f3sticos precisos em Patologia.\",\"breadcrumb\":{\"@id\":\"https:\/\/www.multipat.com.br\/site\/servicos-de-anatomopatologia-e-biologia-molecular\/imunoistoquimica-em-patologia\/#breadcrumb\"},\"inLanguage\":\"pt-BR\",\"potentialAction\":[{\"@type\":\"ReadAction\",\"target\":[\"https:\/\/www.multipat.com.br\/site\/servicos-de-anatomopatologia-e-biologia-molecular\/imunoistoquimica-em-patologia\/\"]}]},{\"@type\":\"BreadcrumbList\",\"@id\":\"https:\/\/www.multipat.com.br\/site\/servicos-de-anatomopatologia-e-biologia-molecular\/imunoistoquimica-em-patologia\/#breadcrumb\",\"itemListElement\":[{\"@type\":\"ListItem\",\"position\":1,\"name\":\"In\u00edcio\",\"item\":\"http:\/\/www.multipat.com.br\/site\/\"},{\"@type\":\"ListItem\",\"position\":2,\"name\":\"Exames\",\"item\":\"https:\/\/www.multipat.com.br\/site\/servicos-de-anatomopatologia-e-biologia-molecular\/\"},{\"@type\":\"ListItem\",\"position\":3,\"name\":\"IMUNOISTOQU\u00cdMICA\"}]}]}<\/script>\r\n<!-- \/ Yoast SEO plugin. -->","yoast_head_json":{"title":"Imunoistoqu\u00edmica em Patologia","description":"A imunoistoqu\u00edmica identifica prote\u00ednas celulares em tecidos, fundamental para diagn\u00f3sticos precisos em Patologia.","robots":{"index":"index","follow":"follow","max-snippet":"max-snippet:-1","max-image-preview":"max-image-preview:large","max-video-preview":"max-video-preview:-1"},"canonical":"https:\/\/www.multipat.com.br\/site\/servicos-de-anatomopatologia-e-biologia-molecular\/imunoistoquimica-em-patologia\/","og_locale":"pt_BR","og_type":"article","og_title":"Imunoistoqu\u00edmica em Patologia","og_description":"A imunoistoqu\u00edmica identifica prote\u00ednas celulares em tecidos, fundamental para diagn\u00f3sticos precisos em Patologia.","og_url":"https:\/\/www.multipat.com.br\/site\/servicos-de-anatomopatologia-e-biologia-molecular\/imunoistoquimica-em-patologia\/","og_site_name":"Multipat - Laborat\u00f3rio m\u00e9dico privado que presta diagn\u00f3sticos de Anatomia Patol\u00f3gica, Citopatologia Diagn\u00f3stica e Patologia Molecular em Jardim Guanabara - Campinas.","article_modified_time":"2024-04-10T16:40:34+00:00","author":"Desenvolvedor Projeto Web","twitter_card":"summary_large_image","twitter_misc":{"Est. tempo de leitura":"2 minutos"},"schema":{"@context":"https:\/\/schema.org","@graph":[{"@type":"WebSite","@id":"http:\/\/www.multipat.com.br\/site\/#website","url":"http:\/\/www.multipat.com.br\/site\/","name":"Multipat - Laborat\u00f3rio m\u00e9dico privado que presta diagn\u00f3sticos de Anatomia Patol\u00f3gica, Citopatologia Diagn\u00f3stica e Patologia Molecular em Jardim Guanabara - Campinas.","description":"Multipat - Laborat\u00f3rio m\u00e9dico privado que presta diagn\u00f3sticos de Anatomia Patol\u00f3gica, Citopatologia Diagn\u00f3stica e Patologia Molecular em Jardim Guanabara - Campinas.","potentialAction":[{"@type":"SearchAction","target":{"@type":"EntryPoint","urlTemplate":"http:\/\/www.multipat.com.br\/site\/?s={search_term_string}"},"query-input":"required name=search_term_string"}],"inLanguage":"pt-BR"},{"@type":"WebPage","@id":"https:\/\/www.multipat.com.br\/site\/servicos-de-anatomopatologia-e-biologia-molecular\/imunoistoquimica-em-patologia\/#webpage","url":"https:\/\/www.multipat.com.br\/site\/servicos-de-anatomopatologia-e-biologia-molecular\/imunoistoquimica-em-patologia\/","name":"Imunoistoqu\u00edmica em Patologia","isPartOf":{"@id":"http:\/\/www.multipat.com.br\/site\/#website"},"datePublished":"2021-06-25T12:55:52+00:00","dateModified":"2024-04-10T16:40:34+00:00","description":"A imunoistoqu\u00edmica identifica prote\u00ednas celulares em tecidos, fundamental para diagn\u00f3sticos precisos em Patologia.","breadcrumb":{"@id":"https:\/\/www.multipat.com.br\/site\/servicos-de-anatomopatologia-e-biologia-molecular\/imunoistoquimica-em-patologia\/#breadcrumb"},"inLanguage":"pt-BR","potentialAction":[{"@type":"ReadAction","target":["https:\/\/www.multipat.com.br\/site\/servicos-de-anatomopatologia-e-biologia-molecular\/imunoistoquimica-em-patologia\/"]}]},{"@type":"BreadcrumbList","@id":"https:\/\/www.multipat.com.br\/site\/servicos-de-anatomopatologia-e-biologia-molecular\/imunoistoquimica-em-patologia\/#breadcrumb","itemListElement":[{"@type":"ListItem","position":1,"name":"In\u00edcio","item":"http:\/\/www.multipat.com.br\/site\/"},{"@type":"ListItem","position":2,"name":"Exames","item":"https:\/\/www.multipat.com.br\/site\/servicos-de-anatomopatologia-e-biologia-molecular\/"},{"@type":"ListItem","position":3,"name":"IMUNOISTOQU\u00cdMICA"}]}]}},"_links":{"self":[{"href":"https:\/\/www.multipat.com.br\/site\/wp-json\/wp\/v2\/pages\/619"}],"collection":[{"href":"https:\/\/www.multipat.com.br\/site\/wp-json\/wp\/v2\/pages"}],"about":[{"href":"https:\/\/www.multipat.com.br\/site\/wp-json\/wp\/v2\/types\/page"}],"author":[{"embeddable":true,"href":"https:\/\/www.multipat.com.br\/site\/wp-json\/wp\/v2\/users\/5"}],"replies":[{"embeddable":true,"href":"https:\/\/www.multipat.com.br\/site\/wp-json\/wp\/v2\/comments?post=619"}],"version-history":[{"count":37,"href":"https:\/\/www.multipat.com.br\/site\/wp-json\/wp\/v2\/pages\/619\/revisions"}],"predecessor-version":[{"id":1957,"href":"https:\/\/www.multipat.com.br\/site\/wp-json\/wp\/v2\/pages\/619\/revisions\/1957"}],"up":[{"embeddable":true,"href":"https:\/\/www.multipat.com.br\/site\/wp-json\/wp\/v2\/pages\/507"}],"wp:attachment":[{"href":"https:\/\/www.multipat.com.br\/site\/wp-json\/wp\/v2\/media?parent=619"}],"curies":[{"name":"wp","href":"https:\/\/api.w.org\/{rel}","templated":true}]}}