{"id":587,"date":"2021-06-23T20:01:19","date_gmt":"2021-06-23T20:01:19","guid":{"rendered":"https:\/\/xn--criar-site-criao-sites-r4b9g.com.br\/provas-wp\/multipat\/?page_id=587"},"modified":"2024-04-10T16:46:40","modified_gmt":"2024-04-10T16:46:40","slug":"imunofluorescencia-direta-em-patologia","status":"publish","type":"page","link":"https:\/\/www.multipat.com.br\/site\/servicos-de-anatomopatologia-e-biologia-molecular\/imunofluorescencia-direta-em-patologia\/","title":{"rendered":"IMUNOFLUORESC\u00caNCIA DIRETA PARA RIM E PELE"},"content":{"rendered":"<div id=\"pl-587\"  class=\"panel-layout\" ><div id=\"pg-587-0\"  class=\"panel-grid panel-has-style\" ><div class=\"texto-fluo diret panel-row-style panel-row-style-for-587-0\" ><div id=\"pgc-587-0-0\"  class=\"panel-grid-cell\" ><div id=\"panel-587-0-0-0\" class=\"so-panel widget widget_sow-image panel-first-child panel-last-child\" data-index=\"0\" ><div class=\"imgTitleBottom panel-widget-style panel-widget-style-for-587-0-0-0\" ><div\n\t\t\t\n\t\t\tclass=\"so-widget-sow-image so-widget-sow-image-default-6b88c04c1f9b-587\"\n\t\t\t\n\t\t>\n\n<div class=\"sow-image-container\">\n\t\t<img decoding=\"async\" src=\"https:\/\/www.multipat.com.br\/site\/wp-content\/uploads\/2022\/06\/FOTO-IF-DE-RIM-300x300.png\" width=\"300\" height=\"300\" srcset=\"https:\/\/www.multipat.com.br\/site\/wp-content\/uploads\/2022\/06\/FOTO-IF-DE-RIM-300x300.png 300w, https:\/\/www.multipat.com.br\/site\/wp-content\/uploads\/2022\/06\/FOTO-IF-DE-RIM-1024x1024.png 1024w, https:\/\/www.multipat.com.br\/site\/wp-content\/uploads\/2022\/06\/FOTO-IF-DE-RIM-150x150.png 150w, https:\/\/www.multipat.com.br\/site\/wp-content\/uploads\/2022\/06\/FOTO-IF-DE-RIM-768x768.png 768w, https:\/\/www.multipat.com.br\/site\/wp-content\/uploads\/2022\/06\/FOTO-IF-DE-RIM.png 1080w\" sizes=\"(max-width: 300px) 100vw, 300px\" title=\"Fluoresc\u00eancia de rim mostrando forte positividade para dep\u00f3sitos de IgG em padr\u00e3o granular em al\u00e7as capilares glomerulares.\" alt=\"\" loading=\"lazy\" \t\tclass=\"so-widget-image\"\/>\n\t<\/div>\n\n<h3 class=\"widget-title\">Fluoresc\u00eancia de rim mostrando forte positividade para dep\u00f3sitos de IgG em padr\u00e3o granular em al\u00e7as capilares glomerulares.<\/h3><\/div><\/div><\/div><\/div><\/div><\/div><div id=\"pg-587-1\"  class=\"panel-grid panel-no-style\" ><div id=\"pgc-587-1-0\"  class=\"panel-grid-cell\" ><div id=\"panel-587-1-0-0\" class=\"so-panel widget widget_sow-editor panel-first-child panel-last-child\" data-index=\"1\" ><div class=\"texto-imuno-list panel-widget-style panel-widget-style-for-587-1-0-0\" ><div\n\t\t\t\n\t\t\tclass=\"so-widget-sow-editor so-widget-sow-editor-base\"\n\t\t\t\n\t\t>\n<div class=\"siteorigin-widget-tinymce textwidget\">\n\t<p>A Imunofluoresc\u00eancia (IF) \u00e9 uma t\u00e9cnica de detec\u00e7\u00e3o da rea\u00e7\u00e3o ant\u00edgeno-anticorpo atrav\u00e9s de anticorpo marcado com fluoresce\u00edna e com leitura realizada em microsc\u00f3pico espec\u00edfico, com l\u00e2mpada fluorescente (epifluoresc\u00eancia). Permite verificar se h\u00e1 ou n\u00e3o deposi\u00e7\u00e3o tecidual de imunoglobulinas e fra\u00e7\u00f5es do sistema complemento, que podem levar a determinadas doen\u00e7as, como glomerulonefrites, vasculites e algumas doen\u00e7as dermatol\u00f3gicas. T\u00e9cnica fundamental para o estudo das glomerulonefrites (bi\u00f3psias renais) e dermatol\u00f3gicas (bi\u00f3psias de pele ou mucosas).<\/p>\n<p>&nbsp;<\/p>\n<h2 style=\"text-align: left;\"><strong>COMO ENVIAR EXAME DE IMUNOFLUORESC\u00caNCIA<\/strong><\/h2>\n<ul>\n<li>Para os exames de imunofluoresc\u00eancia, o material (bi\u00f3psia de rim ou de pele\/ mucosas, por exemplo) deve ser encaminhado a fresco o mais rapidamente poss\u00edvel para o laborat\u00f3rio, ou colocado em meio CONSERVANTE de MICHEL. O Multipat fornece o frasco e envia o conservante de Michel, o qual permite a conserva\u00e7\u00e3o do material por algumas horas. Preferencialmente, o Multipat deve ser comunicado sobre a realiza\u00e7\u00e3o e o envio da amostra para IF com 24 horas de anteced\u00eancia via e-mail e\/ou WhatsApp, para verificar se poder\u00e1 receb\u00ea-lo e para obter a autoriza\u00e7\u00e3o de conv\u00eanios para o pagamento do exame.<\/li>\n<li>O material dever\u00e1 ser entregue no Laborat\u00f3rio preferencialmente pelo paciente\/ familiar ou um preposto. Se for necess\u00e1rio que o Laborat\u00f3rio busque a amostra coletada em cl\u00ednicas\/ hospitais, deve-se fazer o agendamento pr\u00e9vio. Entre em contato atrav\u00e9s dos nossos canais de comunica\u00e7\u00e3o.<\/li>\n<li>O laborat\u00f3rio Multipat atende a diversos conv\u00eanios m\u00e9dicos, os quais nos credenciaram para realiza\u00e7\u00e3o deste exame. Para mais detalhes sobre quais conv\u00eanios atendemos, de como o paciente deve solicitar a autoriza\u00e7\u00e3o junto aos mesmos, ou quanto aos valores sobre exames particulares (bi\u00f3psia de microscopia \u00f3ptica comum com ou sem imunofluoresc\u00eancia), favor entrar em contato com nossa secretaria por um de nossos canais de atendimento.<\/li>\n<li>Caso a cl\u00ednica\/ consult\u00f3rio N\u00c3O CONSIGA AUTORIZA\u00c7\u00c3O PR\u00c9VIA, pedimos que N\u00c3O agende o procedimento de coleta do material com o paciente, uma vez que este material \u00e9 perec\u00edvel e n\u00e3o pode ficar indefinidamente aguardando por autoriza\u00e7\u00e3o.<\/li>\n<li>O laborat\u00f3rio Multipat n\u00e3o realiza o exame ultraestrutural por microscopia eletr\u00f4nica em casos de classifica\u00e7\u00e3o de glomerulonefrites, ou outras indica\u00e7\u00f5es para este procedimento. No entanto, poder\u00e1 encaminhar o material para o laborat\u00f3rio parceiro faz\u00ea-lo, mediante anu\u00eancia do paciente. Para maiores informa\u00e7\u00f5es favor entrar em contato conosco.<\/li>\n<\/ul>\n<p>&nbsp;<\/p>\n<h2 style=\"text-align: left;\">CASOS PARTICULARES<\/h2>\n<p>Amostras particulares dever\u00e3o ser previamente comunicadas ao laborat\u00f3rio, para envio de honor\u00e1rios m\u00e9dicos e dados para pagamento. Entrar em contato conosco atrav\u00e9s dos nossos canais de comunica\u00e7\u00e3o.<\/p>\n<\/div>\n<\/div><\/div><\/div><\/div><\/div><\/div>","protected":false},"excerpt":{"rendered":"<p>A Imunofluoresc\u00eancia (IF) \u00e9 uma t\u00e9cnica de detec\u00e7\u00e3o da rea\u00e7\u00e3o ant\u00edgeno-anticorpo atrav\u00e9s de anticorpo marcado com fluoresce\u00edna e com leitura realizada em microsc\u00f3pico espec\u00edfico, com l\u00e2mpada fluorescente (epifluoresc\u00eancia). Permite verificar se h\u00e1 ou n\u00e3o deposi\u00e7\u00e3o tecidual de imunoglobulinas e fra\u00e7\u00f5es do sistema complemento, que podem levar a determinadas doen\u00e7as, como glomerulonefrites, vasculites e algumas doen\u00e7as [&hellip;]<\/p>\n","protected":false},"author":5,"featured_media":0,"parent":507,"menu_order":0,"comment_status":"closed","ping_status":"closed","template":"","meta":{"footnotes":""},"acf":[],"yoast_head":"<!-- This site is optimized with the Yoast SEO plugin v19.2 - https:\/\/yoast.com\/wordpress\/plugins\/seo\/ -->\r\n<title>Imunofluoresc\u00eancia Direta em Patologia<\/title>\r\n<meta name=\"description\" content=\"Descubra como a t\u00e9cnica de imunofluoresc\u00eancia identifica doen\u00e7as renais e dermatol\u00f3gicas, essencial para diagn\u00f3sticos precisos.\" \/>\r\n<meta name=\"robots\" content=\"index, follow, max-snippet:-1, max-image-preview:large, max-video-preview:-1\" \/>\r\n<link rel=\"canonical\" href=\"https:\/\/www.multipat.com.br\/site\/servicos-de-anatomopatologia-e-biologia-molecular\/imunofluorescencia-direta-em-patologia\/\" \/>\r\n<meta property=\"og:locale\" content=\"pt_BR\" \/>\r\n<meta property=\"og:type\" content=\"article\" \/>\r\n<meta property=\"og:title\" content=\"Imunofluoresc\u00eancia Direta em Patologia\" \/>\r\n<meta property=\"og:description\" content=\"Descubra como a t\u00e9cnica de imunofluoresc\u00eancia identifica doen\u00e7as renais e dermatol\u00f3gicas, essencial para diagn\u00f3sticos precisos.\" \/>\r\n<meta property=\"og:url\" content=\"https:\/\/www.multipat.com.br\/site\/servicos-de-anatomopatologia-e-biologia-molecular\/imunofluorescencia-direta-em-patologia\/\" \/>\r\n<meta property=\"og:site_name\" content=\"Multipat - Laborat\u00f3rio m\u00e9dico privado que presta diagn\u00f3sticos de Anatomia Patol\u00f3gica, Citopatologia Diagn\u00f3stica e Patologia Molecular em Jardim Guanabara - Campinas.\" \/>\r\n<meta property=\"article:modified_time\" content=\"2024-04-10T16:46:40+00:00\" \/>\r\n<meta name=\"author\" content=\"Desenvolvedor Projeto Web\" \/>\r\n<meta name=\"twitter:card\" content=\"summary_large_image\" \/>\r\n<meta name=\"twitter:label1\" content=\"Est. tempo de leitura\" \/>\n\t<meta name=\"twitter:data1\" content=\"2 minutos\" \/>\r\n<script type=\"application\/ld+json\" class=\"yoast-schema-graph\">{\"@context\":\"https:\/\/schema.org\",\"@graph\":[{\"@type\":\"WebSite\",\"@id\":\"http:\/\/www.multipat.com.br\/site\/#website\",\"url\":\"http:\/\/www.multipat.com.br\/site\/\",\"name\":\"Multipat - Laborat\u00f3rio m\u00e9dico privado que presta diagn\u00f3sticos de Anatomia Patol\u00f3gica, Citopatologia Diagn\u00f3stica e Patologia Molecular em Jardim Guanabara - Campinas.\",\"description\":\"Multipat - Laborat\u00f3rio m\u00e9dico privado que presta diagn\u00f3sticos de Anatomia Patol\u00f3gica, Citopatologia Diagn\u00f3stica e Patologia Molecular em Jardim Guanabara - Campinas.\",\"potentialAction\":[{\"@type\":\"SearchAction\",\"target\":{\"@type\":\"EntryPoint\",\"urlTemplate\":\"http:\/\/www.multipat.com.br\/site\/?s={search_term_string}\"},\"query-input\":\"required name=search_term_string\"}],\"inLanguage\":\"pt-BR\"},{\"@type\":\"WebPage\",\"@id\":\"https:\/\/www.multipat.com.br\/site\/servicos-de-anatomopatologia-e-biologia-molecular\/imunofluorescencia-direta-em-patologia\/#webpage\",\"url\":\"https:\/\/www.multipat.com.br\/site\/servicos-de-anatomopatologia-e-biologia-molecular\/imunofluorescencia-direta-em-patologia\/\",\"name\":\"Imunofluoresc\u00eancia Direta em Patologia\",\"isPartOf\":{\"@id\":\"http:\/\/www.multipat.com.br\/site\/#website\"},\"datePublished\":\"2021-06-23T20:01:19+00:00\",\"dateModified\":\"2024-04-10T16:46:40+00:00\",\"description\":\"Descubra como a t\u00e9cnica de imunofluoresc\u00eancia identifica doen\u00e7as renais e dermatol\u00f3gicas, essencial para diagn\u00f3sticos precisos.\",\"breadcrumb\":{\"@id\":\"https:\/\/www.multipat.com.br\/site\/servicos-de-anatomopatologia-e-biologia-molecular\/imunofluorescencia-direta-em-patologia\/#breadcrumb\"},\"inLanguage\":\"pt-BR\",\"potentialAction\":[{\"@type\":\"ReadAction\",\"target\":[\"https:\/\/www.multipat.com.br\/site\/servicos-de-anatomopatologia-e-biologia-molecular\/imunofluorescencia-direta-em-patologia\/\"]}]},{\"@type\":\"BreadcrumbList\",\"@id\":\"https:\/\/www.multipat.com.br\/site\/servicos-de-anatomopatologia-e-biologia-molecular\/imunofluorescencia-direta-em-patologia\/#breadcrumb\",\"itemListElement\":[{\"@type\":\"ListItem\",\"position\":1,\"name\":\"In\u00edcio\",\"item\":\"http:\/\/www.multipat.com.br\/site\/\"},{\"@type\":\"ListItem\",\"position\":2,\"name\":\"Exames\",\"item\":\"https:\/\/www.multipat.com.br\/site\/servicos-de-anatomopatologia-e-biologia-molecular\/\"},{\"@type\":\"ListItem\",\"position\":3,\"name\":\"IMUNOFLUORESC\u00caNCIA DIRETA PARA RIM E PELE\"}]}]}<\/script>\r\n<!-- \/ Yoast SEO plugin. -->","yoast_head_json":{"title":"Imunofluoresc\u00eancia Direta em Patologia","description":"Descubra como a t\u00e9cnica de imunofluoresc\u00eancia identifica doen\u00e7as renais e dermatol\u00f3gicas, essencial para diagn\u00f3sticos precisos.","robots":{"index":"index","follow":"follow","max-snippet":"max-snippet:-1","max-image-preview":"max-image-preview:large","max-video-preview":"max-video-preview:-1"},"canonical":"https:\/\/www.multipat.com.br\/site\/servicos-de-anatomopatologia-e-biologia-molecular\/imunofluorescencia-direta-em-patologia\/","og_locale":"pt_BR","og_type":"article","og_title":"Imunofluoresc\u00eancia Direta em Patologia","og_description":"Descubra como a t\u00e9cnica de imunofluoresc\u00eancia identifica doen\u00e7as renais e dermatol\u00f3gicas, essencial para diagn\u00f3sticos precisos.","og_url":"https:\/\/www.multipat.com.br\/site\/servicos-de-anatomopatologia-e-biologia-molecular\/imunofluorescencia-direta-em-patologia\/","og_site_name":"Multipat - Laborat\u00f3rio m\u00e9dico privado que presta diagn\u00f3sticos de Anatomia Patol\u00f3gica, Citopatologia Diagn\u00f3stica e Patologia Molecular em Jardim Guanabara - Campinas.","article_modified_time":"2024-04-10T16:46:40+00:00","author":"Desenvolvedor Projeto Web","twitter_card":"summary_large_image","twitter_misc":{"Est. tempo de leitura":"2 minutos"},"schema":{"@context":"https:\/\/schema.org","@graph":[{"@type":"WebSite","@id":"http:\/\/www.multipat.com.br\/site\/#website","url":"http:\/\/www.multipat.com.br\/site\/","name":"Multipat - Laborat\u00f3rio m\u00e9dico privado que presta diagn\u00f3sticos de Anatomia Patol\u00f3gica, Citopatologia Diagn\u00f3stica e Patologia Molecular em Jardim Guanabara - Campinas.","description":"Multipat - Laborat\u00f3rio m\u00e9dico privado que presta diagn\u00f3sticos de Anatomia Patol\u00f3gica, Citopatologia Diagn\u00f3stica e Patologia Molecular em Jardim Guanabara - Campinas.","potentialAction":[{"@type":"SearchAction","target":{"@type":"EntryPoint","urlTemplate":"http:\/\/www.multipat.com.br\/site\/?s={search_term_string}"},"query-input":"required name=search_term_string"}],"inLanguage":"pt-BR"},{"@type":"WebPage","@id":"https:\/\/www.multipat.com.br\/site\/servicos-de-anatomopatologia-e-biologia-molecular\/imunofluorescencia-direta-em-patologia\/#webpage","url":"https:\/\/www.multipat.com.br\/site\/servicos-de-anatomopatologia-e-biologia-molecular\/imunofluorescencia-direta-em-patologia\/","name":"Imunofluoresc\u00eancia Direta em Patologia","isPartOf":{"@id":"http:\/\/www.multipat.com.br\/site\/#website"},"datePublished":"2021-06-23T20:01:19+00:00","dateModified":"2024-04-10T16:46:40+00:00","description":"Descubra como a t\u00e9cnica de imunofluoresc\u00eancia identifica doen\u00e7as renais e dermatol\u00f3gicas, essencial para diagn\u00f3sticos precisos.","breadcrumb":{"@id":"https:\/\/www.multipat.com.br\/site\/servicos-de-anatomopatologia-e-biologia-molecular\/imunofluorescencia-direta-em-patologia\/#breadcrumb"},"inLanguage":"pt-BR","potentialAction":[{"@type":"ReadAction","target":["https:\/\/www.multipat.com.br\/site\/servicos-de-anatomopatologia-e-biologia-molecular\/imunofluorescencia-direta-em-patologia\/"]}]},{"@type":"BreadcrumbList","@id":"https:\/\/www.multipat.com.br\/site\/servicos-de-anatomopatologia-e-biologia-molecular\/imunofluorescencia-direta-em-patologia\/#breadcrumb","itemListElement":[{"@type":"ListItem","position":1,"name":"In\u00edcio","item":"http:\/\/www.multipat.com.br\/site\/"},{"@type":"ListItem","position":2,"name":"Exames","item":"https:\/\/www.multipat.com.br\/site\/servicos-de-anatomopatologia-e-biologia-molecular\/"},{"@type":"ListItem","position":3,"name":"IMUNOFLUORESC\u00caNCIA DIRETA PARA RIM E PELE"}]}]}},"_links":{"self":[{"href":"https:\/\/www.multipat.com.br\/site\/wp-json\/wp\/v2\/pages\/587"}],"collection":[{"href":"https:\/\/www.multipat.com.br\/site\/wp-json\/wp\/v2\/pages"}],"about":[{"href":"https:\/\/www.multipat.com.br\/site\/wp-json\/wp\/v2\/types\/page"}],"author":[{"embeddable":true,"href":"https:\/\/www.multipat.com.br\/site\/wp-json\/wp\/v2\/users\/5"}],"replies":[{"embeddable":true,"href":"https:\/\/www.multipat.com.br\/site\/wp-json\/wp\/v2\/comments?post=587"}],"version-history":[{"count":58,"href":"https:\/\/www.multipat.com.br\/site\/wp-json\/wp\/v2\/pages\/587\/revisions"}],"predecessor-version":[{"id":1766,"href":"https:\/\/www.multipat.com.br\/site\/wp-json\/wp\/v2\/pages\/587\/revisions\/1766"}],"up":[{"embeddable":true,"href":"https:\/\/www.multipat.com.br\/site\/wp-json\/wp\/v2\/pages\/507"}],"wp:attachment":[{"href":"https:\/\/www.multipat.com.br\/site\/wp-json\/wp\/v2\/media?parent=587"}],"curies":[{"name":"wp","href":"https:\/\/api.w.org\/{rel}","templated":true}]}}