{"id":1788,"date":"2023-03-14T19:46:57","date_gmt":"2023-03-14T19:46:57","guid":{"rendered":"https:\/\/xn--criar-site-criao-sites-r4b9g.com.br\/provas-wp\/multipat\/?page_id=1788"},"modified":"2024-04-10T14:17:49","modified_gmt":"2024-04-10T14:17:49","slug":"contato-laboratorio-multipat-em-campinas","status":"publish","type":"page","link":"https:\/\/www.multipat.com.br\/site\/contato-laboratorio-multipat-em-campinas\/","title":{"rendered":"CONTATOS"},"content":{"rendered":"","protected":false},"excerpt":{"rendered":"","protected":false},"author":5,"featured_media":0,"parent":0,"menu_order":0,"comment_status":"closed","ping_status":"closed","template":"contato.php","meta":{"footnotes":""},"acf":[],"yoast_head":"<!-- This site is optimized with the Yoast SEO plugin v19.2 - https:\/\/yoast.com\/wordpress\/plugins\/seo\/ -->\r\n<title>Contato Laborat\u00f3rio Multipat em Campinas<\/title>\r\n<meta name=\"description\" content=\"Contato Laborat\u00f3rio Multipat em Campinas para diagn\u00f3sticos patol\u00f3gicos precisos em tempo e apoio \u00e0 forma\u00e7\u00e3o profissional.\" \/>\r\n<meta name=\"robots\" content=\"index, follow, max-snippet:-1, max-image-preview:large, max-video-preview:-1\" \/>\r\n<link rel=\"canonical\" href=\"https:\/\/www.multipat.com.br\/site\/contato-laboratorio-multipat-em-campinas\/\" \/>\r\n<meta property=\"og:locale\" content=\"pt_BR\" \/>\r\n<meta property=\"og:type\" content=\"article\" \/>\r\n<meta property=\"og:title\" content=\"Contato Laborat\u00f3rio Multipat em Campinas\" \/>\r\n<meta property=\"og:description\" content=\"Contato Laborat\u00f3rio Multipat em Campinas para diagn\u00f3sticos patol\u00f3gicos precisos em tempo e apoio \u00e0 forma\u00e7\u00e3o profissional.\" \/>\r\n<meta property=\"og:url\" content=\"https:\/\/www.multipat.com.br\/site\/contato-laboratorio-multipat-em-campinas\/\" \/>\r\n<meta property=\"og:site_name\" content=\"Multipat - Laborat\u00f3rio m\u00e9dico privado que presta diagn\u00f3sticos de Anatomia Patol\u00f3gica, Citopatologia Diagn\u00f3stica e Patologia Molecular em Jardim Guanabara - Campinas.\" \/>\r\n<meta property=\"article:modified_time\" content=\"2024-04-10T14:17:49+00:00\" \/>\r\n<meta name=\"author\" content=\"Desenvolvedor Projeto Web\" \/>\r\n<meta name=\"twitter:card\" content=\"summary_large_image\" \/>\r\n<script type=\"application\/ld+json\" class=\"yoast-schema-graph\">{\"@context\":\"https:\/\/schema.org\",\"@graph\":[{\"@type\":\"WebSite\",\"@id\":\"http:\/\/www.multipat.com.br\/site\/#website\",\"url\":\"http:\/\/www.multipat.com.br\/site\/\",\"name\":\"Multipat - Laborat\u00f3rio m\u00e9dico privado que presta diagn\u00f3sticos de Anatomia Patol\u00f3gica, Citopatologia Diagn\u00f3stica e Patologia Molecular em Jardim Guanabara - Campinas.\",\"description\":\"Multipat - Laborat\u00f3rio m\u00e9dico privado que presta diagn\u00f3sticos de Anatomia Patol\u00f3gica, Citopatologia Diagn\u00f3stica e Patologia Molecular em Jardim Guanabara - Campinas.\",\"potentialAction\":[{\"@type\":\"SearchAction\",\"target\":{\"@type\":\"EntryPoint\",\"urlTemplate\":\"http:\/\/www.multipat.com.br\/site\/?s={search_term_string}\"},\"query-input\":\"required name=search_term_string\"}],\"inLanguage\":\"pt-BR\"},{\"@type\":\"WebPage\",\"@id\":\"https:\/\/www.multipat.com.br\/site\/contato-laboratorio-multipat-em-campinas\/#webpage\",\"url\":\"https:\/\/www.multipat.com.br\/site\/contato-laboratorio-multipat-em-campinas\/\",\"name\":\"Contato Laborat\u00f3rio Multipat em Campinas\",\"isPartOf\":{\"@id\":\"http:\/\/www.multipat.com.br\/site\/#website\"},\"datePublished\":\"2023-03-14T19:46:57+00:00\",\"dateModified\":\"2024-04-10T14:17:49+00:00\",\"description\":\"Contato Laborat\u00f3rio Multipat em Campinas para diagn\u00f3sticos patol\u00f3gicos precisos em tempo e apoio \u00e0 forma\u00e7\u00e3o profissional.\",\"breadcrumb\":{\"@id\":\"https:\/\/www.multipat.com.br\/site\/contato-laboratorio-multipat-em-campinas\/#breadcrumb\"},\"inLanguage\":\"pt-BR\",\"potentialAction\":[{\"@type\":\"ReadAction\",\"target\":[\"https:\/\/www.multipat.com.br\/site\/contato-laboratorio-multipat-em-campinas\/\"]}]},{\"@type\":\"BreadcrumbList\",\"@id\":\"https:\/\/www.multipat.com.br\/site\/contato-laboratorio-multipat-em-campinas\/#breadcrumb\",\"itemListElement\":[{\"@type\":\"ListItem\",\"position\":1,\"name\":\"In\u00edcio\",\"item\":\"http:\/\/www.multipat.com.br\/site\/\"},{\"@type\":\"ListItem\",\"position\":2,\"name\":\"CONTATOS\"}]}]}<\/script>\r\n<!-- \/ Yoast SEO plugin. -->","yoast_head_json":{"title":"Contato Laborat\u00f3rio Multipat em Campinas","description":"Contato Laborat\u00f3rio Multipat em Campinas para diagn\u00f3sticos patol\u00f3gicos precisos em tempo e apoio \u00e0 forma\u00e7\u00e3o profissional.","robots":{"index":"index","follow":"follow","max-snippet":"max-snippet:-1","max-image-preview":"max-image-preview:large","max-video-preview":"max-video-preview:-1"},"canonical":"https:\/\/www.multipat.com.br\/site\/contato-laboratorio-multipat-em-campinas\/","og_locale":"pt_BR","og_type":"article","og_title":"Contato Laborat\u00f3rio Multipat em Campinas","og_description":"Contato Laborat\u00f3rio Multipat em Campinas para diagn\u00f3sticos patol\u00f3gicos precisos em tempo e apoio \u00e0 forma\u00e7\u00e3o profissional.","og_url":"https:\/\/www.multipat.com.br\/site\/contato-laboratorio-multipat-em-campinas\/","og_site_name":"Multipat - Laborat\u00f3rio m\u00e9dico privado que presta diagn\u00f3sticos de Anatomia Patol\u00f3gica, Citopatologia Diagn\u00f3stica e Patologia Molecular em Jardim Guanabara - Campinas.","article_modified_time":"2024-04-10T14:17:49+00:00","author":"Desenvolvedor Projeto Web","twitter_card":"summary_large_image","schema":{"@context":"https:\/\/schema.org","@graph":[{"@type":"WebSite","@id":"http:\/\/www.multipat.com.br\/site\/#website","url":"http:\/\/www.multipat.com.br\/site\/","name":"Multipat - Laborat\u00f3rio m\u00e9dico privado que presta diagn\u00f3sticos de Anatomia Patol\u00f3gica, Citopatologia Diagn\u00f3stica e Patologia Molecular em Jardim Guanabara - Campinas.","description":"Multipat - Laborat\u00f3rio m\u00e9dico privado que presta diagn\u00f3sticos de Anatomia Patol\u00f3gica, Citopatologia Diagn\u00f3stica e Patologia Molecular em Jardim Guanabara - Campinas.","potentialAction":[{"@type":"SearchAction","target":{"@type":"EntryPoint","urlTemplate":"http:\/\/www.multipat.com.br\/site\/?s={search_term_string}"},"query-input":"required name=search_term_string"}],"inLanguage":"pt-BR"},{"@type":"WebPage","@id":"https:\/\/www.multipat.com.br\/site\/contato-laboratorio-multipat-em-campinas\/#webpage","url":"https:\/\/www.multipat.com.br\/site\/contato-laboratorio-multipat-em-campinas\/","name":"Contato Laborat\u00f3rio Multipat em Campinas","isPartOf":{"@id":"http:\/\/www.multipat.com.br\/site\/#website"},"datePublished":"2023-03-14T19:46:57+00:00","dateModified":"2024-04-10T14:17:49+00:00","description":"Contato Laborat\u00f3rio Multipat em Campinas para diagn\u00f3sticos patol\u00f3gicos precisos em tempo e apoio \u00e0 forma\u00e7\u00e3o profissional.","breadcrumb":{"@id":"https:\/\/www.multipat.com.br\/site\/contato-laboratorio-multipat-em-campinas\/#breadcrumb"},"inLanguage":"pt-BR","potentialAction":[{"@type":"ReadAction","target":["https:\/\/www.multipat.com.br\/site\/contato-laboratorio-multipat-em-campinas\/"]}]},{"@type":"BreadcrumbList","@id":"https:\/\/www.multipat.com.br\/site\/contato-laboratorio-multipat-em-campinas\/#breadcrumb","itemListElement":[{"@type":"ListItem","position":1,"name":"In\u00edcio","item":"http:\/\/www.multipat.com.br\/site\/"},{"@type":"ListItem","position":2,"name":"CONTATOS"}]}]}},"_links":{"self":[{"href":"https:\/\/www.multipat.com.br\/site\/wp-json\/wp\/v2\/pages\/1788"}],"collection":[{"href":"https:\/\/www.multipat.com.br\/site\/wp-json\/wp\/v2\/pages"}],"about":[{"href":"https:\/\/www.multipat.com.br\/site\/wp-json\/wp\/v2\/types\/page"}],"author":[{"embeddable":true,"href":"https:\/\/www.multipat.com.br\/site\/wp-json\/wp\/v2\/users\/5"}],"replies":[{"embeddable":true,"href":"https:\/\/www.multipat.com.br\/site\/wp-json\/wp\/v2\/comments?post=1788"}],"version-history":[{"count":1,"href":"https:\/\/www.multipat.com.br\/site\/wp-json\/wp\/v2\/pages\/1788\/revisions"}],"predecessor-version":[{"id":1789,"href":"https:\/\/www.multipat.com.br\/site\/wp-json\/wp\/v2\/pages\/1788\/revisions\/1789"}],"wp:attachment":[{"href":"https:\/\/www.multipat.com.br\/site\/wp-json\/wp\/v2\/media?parent=1788"}],"curies":[{"name":"wp","href":"https:\/\/api.w.org\/{rel}","templated":true}]}}