{"id":1743,"date":"2023-02-16T13:15:56","date_gmt":"2023-02-16T13:15:56","guid":{"rendered":"https:\/\/xn--criar-site-criao-sites-r4b9g.com.br\/provas-wp\/multipat\/?page_id=1743"},"modified":"2024-02-22T16:19:12","modified_gmt":"2024-02-22T16:19:12","slug":"lgpd","status":"publish","type":"page","link":"https:\/\/www.multipat.com.br\/site\/lgpd\/","title":{"rendered":"LGPD"},"content":{"rendered":"<div id=\"pl-1743\"  class=\"panel-layout\" ><div id=\"pg-1743-0\"  class=\"panel-grid panel-no-style\" ><div id=\"pgc-1743-0-0\"  class=\"panel-grid-cell\" ><div id=\"panel-1743-0-0-0\" class=\"so-panel widget widget_sow-editor panel-first-child panel-last-child\" data-index=\"0\" ><div class=\"titulo-empresa panel-widget-style panel-widget-style-for-1743-0-0-0\" ><div\n\t\t\t\n\t\t\tclass=\"so-widget-sow-editor so-widget-sow-editor-base\"\n\t\t\t\n\t\t>\n<div class=\"siteorigin-widget-tinymce textwidget\">\n\t<p style=\"text-align: center;\"><strong>PR\u00c1TICAS DE CONFORMIDADE DO LABORAT\u00d3RIO MULTIPAT \u00c0 LEI GERAL DE PROTE\u00c7\u00c3O DE DADOS (LGPD) DE PACIENTES<\/strong><\/p>\n<p>&nbsp;<\/p>\n<p style=\"text-align: left;\">O Laborat\u00f3rio Multipat encontra-se em conformidade com a LGPD, para que seus clientes disponham de maior seguran\u00e7a e tenham asseguradas suas prefer\u00eancias quanto ao tratamento de seus dados pessoais.<\/p>\n<p>&nbsp;<\/p>\n<p style=\"text-align: left;\"><strong>Quais dados coletamos do paciente e por que:<\/strong><\/p>\n<ul>\n<li style=\"text-align: left;\">Dados pessoais, como nome e data de nascimento: utilizados para a identifica\u00e7\u00e3o segura das amostras e dos resultados de exames;<\/li>\n<li style=\"text-align: left;\">Hom\u00f4nimos: coletamos ainda o nome da m\u00e3e, para que haja mais uma garantia de identifica\u00e7\u00e3o adequada dos exames;<\/li>\n<li style=\"text-align: left;\">Dados m\u00e9dicos relevantes para a conclus\u00e3o diagn\u00f3stica: todos os dados sobre a hist\u00f3ria da mol\u00e9stia atual, hist\u00f3rico m\u00e9dico pregresso, exames laboratoriais e de imagem j\u00e1 realizados;<\/li>\n<li style=\"text-align: left;\">Dados de localiza\u00e7\u00e3o pessoal (celular, telefones, WhatsApp, e-mail, endere\u00e7o): para que seja poss\u00edvel a comunica\u00e7\u00e3o imediata com o paciente e para a entrega de seus laudos.<\/li>\n<\/ul>\n<p>&nbsp;<\/p>\n<p style=\"text-align: left;\"><strong>Como os dados do paciente s\u00e3o utilizados pelo Laborat\u00f3rio:<\/strong><\/p>\n<ul>\n<li style=\"text-align: left;\">Para permitir melhor conclus\u00e3o diagn\u00f3stica, mais segura e no menor tempo poss\u00edvel;<\/li>\n<li style=\"text-align: left;\">Para informar ao paciente e ao seu m\u00e9dico assistente sobre as conclus\u00f5es chegadas atrav\u00e9s do exame trazido ao Laborat\u00f3rio;<\/li>\n<li style=\"text-align: left;\">Para se comunicar com o paciente e\/ou m\u00e9dico assistente para tratar de quaisquer tipos de assuntos relacionados ao andamento do exame;<\/li>\n<li style=\"text-align: left;\">Para comunica\u00e7\u00e3o com o conv\u00eanio do paciente, quando for o caso, de modo a permitir a adequada cobertura do exame pela fonte pagadora.<\/li>\n<\/ul>\n<p>&nbsp;<\/p>\n<p style=\"text-align: left;\"><strong>Como proceder nos casos de pacientes menores de idade ou impossibilitados de tratar com o laborat\u00f3rio:<\/strong><\/p>\n<ul>\n<li style=\"text-align: left;\">Nestes casos, um respons\u00e1vel dever\u00e1 ser indicado e cadastrado no Laborat\u00f3rio, permitindo todas as a\u00e7\u00f5es descritas acima em nome do paciente, sempre assegurando sua seguran\u00e7a e a privacidade de seus dados.<\/li>\n<\/ul>\n<p>&nbsp;<\/p>\n<p style=\"text-align: left;\"><strong>Quais termos de consentimento s\u00e3o solicitados pelo Laborat\u00f3rio:<\/strong><\/p>\n<ul>\n<li style=\"text-align: left;\">Primeiramente, o paciente deve assinar um termo de consentimento livre e esclarecido, assegurando que conhece seu direito de livre escolha do laborat\u00f3rio onde deseja ter seus exames realizados. Este termo consta da requisi\u00e7\u00e3o de exames preenchida pelo m\u00e9dico assistente;<br \/>\nNo mesmo formul\u00e1rio, o paciente poder\u00e1 autorizar o tr\u00e2nsito de informa\u00e7\u00f5es entre o m\u00e9dico patologista, os m\u00e9dicos assistentes (cl\u00ednicos, radiologistas, cirurgi\u00f5es) para permitir a conclus\u00e3o diagn\u00f3stica mais exata;<\/li>\n<li style=\"text-align: left;\">Adicionalmente, o paciente poder\u00e1 autorizar o tr\u00e2nsito de informa\u00e7\u00f5es entre o laborat\u00f3rio e a fonte pagadora, de modo a permitir a adequada cobertura do exame pelo conv\u00eanio;<\/li>\n<li style=\"text-align: left;\">Neste termo, o paciente autoriza tamb\u00e9m o arquivamento dos exames no laborat\u00f3rio, segundo as normas sanit\u00e1rias, e toma ci\u00eancia que poder\u00e1 retirar esse material do laborat\u00f3rio quando desejar.<\/li>\n<\/ul>\n<p>&nbsp;<\/p>\n<p style=\"text-align: left;\"><strong>Quais os direitos do paciente em rela\u00e7\u00e3o \u00e0s autoriza\u00e7\u00f5es concedidas:<\/strong><\/p>\n<ul>\n<li style=\"text-align: left;\">O paciente deve saber que qualquer barreira que ele colocar para a divulga\u00e7\u00e3o de seus dados ser\u00e1 registrada e respeitada;<\/li>\n<li style=\"text-align: left;\">O paciente deve estar ciente que a qualquer momento poder\u00e1 alterar o status da autoriza\u00e7\u00e3o, ou seja, que ele poder\u00e1 autorizar um procedimento que havia desautorizado e vice-versa.<\/li>\n<\/ul>\n<p>&nbsp;<\/p>\n<p style=\"text-align: left;\"><strong>Como o Laborat\u00f3rio assegura a confidencialidade dos dados dos pacientes:<\/strong><\/p>\n<ul>\n<li style=\"text-align: left;\">Restringindo o acesso a esses dados ao estritamente necess\u00e1rio para a conclus\u00e3o diagn\u00f3stica e cobertura do procedimento;<\/li>\n<li style=\"text-align: left;\">Utilizando barreiras e senhas para que o paciente e o m\u00e9dico assistente tenham acesso ao resultado do exame;<\/li>\n<li style=\"text-align: left;\">Mantendo um rigoroso controle sobre o fluxo dos dados e das amostras dos pacientes dentro do laborat\u00f3rio (barreiras f\u00edsicas nos arquivos e barreiras virtuais para acesso aos dados no sistema informatizado do laborat\u00f3rio);<\/li>\n<li style=\"text-align: left;\">Mantendo um rigoroso sistema de treinamento dos colaboradores do Laborat\u00f3rio em rela\u00e7\u00e3o ao fluxo e \u00e0 prote\u00e7\u00e3o de dados dos pacientes.<\/li>\n<\/ul>\n<p>&nbsp;<\/p>\n<p style=\"text-align: left;\"><strong>Como o paciente deve proceder em caso de d\u00favidas, para conceder ou eliminar uma autoriza\u00e7\u00e3o:<\/strong><\/p>\n<p style=\"text-align: left;\">Ligando diretamente para o Laborat\u00f3rio Multipat, solicitando para conversar com um colaborador ou m\u00e9dico patologista<\/p>\n<p style=\"text-align: left;\">Enviando uma mensagem no site do laborat\u00f3rio <a href=\"http:\/\/www.multipat.com.br\">www.multipat.com.br<\/a>, clicando na aba \u201cfale conosco\u201d.<\/p>\n<p>&nbsp;<\/p>\n<p style=\"text-align: right;\">\n<\/div>\n<\/div><\/div><\/div><\/div><\/div><div id=\"pg-1743-1\"  class=\"panel-grid panel-no-style\" ><div id=\"pgc-1743-1-0\"  class=\"panel-grid-cell panel-grid-cell-empty\" ><\/div><div id=\"pgc-1743-1-1\"  class=\"panel-grid-cell panel-grid-cell-mobile-last\" ><div id=\"panel-1743-1-1-0\" class=\"so-panel widget widget_sow-button panel-first-child panel-last-child\" data-index=\"1\" ><div class=\"btn-LGPD panel-widget-style panel-widget-style-for-1743-1-1-0\" ><div\n\t\t\t\n\t\t\tclass=\"so-widget-sow-button so-widget-sow-button-flat-eaa51a902caf-1743\"\n\t\t\t\n\t\t><div class=\"ow-button-base ow-button-align-center\">\n\t<a href=\"http:\/\/www.multipat.com.br\/site\/wp-content\/uploads\/2024\/02\/DIREITOS-E-DEVERES-DOS-PACIENTES.pdf\" class=\"ow-icon-placement-left ow-button-hover\" target=\"_blank\" rel=\"noopener noreferrer\" \t\t>\n\t\t<span>\n\t\t\t\n\t\t\tDIREITOS E DEVERES DO PACIENTE\t\t<\/span>\n\t<\/a>\n<\/div>\n<\/div><\/div><\/div><\/div><div id=\"pgc-1743-1-2\"  class=\"panel-grid-cell panel-grid-cell-empty\" ><\/div><\/div><\/div>","protected":false},"excerpt":{"rendered":"<p>PR\u00c1TICAS DE CONFORMIDADE DO LABORAT\u00d3RIO MULTIPAT \u00c0 LEI GERAL DE PROTE\u00c7\u00c3O DE DADOS (LGPD) DE PACIENTES &nbsp; O Laborat\u00f3rio Multipat encontra-se em conformidade com a LGPD, para que seus clientes disponham de maior seguran\u00e7a e tenham asseguradas suas prefer\u00eancias quanto ao tratamento de seus dados pessoais. &nbsp; Quais dados coletamos do paciente e por que: [&hellip;]<\/p>\n","protected":false},"author":5,"featured_media":0,"parent":0,"menu_order":0,"comment_status":"closed","ping_status":"closed","template":"","meta":{"footnotes":""},"acf":[],"yoast_head":"<!-- This site is optimized with the Yoast SEO plugin v19.2 - https:\/\/yoast.com\/wordpress\/plugins\/seo\/ -->\r\n<title>LGPD - Multipat - Laborat\u00f3rio m\u00e9dico privado que presta diagn\u00f3sticos de Anatomia Patol\u00f3gica, Citopatologia Diagn\u00f3stica e Patologia Molecular em Jardim Guanabara - Campinas.<\/title>\r\n<meta name=\"robots\" content=\"index, follow, max-snippet:-1, max-image-preview:large, max-video-preview:-1\" \/>\r\n<link rel=\"canonical\" href=\"https:\/\/www.multipat.com.br\/site\/lgpd\/\" \/>\r\n<meta property=\"og:locale\" content=\"pt_BR\" \/>\r\n<meta property=\"og:type\" content=\"article\" \/>\r\n<meta property=\"og:title\" content=\"LGPD - Multipat - Laborat\u00f3rio m\u00e9dico privado que presta diagn\u00f3sticos de Anatomia Patol\u00f3gica, Citopatologia Diagn\u00f3stica e Patologia Molecular em Jardim Guanabara - Campinas.\" \/>\r\n<meta property=\"og:description\" content=\"PR\u00c1TICAS DE CONFORMIDADE DO LABORAT\u00d3RIO MULTIPAT \u00c0 LEI GERAL DE PROTE\u00c7\u00c3O DE DADOS (LGPD) DE PACIENTES &nbsp; O Laborat\u00f3rio Multipat encontra-se em conformidade com a LGPD, para que seus clientes disponham de maior seguran\u00e7a e tenham asseguradas suas prefer\u00eancias quanto ao tratamento de seus dados pessoais. &nbsp; Quais dados coletamos do paciente e por que: [&hellip;]\" \/>\r\n<meta property=\"og:url\" content=\"https:\/\/www.multipat.com.br\/site\/lgpd\/\" \/>\r\n<meta property=\"og:site_name\" content=\"Multipat - Laborat\u00f3rio m\u00e9dico privado que presta diagn\u00f3sticos de Anatomia Patol\u00f3gica, Citopatologia Diagn\u00f3stica e Patologia Molecular em Jardim Guanabara - Campinas.\" \/>\r\n<meta property=\"article:modified_time\" content=\"2024-02-22T16:19:12+00:00\" \/>\r\n<meta name=\"author\" content=\"Desenvolvedor Projeto Web\" \/>\r\n<meta name=\"twitter:card\" content=\"summary_large_image\" \/>\r\n<meta name=\"twitter:label1\" content=\"Est. tempo de leitura\" \/>\n\t<meta name=\"twitter:data1\" content=\"4 minutos\" \/>\r\n<script type=\"application\/ld+json\" class=\"yoast-schema-graph\">{\"@context\":\"https:\/\/schema.org\",\"@graph\":[{\"@type\":\"WebSite\",\"@id\":\"http:\/\/www.multipat.com.br\/site\/#website\",\"url\":\"http:\/\/www.multipat.com.br\/site\/\",\"name\":\"Multipat - Laborat\u00f3rio m\u00e9dico privado que presta diagn\u00f3sticos de Anatomia Patol\u00f3gica, Citopatologia Diagn\u00f3stica e Patologia Molecular em Jardim Guanabara - Campinas.\",\"description\":\"Multipat - Laborat\u00f3rio m\u00e9dico privado que presta diagn\u00f3sticos de Anatomia Patol\u00f3gica, Citopatologia Diagn\u00f3stica e Patologia Molecular em Jardim Guanabara - Campinas.\",\"potentialAction\":[{\"@type\":\"SearchAction\",\"target\":{\"@type\":\"EntryPoint\",\"urlTemplate\":\"http:\/\/www.multipat.com.br\/site\/?s={search_term_string}\"},\"query-input\":\"required name=search_term_string\"}],\"inLanguage\":\"pt-BR\"},{\"@type\":\"WebPage\",\"@id\":\"https:\/\/www.multipat.com.br\/site\/lgpd\/#webpage\",\"url\":\"https:\/\/www.multipat.com.br\/site\/lgpd\/\",\"name\":\"LGPD - Multipat - Laborat\u00f3rio m\u00e9dico privado que presta diagn\u00f3sticos de Anatomia Patol\u00f3gica, Citopatologia Diagn\u00f3stica e Patologia Molecular em Jardim Guanabara - Campinas.\",\"isPartOf\":{\"@id\":\"http:\/\/www.multipat.com.br\/site\/#website\"},\"datePublished\":\"2023-02-16T13:15:56+00:00\",\"dateModified\":\"2024-02-22T16:19:12+00:00\",\"breadcrumb\":{\"@id\":\"https:\/\/www.multipat.com.br\/site\/lgpd\/#breadcrumb\"},\"inLanguage\":\"pt-BR\",\"potentialAction\":[{\"@type\":\"ReadAction\",\"target\":[\"https:\/\/www.multipat.com.br\/site\/lgpd\/\"]}]},{\"@type\":\"BreadcrumbList\",\"@id\":\"https:\/\/www.multipat.com.br\/site\/lgpd\/#breadcrumb\",\"itemListElement\":[{\"@type\":\"ListItem\",\"position\":1,\"name\":\"In\u00edcio\",\"item\":\"http:\/\/www.multipat.com.br\/site\/\"},{\"@type\":\"ListItem\",\"position\":2,\"name\":\"LGPD\"}]}]}<\/script>\r\n<!-- \/ Yoast SEO plugin. -->","yoast_head_json":{"title":"LGPD - Multipat - Laborat\u00f3rio m\u00e9dico privado que presta diagn\u00f3sticos de Anatomia Patol\u00f3gica, Citopatologia Diagn\u00f3stica e Patologia Molecular em Jardim Guanabara - Campinas.","robots":{"index":"index","follow":"follow","max-snippet":"max-snippet:-1","max-image-preview":"max-image-preview:large","max-video-preview":"max-video-preview:-1"},"canonical":"https:\/\/www.multipat.com.br\/site\/lgpd\/","og_locale":"pt_BR","og_type":"article","og_title":"LGPD - Multipat - Laborat\u00f3rio m\u00e9dico privado que presta diagn\u00f3sticos de Anatomia Patol\u00f3gica, Citopatologia Diagn\u00f3stica e Patologia Molecular em Jardim Guanabara - Campinas.","og_description":"PR\u00c1TICAS DE CONFORMIDADE DO LABORAT\u00d3RIO MULTIPAT \u00c0 LEI GERAL DE PROTE\u00c7\u00c3O DE DADOS (LGPD) DE PACIENTES &nbsp; O Laborat\u00f3rio Multipat encontra-se em conformidade com a LGPD, para que seus clientes disponham de maior seguran\u00e7a e tenham asseguradas suas prefer\u00eancias quanto ao tratamento de seus dados pessoais. &nbsp; Quais dados coletamos do paciente e por que: [&hellip;]","og_url":"https:\/\/www.multipat.com.br\/site\/lgpd\/","og_site_name":"Multipat - Laborat\u00f3rio m\u00e9dico privado que presta diagn\u00f3sticos de Anatomia Patol\u00f3gica, Citopatologia Diagn\u00f3stica e Patologia Molecular em Jardim Guanabara - Campinas.","article_modified_time":"2024-02-22T16:19:12+00:00","author":"Desenvolvedor Projeto Web","twitter_card":"summary_large_image","twitter_misc":{"Est. tempo de leitura":"4 minutos"},"schema":{"@context":"https:\/\/schema.org","@graph":[{"@type":"WebSite","@id":"http:\/\/www.multipat.com.br\/site\/#website","url":"http:\/\/www.multipat.com.br\/site\/","name":"Multipat - Laborat\u00f3rio m\u00e9dico privado que presta diagn\u00f3sticos de Anatomia Patol\u00f3gica, Citopatologia Diagn\u00f3stica e Patologia Molecular em Jardim Guanabara - Campinas.","description":"Multipat - Laborat\u00f3rio m\u00e9dico privado que presta diagn\u00f3sticos de Anatomia Patol\u00f3gica, Citopatologia Diagn\u00f3stica e Patologia Molecular em Jardim Guanabara - Campinas.","potentialAction":[{"@type":"SearchAction","target":{"@type":"EntryPoint","urlTemplate":"http:\/\/www.multipat.com.br\/site\/?s={search_term_string}"},"query-input":"required name=search_term_string"}],"inLanguage":"pt-BR"},{"@type":"WebPage","@id":"https:\/\/www.multipat.com.br\/site\/lgpd\/#webpage","url":"https:\/\/www.multipat.com.br\/site\/lgpd\/","name":"LGPD - Multipat - Laborat\u00f3rio m\u00e9dico privado que presta diagn\u00f3sticos de Anatomia Patol\u00f3gica, Citopatologia Diagn\u00f3stica e Patologia Molecular em Jardim Guanabara - Campinas.","isPartOf":{"@id":"http:\/\/www.multipat.com.br\/site\/#website"},"datePublished":"2023-02-16T13:15:56+00:00","dateModified":"2024-02-22T16:19:12+00:00","breadcrumb":{"@id":"https:\/\/www.multipat.com.br\/site\/lgpd\/#breadcrumb"},"inLanguage":"pt-BR","potentialAction":[{"@type":"ReadAction","target":["https:\/\/www.multipat.com.br\/site\/lgpd\/"]}]},{"@type":"BreadcrumbList","@id":"https:\/\/www.multipat.com.br\/site\/lgpd\/#breadcrumb","itemListElement":[{"@type":"ListItem","position":1,"name":"In\u00edcio","item":"http:\/\/www.multipat.com.br\/site\/"},{"@type":"ListItem","position":2,"name":"LGPD"}]}]}},"_links":{"self":[{"href":"https:\/\/www.multipat.com.br\/site\/wp-json\/wp\/v2\/pages\/1743"}],"collection":[{"href":"https:\/\/www.multipat.com.br\/site\/wp-json\/wp\/v2\/pages"}],"about":[{"href":"https:\/\/www.multipat.com.br\/site\/wp-json\/wp\/v2\/types\/page"}],"author":[{"embeddable":true,"href":"https:\/\/www.multipat.com.br\/site\/wp-json\/wp\/v2\/users\/5"}],"replies":[{"embeddable":true,"href":"https:\/\/www.multipat.com.br\/site\/wp-json\/wp\/v2\/comments?post=1743"}],"version-history":[{"count":16,"href":"https:\/\/www.multipat.com.br\/site\/wp-json\/wp\/v2\/pages\/1743\/revisions"}],"predecessor-version":[{"id":2093,"href":"https:\/\/www.multipat.com.br\/site\/wp-json\/wp\/v2\/pages\/1743\/revisions\/2093"}],"wp:attachment":[{"href":"https:\/\/www.multipat.com.br\/site\/wp-json\/wp\/v2\/media?parent=1743"}],"curies":[{"name":"wp","href":"https:\/\/api.w.org\/{rel}","templated":true}]}}