{"id":1042,"date":"2021-09-23T20:45:23","date_gmt":"2021-09-23T20:45:23","guid":{"rendered":"https:\/\/xn--criar-site-criao-sites-r4b9g.com.br\/provas-wp\/multipat\/?page_id=1042"},"modified":"2022-07-15T12:04:19","modified_gmt":"2022-07-15T12:04:19","slug":"consultoria","status":"publish","type":"page","link":"https:\/\/www.multipat.com.br\/site\/equipe-do-laboratorio-multipat\/consultoria\/","title":{"rendered":"Consultoria"},"content":{"rendered":"<div id=\"pl-1042\"  class=\"panel-layout\" ><div id=\"pg-1042-0\"  class=\"panel-grid panel-has-style\" ><div class=\"conteudo-medicos panel-row-style panel-row-style-for-1042-0\" ><div id=\"pgc-1042-0-0\"  class=\"panel-grid-cell\" ><div id=\"panel-1042-0-0-0\" class=\"so-panel widget widget_sow-editor panel-first-child panel-last-child\" data-index=\"0\" ><div\n\t\t\t\n\t\t\tclass=\"so-widget-sow-editor so-widget-sow-editor-base\"\n\t\t\t\n\t\t><h3 class=\"widget-title\">Consultoria<\/h3>\n<div class=\"siteorigin-widget-tinymce textwidget\">\n\t<p><strong>Dra. Miriam Aparecida Da Silva Trevisan <\/strong><\/p>\n<p>M\u00e9dica pela Universidade Estadual de Campinas - UNICAMP (1972); Especialista em Patologia pela UNICAMP (1974) e pela Sociedade Brasileira de Patologia (1975); Doutora pela UNICAMP (1983); Professora Livre-Docente pela UNICAMP (1995); Especialista nas \u00e1reas de Gastropatologia e Citopatologia. <strong>Professora Livre Docente aposentada. <\/strong> <code>RQE\/SP: 101322 \u2013 CRM\/SP: 18810<\/code><\/p>\n<p>&nbsp;<\/p>\n<p><strong>Dr. Douglas Munhoz Montis <\/strong><\/p>\n<p>Possui gradua\u00e7\u00e3o em Medicina (1990) e mestrado em Patologia pela Universidade de Petr\u00f3polis - RJ. Seu t\u00edtulo de especialista em Patologia foi obtido pela Santa Casa de Miseric\u00f3rdia do Rio de Janeiro, onde fez Resid\u00eancia M\u00e9dica entre 1991 e 1993, e pela Sociedade Brasileira de Citopatologia (1995). Fez est\u00e1gios em Citopatologia na Santa Casa de Miseric\u00f3rdia do Rio de Janeiro e no Instituto Nacional do C\u00e2ncer (INCA, RJ) em 1994. Atua tamb\u00e9m como M\u00e9dico Citopatologista no Laborat\u00f3rio de Citologia do CAISM- Unicamp, desde 2000. <code>RQE\/SP: 82570 \u2013 CRM\/SP: 96394<\/code><\/p>\n<p>&nbsp;<\/p>\n<p><img loading=\"lazy\" decoding=\"async\" class=\"alignnone wp-image-1559\" src=\"http:\/\/www.multipat.com.br\/site\/wp-content\/uploads\/2022\/05\/DRA.-CECILIA-SEM-FUNDO--300x300.png\" alt=\"\" width=\"218\" height=\"218\" srcset=\"https:\/\/www.multipat.com.br\/site\/wp-content\/uploads\/2022\/05\/DRA.-CECILIA-SEM-FUNDO--300x300.png 300w, https:\/\/www.multipat.com.br\/site\/wp-content\/uploads\/2022\/05\/DRA.-CECILIA-SEM-FUNDO--1024x1024.png 1024w, https:\/\/www.multipat.com.br\/site\/wp-content\/uploads\/2022\/05\/DRA.-CECILIA-SEM-FUNDO--150x150.png 150w, https:\/\/www.multipat.com.br\/site\/wp-content\/uploads\/2022\/05\/DRA.-CECILIA-SEM-FUNDO--768x768.png 768w, https:\/\/www.multipat.com.br\/site\/wp-content\/uploads\/2022\/05\/DRA.-CECILIA-SEM-FUNDO-.png 1080w\" sizes=\"(max-width: 218px) 100vw, 218px\" \/><\/p>\n<p><strong>Dra. Cec\u00edlia Am\u00e9lia Fazzio<\/strong><\/p>\n<p>Gradua\u00e7\u00e3o em Medicina pela Faculdade de Medicina de Catanduva (FAMECA) em 1982; T\u00edtulo de Especialista pela UNICAMP em 1985, ap\u00f3s conclus\u00e3o da Resid\u00eancia M\u00e9dica junto ao Departamento de Anatomia Patol\u00f3gica, de 1983 a 1985 e pela Sociedade Brasileira de Patologia, em 2008. Estagiou em Paris (Fran\u00e7a) de abril a setembro de 1986 no Institut de Pathologie et de Cytologie Appliqu\u00e9e, sob orienta\u00e7\u00e3o do Prof. Dr. Jean de Brux e no Service Central d'Anatomie Pathologique - Groupe Hospitalier \"Piti\u00e9-Salp\u00e9tri\u00e8re, sob orienta\u00e7\u00e3o do Prof. Dr. Chomette. Doutorado conclu\u00eddo em 1994 na Faculdade de Ci\u00eancias M\u00e9dicas da UNICAMP, abordando a a\u00e7\u00e3o do DIU sobre o endom\u00e9trio. Professora (aposentada) de Patologia da Faculdade de Ci\u00eancias M\u00e9dicas da UNICAMP de 1987 a 2017. Na \u00e1rea de patologia hep\u00e1tica realizou est\u00e1gio na Division of Hepatopathology - Department of Pathology at the Mount Sinai School of Medicine, New York (USA), de outrubro a novembro de 2000, sob a supervis\u00e3o das Dras. Swan Thung e Romil Saxena. Livre-doc\u00eancia pela Faculdade de Ci\u00eancias M\u00e9dicas da UNICAMP em 2014, com compila\u00e7\u00e3o da obra sobre Carcinoma Hepatocelular. Atua principalmente na \u00e1rea de patologia hep\u00e1tica, com \u00eanfase em hepatites, transplante hep\u00e1tico e carcinoma. <code>RQE\/SP: 82570\/ CRM\/SP: 96394<\/code><\/p>\n<p style=\"text-align: center;\">Curriculum Lattes, <a href=\"http:\/\/lattes.cnpq.br\/9828308704045992\" target=\"_blank\" rel=\"noopener\">clique aqui<\/a><\/p>\n<\/div>\n<\/div><\/div><\/div><\/div><\/div><\/div>","protected":false},"excerpt":{"rendered":"<p>Dra. Miriam Aparecida Da Silva Trevisan M\u00e9dica pela Universidade Estadual de Campinas &#8211; UNICAMP (1972); Especialista em Patologia pela UNICAMP (1974) e pela Sociedade Brasileira de Patologia (1975); Doutora pela UNICAMP (1983); Professora Livre-Docente pela UNICAMP (1995); Especialista nas \u00e1reas de Gastropatologia e Citopatologia. Professora Livre Docente aposentada. RQE\/SP: 101322 \u2013 CRM\/SP: 18810 &nbsp; Dr. [&hellip;]<\/p>\n","protected":false},"author":5,"featured_media":0,"parent":99,"menu_order":0,"comment_status":"closed","ping_status":"closed","template":"","meta":{"footnotes":""},"acf":[],"yoast_head":"<!-- This site is optimized with the Yoast SEO plugin v19.2 - https:\/\/yoast.com\/wordpress\/plugins\/seo\/ -->\r\n<title>Consultoria - Multipat - Laborat\u00f3rio m\u00e9dico privado que presta diagn\u00f3sticos de Anatomia Patol\u00f3gica, Citopatologia Diagn\u00f3stica e Patologia Molecular em Jardim Guanabara - Campinas.<\/title>\r\n<meta name=\"robots\" content=\"index, follow, max-snippet:-1, max-image-preview:large, max-video-preview:-1\" \/>\r\n<link rel=\"canonical\" href=\"https:\/\/www.multipat.com.br\/site\/equipe-do-laboratorio-multipat\/consultoria\/\" \/>\r\n<meta property=\"og:locale\" content=\"pt_BR\" \/>\r\n<meta property=\"og:type\" content=\"article\" \/>\r\n<meta property=\"og:title\" content=\"Consultoria - Multipat - Laborat\u00f3rio m\u00e9dico privado que presta diagn\u00f3sticos de Anatomia Patol\u00f3gica, Citopatologia Diagn\u00f3stica e Patologia Molecular em Jardim Guanabara - Campinas.\" \/>\r\n<meta property=\"og:description\" content=\"Dra. Miriam Aparecida Da Silva Trevisan M\u00e9dica pela Universidade Estadual de Campinas - UNICAMP (1972); Especialista em Patologia pela UNICAMP (1974) e pela Sociedade Brasileira de Patologia (1975); Doutora pela UNICAMP (1983); Professora Livre-Docente pela UNICAMP (1995); Especialista nas \u00e1reas de Gastropatologia e Citopatologia. Professora Livre Docente aposentada. RQE\/SP: 101322 \u2013 CRM\/SP: 18810 &nbsp; Dr. [&hellip;]\" \/>\r\n<meta property=\"og:url\" content=\"https:\/\/www.multipat.com.br\/site\/equipe-do-laboratorio-multipat\/consultoria\/\" \/>\r\n<meta property=\"og:site_name\" content=\"Multipat - Laborat\u00f3rio m\u00e9dico privado que presta diagn\u00f3sticos de Anatomia Patol\u00f3gica, Citopatologia Diagn\u00f3stica e Patologia Molecular em Jardim Guanabara - Campinas.\" \/>\r\n<meta property=\"article:modified_time\" content=\"2022-07-15T12:04:19+00:00\" \/>\r\n<meta property=\"og:image\" content=\"http:\/\/www.multipat.com.br\/site\/wp-content\/uploads\/2022\/05\/DRA.-CECILIA-SEM-FUNDO--300x300.png\" \/>\r\n<meta name=\"author\" content=\"Desenvolvedor Projeto Web\" \/>\r\n<meta name=\"twitter:card\" content=\"summary_large_image\" \/>\r\n<meta name=\"twitter:label1\" content=\"Est. tempo de leitura\" \/>\n\t<meta name=\"twitter:data1\" content=\"3 minutos\" \/>\r\n<script type=\"application\/ld+json\" class=\"yoast-schema-graph\">{\"@context\":\"https:\/\/schema.org\",\"@graph\":[{\"@type\":\"WebSite\",\"@id\":\"http:\/\/www.multipat.com.br\/site\/#website\",\"url\":\"http:\/\/www.multipat.com.br\/site\/\",\"name\":\"Multipat - Laborat\u00f3rio m\u00e9dico privado que presta diagn\u00f3sticos de Anatomia Patol\u00f3gica, Citopatologia Diagn\u00f3stica e Patologia Molecular em Jardim Guanabara - Campinas.\",\"description\":\"Multipat - Laborat\u00f3rio m\u00e9dico privado que presta diagn\u00f3sticos de Anatomia Patol\u00f3gica, Citopatologia Diagn\u00f3stica e Patologia Molecular em Jardim Guanabara - Campinas.\",\"potentialAction\":[{\"@type\":\"SearchAction\",\"target\":{\"@type\":\"EntryPoint\",\"urlTemplate\":\"http:\/\/www.multipat.com.br\/site\/?s={search_term_string}\"},\"query-input\":\"required name=search_term_string\"}],\"inLanguage\":\"pt-BR\"},{\"@type\":\"ImageObject\",\"inLanguage\":\"pt-BR\",\"@id\":\"https:\/\/www.multipat.com.br\/site\/equipe-do-laboratorio-multipat\/consultoria\/#primaryimage\",\"url\":\"http:\/\/www.multipat.com.br\/site\/wp-content\/uploads\/2022\/05\/DRA.-CECILIA-SEM-FUNDO--300x300.png\",\"contentUrl\":\"http:\/\/www.multipat.com.br\/site\/wp-content\/uploads\/2022\/05\/DRA.-CECILIA-SEM-FUNDO--300x300.png\"},{\"@type\":\"WebPage\",\"@id\":\"https:\/\/www.multipat.com.br\/site\/equipe-do-laboratorio-multipat\/consultoria\/#webpage\",\"url\":\"https:\/\/www.multipat.com.br\/site\/equipe-do-laboratorio-multipat\/consultoria\/\",\"name\":\"Consultoria - Multipat - Laborat\u00f3rio m\u00e9dico privado que presta diagn\u00f3sticos de Anatomia Patol\u00f3gica, Citopatologia Diagn\u00f3stica e Patologia Molecular em Jardim Guanabara - Campinas.\",\"isPartOf\":{\"@id\":\"http:\/\/www.multipat.com.br\/site\/#website\"},\"primaryImageOfPage\":{\"@id\":\"https:\/\/www.multipat.com.br\/site\/equipe-do-laboratorio-multipat\/consultoria\/#primaryimage\"},\"datePublished\":\"2021-09-23T20:45:23+00:00\",\"dateModified\":\"2022-07-15T12:04:19+00:00\",\"breadcrumb\":{\"@id\":\"https:\/\/www.multipat.com.br\/site\/equipe-do-laboratorio-multipat\/consultoria\/#breadcrumb\"},\"inLanguage\":\"pt-BR\",\"potentialAction\":[{\"@type\":\"ReadAction\",\"target\":[\"https:\/\/www.multipat.com.br\/site\/equipe-do-laboratorio-multipat\/consultoria\/\"]}]},{\"@type\":\"BreadcrumbList\",\"@id\":\"https:\/\/www.multipat.com.br\/site\/equipe-do-laboratorio-multipat\/consultoria\/#breadcrumb\",\"itemListElement\":[{\"@type\":\"ListItem\",\"position\":1,\"name\":\"In\u00edcio\",\"item\":\"http:\/\/www.multipat.com.br\/site\/\"},{\"@type\":\"ListItem\",\"position\":2,\"name\":\"Equipe M\u00e9dica\",\"item\":\"https:\/\/www.multipat.com.br\/site\/equipe-do-laboratorio-multipat\/\"},{\"@type\":\"ListItem\",\"position\":3,\"name\":\"Consultoria\"}]}]}<\/script>\r\n<!-- \/ Yoast SEO plugin. -->","yoast_head_json":{"title":"Consultoria - Multipat - Laborat\u00f3rio m\u00e9dico privado que presta diagn\u00f3sticos de Anatomia Patol\u00f3gica, Citopatologia Diagn\u00f3stica e Patologia Molecular em Jardim Guanabara - Campinas.","robots":{"index":"index","follow":"follow","max-snippet":"max-snippet:-1","max-image-preview":"max-image-preview:large","max-video-preview":"max-video-preview:-1"},"canonical":"https:\/\/www.multipat.com.br\/site\/equipe-do-laboratorio-multipat\/consultoria\/","og_locale":"pt_BR","og_type":"article","og_title":"Consultoria - Multipat - Laborat\u00f3rio m\u00e9dico privado que presta diagn\u00f3sticos de Anatomia Patol\u00f3gica, Citopatologia Diagn\u00f3stica e Patologia Molecular em Jardim Guanabara - Campinas.","og_description":"Dra. Miriam Aparecida Da Silva Trevisan M\u00e9dica pela Universidade Estadual de Campinas - UNICAMP (1972); Especialista em Patologia pela UNICAMP (1974) e pela Sociedade Brasileira de Patologia (1975); Doutora pela UNICAMP (1983); Professora Livre-Docente pela UNICAMP (1995); Especialista nas \u00e1reas de Gastropatologia e Citopatologia. Professora Livre Docente aposentada. RQE\/SP: 101322 \u2013 CRM\/SP: 18810 &nbsp; Dr. [&hellip;]","og_url":"https:\/\/www.multipat.com.br\/site\/equipe-do-laboratorio-multipat\/consultoria\/","og_site_name":"Multipat - Laborat\u00f3rio m\u00e9dico privado que presta diagn\u00f3sticos de Anatomia Patol\u00f3gica, Citopatologia Diagn\u00f3stica e Patologia Molecular em Jardim Guanabara - Campinas.","article_modified_time":"2022-07-15T12:04:19+00:00","og_image":[{"url":"http:\/\/www.multipat.com.br\/site\/wp-content\/uploads\/2022\/05\/DRA.-CECILIA-SEM-FUNDO--300x300.png"}],"author":"Desenvolvedor Projeto Web","twitter_card":"summary_large_image","twitter_misc":{"Est. tempo de leitura":"3 minutos"},"schema":{"@context":"https:\/\/schema.org","@graph":[{"@type":"WebSite","@id":"http:\/\/www.multipat.com.br\/site\/#website","url":"http:\/\/www.multipat.com.br\/site\/","name":"Multipat - Laborat\u00f3rio m\u00e9dico privado que presta diagn\u00f3sticos de Anatomia Patol\u00f3gica, Citopatologia Diagn\u00f3stica e Patologia Molecular em Jardim Guanabara - Campinas.","description":"Multipat - Laborat\u00f3rio m\u00e9dico privado que presta diagn\u00f3sticos de Anatomia Patol\u00f3gica, Citopatologia Diagn\u00f3stica e Patologia Molecular em Jardim Guanabara - Campinas.","potentialAction":[{"@type":"SearchAction","target":{"@type":"EntryPoint","urlTemplate":"http:\/\/www.multipat.com.br\/site\/?s={search_term_string}"},"query-input":"required name=search_term_string"}],"inLanguage":"pt-BR"},{"@type":"ImageObject","inLanguage":"pt-BR","@id":"https:\/\/www.multipat.com.br\/site\/equipe-do-laboratorio-multipat\/consultoria\/#primaryimage","url":"http:\/\/www.multipat.com.br\/site\/wp-content\/uploads\/2022\/05\/DRA.-CECILIA-SEM-FUNDO--300x300.png","contentUrl":"http:\/\/www.multipat.com.br\/site\/wp-content\/uploads\/2022\/05\/DRA.-CECILIA-SEM-FUNDO--300x300.png"},{"@type":"WebPage","@id":"https:\/\/www.multipat.com.br\/site\/equipe-do-laboratorio-multipat\/consultoria\/#webpage","url":"https:\/\/www.multipat.com.br\/site\/equipe-do-laboratorio-multipat\/consultoria\/","name":"Consultoria - Multipat - Laborat\u00f3rio m\u00e9dico privado que presta diagn\u00f3sticos de Anatomia Patol\u00f3gica, Citopatologia Diagn\u00f3stica e Patologia Molecular em Jardim Guanabara - Campinas.","isPartOf":{"@id":"http:\/\/www.multipat.com.br\/site\/#website"},"primaryImageOfPage":{"@id":"https:\/\/www.multipat.com.br\/site\/equipe-do-laboratorio-multipat\/consultoria\/#primaryimage"},"datePublished":"2021-09-23T20:45:23+00:00","dateModified":"2022-07-15T12:04:19+00:00","breadcrumb":{"@id":"https:\/\/www.multipat.com.br\/site\/equipe-do-laboratorio-multipat\/consultoria\/#breadcrumb"},"inLanguage":"pt-BR","potentialAction":[{"@type":"ReadAction","target":["https:\/\/www.multipat.com.br\/site\/equipe-do-laboratorio-multipat\/consultoria\/"]}]},{"@type":"BreadcrumbList","@id":"https:\/\/www.multipat.com.br\/site\/equipe-do-laboratorio-multipat\/consultoria\/#breadcrumb","itemListElement":[{"@type":"ListItem","position":1,"name":"In\u00edcio","item":"http:\/\/www.multipat.com.br\/site\/"},{"@type":"ListItem","position":2,"name":"Equipe M\u00e9dica","item":"https:\/\/www.multipat.com.br\/site\/equipe-do-laboratorio-multipat\/"},{"@type":"ListItem","position":3,"name":"Consultoria"}]}]}},"_links":{"self":[{"href":"https:\/\/www.multipat.com.br\/site\/wp-json\/wp\/v2\/pages\/1042"}],"collection":[{"href":"https:\/\/www.multipat.com.br\/site\/wp-json\/wp\/v2\/pages"}],"about":[{"href":"https:\/\/www.multipat.com.br\/site\/wp-json\/wp\/v2\/types\/page"}],"author":[{"embeddable":true,"href":"https:\/\/www.multipat.com.br\/site\/wp-json\/wp\/v2\/users\/5"}],"replies":[{"embeddable":true,"href":"https:\/\/www.multipat.com.br\/site\/wp-json\/wp\/v2\/comments?post=1042"}],"version-history":[{"count":28,"href":"https:\/\/www.multipat.com.br\/site\/wp-json\/wp\/v2\/pages\/1042\/revisions"}],"predecessor-version":[{"id":1661,"href":"https:\/\/www.multipat.com.br\/site\/wp-json\/wp\/v2\/pages\/1042\/revisions\/1661"}],"up":[{"embeddable":true,"href":"https:\/\/www.multipat.com.br\/site\/wp-json\/wp\/v2\/pages\/99"}],"wp:attachment":[{"href":"https:\/\/www.multipat.com.br\/site\/wp-json\/wp\/v2\/media?parent=1042"}],"curies":[{"name":"wp","href":"https:\/\/api.w.org\/{rel}","templated":true}]}}