{"id":1001,"date":"2021-09-17T14:46:32","date_gmt":"2021-09-17T14:46:32","guid":{"rendered":"https:\/\/xn--criar-site-criao-sites-r4b9g.com.br\/provas-wp\/multipat\/?page_id=1001"},"modified":"2023-02-16T12:01:10","modified_gmt":"2023-02-16T12:01:10","slug":"equipe-medica-dra-leticia-goulart-campos","status":"publish","type":"page","link":"https:\/\/www.multipat.com.br\/site\/equipe-do-laboratorio-multipat\/equipe-medica-dra-leticia-goulart-campos\/","title":{"rendered":"Dra. Let\u00edcia Goulart Campos"},"content":{"rendered":"<div id=\"pl-1001\"  class=\"panel-layout\" ><div id=\"pg-1001-0\"  class=\"panel-grid panel-has-style\" ><div class=\"conteudo-medicos panel-row-style panel-row-style-for-1001-0\" ><div id=\"pgc-1001-0-0\"  class=\"panel-grid-cell\" ><div id=\"panel-1001-0-0-0\" class=\"so-panel widget widget_media_image panel-first-child\" data-index=\"0\" ><img loading=\"lazy\" decoding=\"async\" width=\"300\" height=\"300\" src=\"https:\/\/www.multipat.com.br\/site\/wp-content\/uploads\/2022\/04\/DRA.LETICIA-SEM-FUNDO-300x300.png\" class=\"image wp-image-1489  attachment-medium size-medium\" alt=\"\" style=\"max-width: 100%; height: auto;\" srcset=\"https:\/\/www.multipat.com.br\/site\/wp-content\/uploads\/2022\/04\/DRA.LETICIA-SEM-FUNDO-300x300.png 300w, https:\/\/www.multipat.com.br\/site\/wp-content\/uploads\/2022\/04\/DRA.LETICIA-SEM-FUNDO-1024x1024.png 1024w, https:\/\/www.multipat.com.br\/site\/wp-content\/uploads\/2022\/04\/DRA.LETICIA-SEM-FUNDO-150x150.png 150w, https:\/\/www.multipat.com.br\/site\/wp-content\/uploads\/2022\/04\/DRA.LETICIA-SEM-FUNDO-768x768.png 768w, https:\/\/www.multipat.com.br\/site\/wp-content\/uploads\/2022\/04\/DRA.LETICIA-SEM-FUNDO.png 1080w\" sizes=\"(max-width: 300px) 100vw, 300px\" \/><\/div><div id=\"panel-1001-0-0-1\" class=\"so-panel widget widget_sow-editor\" data-index=\"1\" ><div\n\t\t\t\n\t\t\tclass=\"so-widget-sow-editor so-widget-sow-editor-base\"\n\t\t\t\n\t\t><h3 class=\"widget-title\">Dra. Let\u00edcia Goulart Campos <\/h3>\n<div class=\"siteorigin-widget-tinymce textwidget\">\n\t<p>Possui gradua\u00e7\u00e3o em Medicina pela Faculdade Brasileira UNIVIX (Vit\u00f3ria\/ES em 2015) e Resid\u00eancia M\u00e9dica em Anatomia Patol\u00f3gica pelo Hospital Universit\u00e1rio Cassiano Ant\u00f4nio de Moraes (HUCAM \u2013 Vit\u00f3ria\/ES em 2019). Cursou o programa de P\u00f3s-Gradua\u00e7\u00e3o Lato Sensu em Oncologia, Fellow em Patologia Oncol\u00f3gica na Funda\u00e7\u00e3o Pio XII \u2013 Hospital do C\u00e2ncer de Barretos (Barretos\/SP em 2020). Realizou est\u00e1gio relacionados \u00e0 \u00e1rea de Patologia Geral no Instituto Nacional de C\u00e2ncer, INCA (Rio de Janeiro\/RJ em 2018). Atualmente realiza forma\u00e7\u00e3o em Patologia \u00d3ssea  e de Tecidos Moles na Rede D\u2019Or, SP (2021). <code><strong>RQE\/SP: 84648 - CRM\/SP: 201915<\/strong><\/code><\/p>\n<\/div>\n<\/div><\/div><div id=\"panel-1001-0-0-2\" class=\"so-panel widget widget_sow-editor panel-last-child\" data-index=\"2\" ><div\n\t\t\t\n\t\t\tclass=\"so-widget-sow-editor so-widget-sow-editor-base\"\n\t\t\t\n\t\t>\n<div class=\"siteorigin-widget-tinymce textwidget\">\n\t<p style=\"text-align: center;\">Curriculum Lattes,\u00a0<a href=\"http:\/\/lattes.cnpq.br\/8794092226095890\">clique aqui<\/a><\/p>\n<\/div>\n<\/div><\/div><\/div><\/div><\/div><\/div>","protected":false},"excerpt":{"rendered":"<p>Possui gradua\u00e7\u00e3o em Medicina pela Faculdade Brasileira UNIVIX (Vit\u00f3ria\/ES em 2015) e Resid\u00eancia M\u00e9dica em Anatomia Patol\u00f3gica pelo Hospital Universit\u00e1rio Cassiano Ant\u00f4nio de Moraes (HUCAM \u2013 Vit\u00f3ria\/ES em 2019). Cursou o programa de P\u00f3s-Gradua\u00e7\u00e3o Lato Sensu em Oncologia, Fellow em Patologia Oncol\u00f3gica na Funda\u00e7\u00e3o Pio XII \u2013 Hospital do C\u00e2ncer de Barretos (Barretos\/SP em 2020). [&hellip;]<\/p>\n","protected":false},"author":5,"featured_media":0,"parent":99,"menu_order":0,"comment_status":"closed","ping_status":"closed","template":"","meta":{"footnotes":""},"acf":[],"yoast_head":"<!-- This site is optimized with the Yoast SEO plugin v19.2 - https:\/\/yoast.com\/wordpress\/plugins\/seo\/ -->\r\n<title>Dra. Let\u00edcia Goulart Campos - Multipat - Laborat\u00f3rio m\u00e9dico privado que presta diagn\u00f3sticos de Anatomia Patol\u00f3gica, Citopatologia Diagn\u00f3stica e Patologia Molecular em Jardim Guanabara - Campinas.<\/title>\r\n<meta name=\"robots\" content=\"index, follow, max-snippet:-1, max-image-preview:large, max-video-preview:-1\" \/>\r\n<link rel=\"canonical\" href=\"https:\/\/www.multipat.com.br\/site\/equipe-do-laboratorio-multipat\/equipe-medica-dra-leticia-goulart-campos\/\" \/>\r\n<meta property=\"og:locale\" content=\"pt_BR\" \/>\r\n<meta property=\"og:type\" content=\"article\" \/>\r\n<meta property=\"og:title\" content=\"Dra. Let\u00edcia Goulart Campos - Multipat - Laborat\u00f3rio m\u00e9dico privado que presta diagn\u00f3sticos de Anatomia Patol\u00f3gica, Citopatologia Diagn\u00f3stica e Patologia Molecular em Jardim Guanabara - Campinas.\" \/>\r\n<meta property=\"og:description\" content=\"Possui gradua\u00e7\u00e3o em Medicina pela Faculdade Brasileira UNIVIX (Vit\u00f3ria\/ES em 2015) e Resid\u00eancia M\u00e9dica em Anatomia Patol\u00f3gica pelo Hospital Universit\u00e1rio Cassiano Ant\u00f4nio de Moraes (HUCAM \u2013 Vit\u00f3ria\/ES em 2019). Cursou o programa de P\u00f3s-Gradua\u00e7\u00e3o Lato Sensu em Oncologia, Fellow em Patologia Oncol\u00f3gica na Funda\u00e7\u00e3o Pio XII \u2013 Hospital do C\u00e2ncer de Barretos (Barretos\/SP em 2020). [&hellip;]\" \/>\r\n<meta property=\"og:url\" content=\"https:\/\/www.multipat.com.br\/site\/equipe-do-laboratorio-multipat\/equipe-medica-dra-leticia-goulart-campos\/\" \/>\r\n<meta property=\"og:site_name\" content=\"Multipat - Laborat\u00f3rio m\u00e9dico privado que presta diagn\u00f3sticos de Anatomia Patol\u00f3gica, Citopatologia Diagn\u00f3stica e Patologia Molecular em Jardim Guanabara - Campinas.\" \/>\r\n<meta property=\"article:modified_time\" content=\"2023-02-16T12:01:10+00:00\" \/>\r\n<meta name=\"author\" content=\"Desenvolvedor Projeto Web\" \/>\r\n<meta name=\"twitter:card\" content=\"summary_large_image\" \/>\r\n<meta name=\"twitter:label1\" content=\"Est. tempo de leitura\" \/>\n\t<meta name=\"twitter:data1\" content=\"1 minuto\" \/>\r\n<script type=\"application\/ld+json\" class=\"yoast-schema-graph\">{\"@context\":\"https:\/\/schema.org\",\"@graph\":[{\"@type\":\"WebSite\",\"@id\":\"http:\/\/www.multipat.com.br\/site\/#website\",\"url\":\"http:\/\/www.multipat.com.br\/site\/\",\"name\":\"Multipat - Laborat\u00f3rio m\u00e9dico privado que presta diagn\u00f3sticos de Anatomia Patol\u00f3gica, Citopatologia Diagn\u00f3stica e Patologia Molecular em Jardim Guanabara - Campinas.\",\"description\":\"Multipat - Laborat\u00f3rio m\u00e9dico privado que presta diagn\u00f3sticos de Anatomia Patol\u00f3gica, Citopatologia Diagn\u00f3stica e Patologia Molecular em Jardim Guanabara - Campinas.\",\"potentialAction\":[{\"@type\":\"SearchAction\",\"target\":{\"@type\":\"EntryPoint\",\"urlTemplate\":\"http:\/\/www.multipat.com.br\/site\/?s={search_term_string}\"},\"query-input\":\"required name=search_term_string\"}],\"inLanguage\":\"pt-BR\"},{\"@type\":\"WebPage\",\"@id\":\"https:\/\/www.multipat.com.br\/site\/equipe-do-laboratorio-multipat\/equipe-medica-dra-leticia-goulart-campos\/#webpage\",\"url\":\"https:\/\/www.multipat.com.br\/site\/equipe-do-laboratorio-multipat\/equipe-medica-dra-leticia-goulart-campos\/\",\"name\":\"Dra. Let\u00edcia Goulart Campos - Multipat - Laborat\u00f3rio m\u00e9dico privado que presta diagn\u00f3sticos de Anatomia Patol\u00f3gica, Citopatologia Diagn\u00f3stica e Patologia Molecular em Jardim Guanabara - Campinas.\",\"isPartOf\":{\"@id\":\"http:\/\/www.multipat.com.br\/site\/#website\"},\"datePublished\":\"2021-09-17T14:46:32+00:00\",\"dateModified\":\"2023-02-16T12:01:10+00:00\",\"breadcrumb\":{\"@id\":\"https:\/\/www.multipat.com.br\/site\/equipe-do-laboratorio-multipat\/equipe-medica-dra-leticia-goulart-campos\/#breadcrumb\"},\"inLanguage\":\"pt-BR\",\"potentialAction\":[{\"@type\":\"ReadAction\",\"target\":[\"https:\/\/www.multipat.com.br\/site\/equipe-do-laboratorio-multipat\/equipe-medica-dra-leticia-goulart-campos\/\"]}]},{\"@type\":\"BreadcrumbList\",\"@id\":\"https:\/\/www.multipat.com.br\/site\/equipe-do-laboratorio-multipat\/equipe-medica-dra-leticia-goulart-campos\/#breadcrumb\",\"itemListElement\":[{\"@type\":\"ListItem\",\"position\":1,\"name\":\"In\u00edcio\",\"item\":\"http:\/\/www.multipat.com.br\/site\/\"},{\"@type\":\"ListItem\",\"position\":2,\"name\":\"Equipe M\u00e9dica\",\"item\":\"https:\/\/www.multipat.com.br\/site\/equipe-do-laboratorio-multipat\/\"},{\"@type\":\"ListItem\",\"position\":3,\"name\":\"Dra. Let\u00edcia Goulart Campos\"}]}]}<\/script>\r\n<!-- \/ Yoast SEO plugin. -->","yoast_head_json":{"title":"Dra. Let\u00edcia Goulart Campos - Multipat - Laborat\u00f3rio m\u00e9dico privado que presta diagn\u00f3sticos de Anatomia Patol\u00f3gica, Citopatologia Diagn\u00f3stica e Patologia Molecular em Jardim Guanabara - Campinas.","robots":{"index":"index","follow":"follow","max-snippet":"max-snippet:-1","max-image-preview":"max-image-preview:large","max-video-preview":"max-video-preview:-1"},"canonical":"https:\/\/www.multipat.com.br\/site\/equipe-do-laboratorio-multipat\/equipe-medica-dra-leticia-goulart-campos\/","og_locale":"pt_BR","og_type":"article","og_title":"Dra. Let\u00edcia Goulart Campos - Multipat - Laborat\u00f3rio m\u00e9dico privado que presta diagn\u00f3sticos de Anatomia Patol\u00f3gica, Citopatologia Diagn\u00f3stica e Patologia Molecular em Jardim Guanabara - Campinas.","og_description":"Possui gradua\u00e7\u00e3o em Medicina pela Faculdade Brasileira UNIVIX (Vit\u00f3ria\/ES em 2015) e Resid\u00eancia M\u00e9dica em Anatomia Patol\u00f3gica pelo Hospital Universit\u00e1rio Cassiano Ant\u00f4nio de Moraes (HUCAM \u2013 Vit\u00f3ria\/ES em 2019). Cursou o programa de P\u00f3s-Gradua\u00e7\u00e3o Lato Sensu em Oncologia, Fellow em Patologia Oncol\u00f3gica na Funda\u00e7\u00e3o Pio XII \u2013 Hospital do C\u00e2ncer de Barretos (Barretos\/SP em 2020). [&hellip;]","og_url":"https:\/\/www.multipat.com.br\/site\/equipe-do-laboratorio-multipat\/equipe-medica-dra-leticia-goulart-campos\/","og_site_name":"Multipat - Laborat\u00f3rio m\u00e9dico privado que presta diagn\u00f3sticos de Anatomia Patol\u00f3gica, Citopatologia Diagn\u00f3stica e Patologia Molecular em Jardim Guanabara - Campinas.","article_modified_time":"2023-02-16T12:01:10+00:00","author":"Desenvolvedor Projeto Web","twitter_card":"summary_large_image","twitter_misc":{"Est. tempo de leitura":"1 minuto"},"schema":{"@context":"https:\/\/schema.org","@graph":[{"@type":"WebSite","@id":"http:\/\/www.multipat.com.br\/site\/#website","url":"http:\/\/www.multipat.com.br\/site\/","name":"Multipat - Laborat\u00f3rio m\u00e9dico privado que presta diagn\u00f3sticos de Anatomia Patol\u00f3gica, Citopatologia Diagn\u00f3stica e Patologia Molecular em Jardim Guanabara - Campinas.","description":"Multipat - Laborat\u00f3rio m\u00e9dico privado que presta diagn\u00f3sticos de Anatomia Patol\u00f3gica, Citopatologia Diagn\u00f3stica e Patologia Molecular em Jardim Guanabara - Campinas.","potentialAction":[{"@type":"SearchAction","target":{"@type":"EntryPoint","urlTemplate":"http:\/\/www.multipat.com.br\/site\/?s={search_term_string}"},"query-input":"required name=search_term_string"}],"inLanguage":"pt-BR"},{"@type":"WebPage","@id":"https:\/\/www.multipat.com.br\/site\/equipe-do-laboratorio-multipat\/equipe-medica-dra-leticia-goulart-campos\/#webpage","url":"https:\/\/www.multipat.com.br\/site\/equipe-do-laboratorio-multipat\/equipe-medica-dra-leticia-goulart-campos\/","name":"Dra. Let\u00edcia Goulart Campos - Multipat - Laborat\u00f3rio m\u00e9dico privado que presta diagn\u00f3sticos de Anatomia Patol\u00f3gica, Citopatologia Diagn\u00f3stica e Patologia Molecular em Jardim Guanabara - Campinas.","isPartOf":{"@id":"http:\/\/www.multipat.com.br\/site\/#website"},"datePublished":"2021-09-17T14:46:32+00:00","dateModified":"2023-02-16T12:01:10+00:00","breadcrumb":{"@id":"https:\/\/www.multipat.com.br\/site\/equipe-do-laboratorio-multipat\/equipe-medica-dra-leticia-goulart-campos\/#breadcrumb"},"inLanguage":"pt-BR","potentialAction":[{"@type":"ReadAction","target":["https:\/\/www.multipat.com.br\/site\/equipe-do-laboratorio-multipat\/equipe-medica-dra-leticia-goulart-campos\/"]}]},{"@type":"BreadcrumbList","@id":"https:\/\/www.multipat.com.br\/site\/equipe-do-laboratorio-multipat\/equipe-medica-dra-leticia-goulart-campos\/#breadcrumb","itemListElement":[{"@type":"ListItem","position":1,"name":"In\u00edcio","item":"http:\/\/www.multipat.com.br\/site\/"},{"@type":"ListItem","position":2,"name":"Equipe M\u00e9dica","item":"https:\/\/www.multipat.com.br\/site\/equipe-do-laboratorio-multipat\/"},{"@type":"ListItem","position":3,"name":"Dra. Let\u00edcia Goulart Campos"}]}]}},"_links":{"self":[{"href":"https:\/\/www.multipat.com.br\/site\/wp-json\/wp\/v2\/pages\/1001"}],"collection":[{"href":"https:\/\/www.multipat.com.br\/site\/wp-json\/wp\/v2\/pages"}],"about":[{"href":"https:\/\/www.multipat.com.br\/site\/wp-json\/wp\/v2\/types\/page"}],"author":[{"embeddable":true,"href":"https:\/\/www.multipat.com.br\/site\/wp-json\/wp\/v2\/users\/5"}],"replies":[{"embeddable":true,"href":"https:\/\/www.multipat.com.br\/site\/wp-json\/wp\/v2\/comments?post=1001"}],"version-history":[{"count":14,"href":"https:\/\/www.multipat.com.br\/site\/wp-json\/wp\/v2\/pages\/1001\/revisions"}],"predecessor-version":[{"id":1732,"href":"https:\/\/www.multipat.com.br\/site\/wp-json\/wp\/v2\/pages\/1001\/revisions\/1732"}],"up":[{"embeddable":true,"href":"https:\/\/www.multipat.com.br\/site\/wp-json\/wp\/v2\/pages\/99"}],"wp:attachment":[{"href":"https:\/\/www.multipat.com.br\/site\/wp-json\/wp\/v2\/media?parent=1001"}],"curies":[{"name":"wp","href":"https:\/\/api.w.org\/{rel}","templated":true}]}}